{"id":11969,"date":"2025-07-18T17:15:01","date_gmt":"2025-07-18T09:15:01","guid":{"rendered":"https:\/\/ulpmat.com\/product\/lanthan-nickel-legierung\/"},"modified":"2025-07-18T17:15:01","modified_gmt":"2025-07-18T09:15:01","slug":"lanthan-nickel-legierung","status":"publish","type":"product","link":"https:\/\/ulpmat.com\/de\/produkt\/lanthan-nickel-legierung\/","title":{"rendered":"Lanthan-Nickel-Legierung"},"content":{"rendered":"<h2><span style=\"font-size: 14pt;\">Lanthan-Nickel-Legierung Sputtertarget \u00dcbersicht<\/span><\/h2>\n<p><strong><span style=\"color: #3366ff;\"><a style=\"color: #3366ff;\" href=\"https:\/\/ulpmat.com\/de\/search\/?type=element&#038;keyword=La%2CNi\">Lanthan-Nickel-Legierung<\/a><\/span><\/strong> sputtertargets sind Schl\u00fcsselmaterialien, die f\u00fcr Hochleistungs-D\u00fcnnschichtabscheidungsprozesse entwickelt wurden. Das Legierungstarget hat einen extrem hohen Reinheitsgrad und eine einheitliche Struktur, die eine stabile und einheitliche D\u00fcnnschichtabscheidung w\u00e4hrend des Sputterprozesses gew\u00e4hrleistet und die Schichtqualit\u00e4t und -leistung verbessert. Aufgrund seiner ausgezeichneten physikalischen und chemischen Eigenschaften findet es breite Anwendung bei der Herstellung hochwertiger elektronischer Ger\u00e4te und Funktionsschichten.<\/p>\n<p>Wir bieten Sputtertargets aus Lanthan-Nickel-Legierung in einer Vielzahl von Spezifikationen und Gr\u00f6\u00dfen an, darunter runde und rechteckige Targets, die den spezifischen Anforderungen der Kunden angepasst werden k\u00f6nnen. Ob es sich um die Dicke, Gr\u00f6\u00dfe oder Form des Materials handelt, wir k\u00f6nnen flexibel darauf eingehen, um die beste Anpassungsf\u00e4higkeit f\u00fcr Kunden in Prozessanwendungen zu gew\u00e4hrleisten. Wir bieten auch einen professionellen Kundendienst und stellen Ihnen jederzeit technische Unterst\u00fctzung und L\u00f6sungen zur Verf\u00fcgung.<\/p>\n<h2><span style=\"font-size: 14pt;\">Produkt-Highlights<\/span><\/h2>\n<p>Reinheit 99,5%<br \/>\nDesign mit hoher Dichte, um eine gleichm\u00e4\u00dfige und stabile Schichtabscheidung zu gew\u00e4hrleisten<br \/>\nUnterst\u00fctzung der Anpassung verschiedener Gr\u00f6\u00dfen und Formen an unterschiedliche Prozessanforderungen<br \/>\nAnpassbare Verpackung<\/p>\n<h2><span style=\"font-size: 14pt;\">Anwendungen von Sputtertargets aus Lanthan-Nickel-Legierung<\/span><\/h2>\n<p>Halbleiterindustrie: Abscheidung von Funktionsschichten zur Optimierung der Ger\u00e4teleistung<br \/>\nMagnetische Materialien: Herstellung von magnetischen Hochleistungsschichten f\u00fcr Speicherger\u00e4te<br \/>\nEnergiespeicher: f\u00fcr die Herstellung von Energiespeicherschichten, z. B. f\u00fcr Lithiumbatterien zur Verbesserung der Elektrodenleistung<br \/>\nFunktionelle Beschichtungen: f\u00fcr Sensoren, Katalysatoren und andere hochwertige D\u00fcnnschichtmaterialien<\/p>\n<h2><span style=\"font-size: 14pt;\">Berichte<\/span><\/h2>\n<p>Wir stellen detaillierte Analysezertifikate (COA), Sicherheitsdatenbl\u00e4tter (MSDS) und zugeh\u00f6rige Pr\u00fcfberichte f\u00fcr jede Charge von Lanthan-Nickel-Legierungs-Sputter-Targets zur Verf\u00fcgung und unterst\u00fctzen ma\u00dfgebliche Pr\u00fcfungen durch Dritte, um eine stabile Produktqualit\u00e4t und hervorragende Leistung zu gew\u00e4hrleisten.<\/p>\n<p>Warum sollten Sie uns w\u00e4hlen?<\/p>\n<p>Als zuverl\u00e4ssiger Lieferant von hochwertigen Lanthan-Nickel-Legierungen (LaNi5) bieten wir eine hervorragende Wasserstoffspeicherleistung, eine stabile Zusammensetzung, eine gleichbleibende Qualit\u00e4t und eine zuverl\u00e4ssige Lieferung, unterst\u00fctzt durch professionellen technischen Support, um sowohl Forschungs- als auch industrielle Energieanwendungen zu erf\u00fcllen.<\/p>\n","protected":false},"excerpt":{"rendered":"<p>Lanthan-Nickel-Legierung Sputtertarget \u00dcbersicht Lanthan-Nickel-Legierung sputtertargets sind Schl\u00fcsselmaterialien, die f\u00fcr Hochleistungs-D\u00fcnnschichtabscheidungsprozesse entwickelt wurden. Das Legierungstarget hat einen extrem hohen Reinheitsgrad und eine einheitliche Struktur, die eine stabile und einheitliche D\u00fcnnschichtabscheidung w\u00e4hrend des Sputterprozesses gew\u00e4hrleistet und die Schichtqualit\u00e4t und -leistung verbessert. Aufgrund seiner ausgezeichneten physikalischen und chemischen Eigenschaften findet es breite Anwendung bei der Herstellung hochwertiger elektronischer [&hellip;]<\/p>\n","protected":false},"featured_media":6915,"template":"","meta":{"_acf_changed":false},"product_brand":[132],"product_cat":[562],"product_tag":[441],"class_list":{"0":"post-11969","1":"product","2":"type-product","3":"status-publish","4":"has-post-thumbnail","6":"product_brand-ulpmat","7":"product_cat-legierung-sputtering-target","8":"product_tag-materialien-der-seltenen-erden","10":"first","11":"instock","12":"shipping-taxable","13":"product-type-variable"},"acf":[],"_links":{"self":[{"href":"https:\/\/ulpmat.com\/de\/wp-json\/wp\/v2\/product\/11969","targetHints":{"allow":["GET"]}}],"collection":[{"href":"https:\/\/ulpmat.com\/de\/wp-json\/wp\/v2\/product"}],"about":[{"href":"https:\/\/ulpmat.com\/de\/wp-json\/wp\/v2\/types\/product"}],"wp:featuredmedia":[{"embeddable":true,"href":"https:\/\/ulpmat.com\/de\/wp-json\/wp\/v2\/media\/6915"}],"wp:attachment":[{"href":"https:\/\/ulpmat.com\/de\/wp-json\/wp\/v2\/media?parent=11969"}],"wp:term":[{"taxonomy":"product_brand","embeddable":true,"href":"https:\/\/ulpmat.com\/de\/wp-json\/wp\/v2\/product_brand?post=11969"},{"taxonomy":"product_cat","embeddable":true,"href":"https:\/\/ulpmat.com\/de\/wp-json\/wp\/v2\/product_cat?post=11969"},{"taxonomy":"product_tag","embeddable":true,"href":"https:\/\/ulpmat.com\/de\/wp-json\/wp\/v2\/product_tag?post=11969"}],"curies":[{"name":"wp","href":"https:\/\/api.w.org\/{rel}","templated":true}]}}