{"id":11931,"date":"2025-07-18T17:15:01","date_gmt":"2025-07-18T09:15:01","guid":{"rendered":"https:\/\/ulpmat.com\/product\/lanthan-strontium-eisen-oxid\/"},"modified":"2025-07-18T17:15:01","modified_gmt":"2025-07-18T09:15:01","slug":"lanthan-strontium-eisen-oxid","status":"publish","type":"product","link":"https:\/\/ulpmat.com\/de\/produkt\/lanthan-strontium-eisen-oxid\/","title":{"rendered":"Lanthan-Strontium-Eisen-Oxid"},"content":{"rendered":"<h2><span style=\"font-size: 14pt;\">Lanthan-Strontium-Eisen-Oxid-Pulver \u00dcbersicht<\/span><\/h2>\n<p>Lanthan-Strontium-Eisenoxid-Pulver ist ein hochleistungsf\u00e4higes Funktionsmaterial, das in der Elektronikkeramik und im Energiesektor weit verbreitet ist. Aufgrund seiner hervorragenden chemischen Stabilit\u00e4t und elektromagnetischen Eigenschaften spielt es eine wichtige Rolle in Festoxid-Brennstoffzellen (SOFC), magnetischen Materialien und Katalysatoren.<\/p>\n<p>Wir liefern Lanthan-Strontium-Eisenoxid-Pulver mit einer Reinheit von bis zu 99,9 %, um die Einheitlichkeit und Stabilit\u00e4t des Materials zu gew\u00e4hrleisten. Die Pulverpartikel sind fein und haben gute Sintereigenschaften, die sich f\u00fcr eine Vielzahl von Hochleistungskeramiken und Filmherstellungsprozessen eignen. Unterschiedliche Mischungsverh\u00e4ltnisse und Partikelgr\u00f6\u00dfen k\u00f6nnen je nach Kundenwunsch angepasst werden, um verschiedene Anwendungen zu erf\u00fcllen.<\/p>\n<h2><span style=\"font-size: 14pt;\">Produkt-Highlights<\/span><\/h2>\n<p>Hochreines Lanthan-Strontium-Eisen-Oxid: 99,9<br \/>\nGleichm\u00e4\u00dfige Partikelgr\u00f6\u00dfe, hervorragende Sinterleistung<br \/>\nIndividuell anpassbares chemisches Verh\u00e4ltnis zur Erf\u00fcllung unterschiedlicher Prozessanforderungen<br \/>\nAusgezeichnete thermische Stabilit\u00e4t und elektromagnetische Eigenschaften<br \/>\nAnpassbare Verpackung<\/p>\n<h2><span style=\"font-size: 14pt;\">Anwendungen von Lanthan-Strontium-Eisen-Oxid-Pulver<\/span><\/h2>\n<p>Festoxid-Brennstoffzellen (SOFC): werden als Elektrodenmaterialien verwendet und bieten eine hervorragende elektronische und ionische Leitf\u00e4higkeit.<br \/>\nMagnetische Materialien: zeigen eine gute magnetische Reaktion in magnetischen Ger\u00e4ten.<br \/>\nKatalysatoren: geeignet f\u00fcr Oxidationsreaktionen und Umweltmanagement.<br \/>\nElektronikkeramik: zur Herstellung von Sensoren und funktionellen keramischen Ger\u00e4ten.<\/p>\n<h2><span style=\"font-size: 14pt;\">Berichte<\/span><\/h2>\n<p>Wir stellen Analysezertifikate (COA), Sicherheitsdatenbl\u00e4tter (MSDS) und andere relevante Berichte f\u00fcr jede Lieferung zur Verf\u00fcgung. Dar\u00fcber hinaus unterst\u00fctzen wir auch Pr\u00fcfungen durch Dritte f\u00fcr eine verbesserte Qualit\u00e4tssicherung.<\/p>\n<h2><span style=\"font-size: 14pt;\">Warum sollten Sie uns w\u00e4hlen?<\/span><\/h2>\n<p>Als zuverl\u00e4ssiger <strong data-start=\"89\" data-end=\"163\">Hersteller und Lieferant von Lanthan-Strontium-Eisenoxid (LSFO)-Pulver<\/strong> liefern wir hochreine, phasenkonsistente Materialien, die sich ideal f\u00fcr Festoxid-Brennstoffzellen, Katalysatoren und elektronische Anwendungen eignen. Unsere strenge Qualit\u00e4tskontrolle gew\u00e4hrleistet eine stabile Zusammensetzung, feine Partikelgr\u00f6\u00dfe und hervorragende Reproduzierbarkeit. Mit anpassbaren Spezifikationen, wettbewerbsf\u00e4higen Preisen und einem zuverl\u00e4ssigen globalen Liefernetzwerk bieten wir die konsistente Leistung und zuverl\u00e4ssige Lieferung, die Ihre Projekte erfordern.<\/p>\n","protected":false},"excerpt":{"rendered":"<p>Lanthan-Strontium-Eisen-Oxid-Pulver \u00dcbersicht Lanthan-Strontium-Eisenoxid-Pulver ist ein hochleistungsf\u00e4higes Funktionsmaterial, das in der Elektronikkeramik und im Energiesektor weit verbreitet ist. Aufgrund seiner hervorragenden chemischen Stabilit\u00e4t und elektromagnetischen Eigenschaften spielt es eine wichtige Rolle in Festoxid-Brennstoffzellen (SOFC), magnetischen Materialien und Katalysatoren. Wir liefern Lanthan-Strontium-Eisenoxid-Pulver mit einer Reinheit von bis zu 99,9 %, um die Einheitlichkeit und Stabilit\u00e4t des Materials [&hellip;]<\/p>\n","protected":false},"featured_media":5625,"template":"","meta":{"_acf_changed":false},"product_brand":[132],"product_cat":[925,926,319],"product_tag":[441],"class_list":{"0":"post-11931","1":"product","2":"type-product","3":"status-publish","4":"has-post-thumbnail","6":"product_brand-ulpmat","7":"product_cat-batterie-dotierstoffe","8":"product_cat-batterie-materialien","9":"product_cat-materialien-der-seltenen-erden","10":"product_tag-materialien-der-seltenen-erden","12":"first","13":"instock","14":"shipping-taxable","15":"product-type-variable"},"acf":[],"_links":{"self":[{"href":"https:\/\/ulpmat.com\/de\/wp-json\/wp\/v2\/product\/11931","targetHints":{"allow":["GET"]}}],"collection":[{"href":"https:\/\/ulpmat.com\/de\/wp-json\/wp\/v2\/product"}],"about":[{"href":"https:\/\/ulpmat.com\/de\/wp-json\/wp\/v2\/types\/product"}],"wp:featuredmedia":[{"embeddable":true,"href":"https:\/\/ulpmat.com\/de\/wp-json\/wp\/v2\/media\/5625"}],"wp:attachment":[{"href":"https:\/\/ulpmat.com\/de\/wp-json\/wp\/v2\/media?parent=11931"}],"wp:term":[{"taxonomy":"product_brand","embeddable":true,"href":"https:\/\/ulpmat.com\/de\/wp-json\/wp\/v2\/product_brand?post=11931"},{"taxonomy":"product_cat","embeddable":true,"href":"https:\/\/ulpmat.com\/de\/wp-json\/wp\/v2\/product_cat?post=11931"},{"taxonomy":"product_tag","embeddable":true,"href":"https:\/\/ulpmat.com\/de\/wp-json\/wp\/v2\/product_tag?post=11931"}],"curies":[{"name":"wp","href":"https:\/\/api.w.org\/{rel}","templated":true}]}}