{"id":11892,"date":"2025-07-18T17:15:02","date_gmt":"2025-07-18T09:15:02","guid":{"rendered":"https:\/\/ulpmat.com\/product\/ceriumhydroxid\/"},"modified":"2025-07-18T17:15:02","modified_gmt":"2025-07-18T09:15:02","slug":"ceriumhydroxid","status":"publish","type":"product","link":"https:\/\/ulpmat.com\/de\/produkt\/ceriumhydroxid\/","title":{"rendered":"Ceriumhydroxid"},"content":{"rendered":"<h2><span style=\"font-size: 14pt;\">Ceriumhydroxid-Pulver \u00dcbersicht<\/span><\/h2>\n<p><strong><span style=\"color: #3366ff;\"><a style=\"color: #3366ff;\" href=\"https:\/\/ulpmat.com\/de\/search\/?type=formula&#038;keyword=CE%28OH%29\">Ceriumhydroxid<\/a><\/span><\/strong> pulver ist ein hochreines, hochreaktives funktionelles anorganisches Material, das f\u00fcr High-End-Anwendungen wie elektronische Materialien, Katalysatoren und Energiespeicher entwickelt wurde. Aufgrund seiner einzigartigen Struktur und hervorragenden Dispergierbarkeit eignet es sich f\u00fcr eine Vielzahl von Spitzentechnologien, insbesondere f\u00fcr die Herstellung von Hochleistungs-Ceriumoxid, katalytischen Reaktionstr\u00e4gern und neuen Energiespeichermaterialien.<\/p>\n<p>Wir bieten Ceriumhydroxid-Pulver mit unterschiedlichen Partikelgr\u00f6\u00dfenverteilungen und Reinheitsgraden an, die je nach Kundenwunsch angepasst werden k\u00f6nnen, um die verschiedenen Anforderungen der Industrie und der wissenschaftlichen Forschung zu erf\u00fcllen. Gleichzeitig bieten wir unseren Kunden eine umfassende technische Unterst\u00fctzung und einen Kundendienst, um sicherzustellen, dass die Leistung des Materials und der Prozess optimal aufeinander abgestimmt sind.<\/p>\n<h2><span style=\"font-size: 14pt;\">Produkt-Highlights<\/span><\/h2>\n<p>Reinheitsbereich: 99,95%<br \/>\nDetaillierte und einheitliche Kontrolle der Partikelgr\u00f6\u00dfe<br \/>\nHohe Dispergierbarkeit, geringe Agglomeration<br \/>\nAnpassbare Verpackung, Partikelgr\u00f6\u00dfe und Parameter<br \/>\nAnwendbar f\u00fcr Katalyse, Redoxmaterialien, Batterieadditive und andere Bereiche<\/p>\n<h2><span style=\"font-size: 14pt;\">Anwendungen von Ceriumhydroxid-Pulver<\/span><\/h2>\n<p>Herstellung von Katalysatoren: Ce(OH)4 ist ein hervorragender Katalysatorvorl\u00e4ufer aus Seltenen Erden, der in Katalysatoren f\u00fcr die Abgasreinigung von Kraftfahrzeugen und f\u00fcr die Behandlung von fl\u00fcchtigen organischen Verbindungen verwendet wird.<br \/>\nEnergiespeichermaterialien: Als Vorl\u00e4ufer von Ceroxid-Materialien in Lithium-Ionen-Batterien und Superkondensatoren verbessert es die Effizienz der Energiespeicherung und die Zyklenstabilit\u00e4t.<br \/>\nVorbereitung von Poliermitteln: Nach der Pyrolyse kann ultrafeines Ceroxid gewonnen werden, das beim CMP-Polieren von hochwertigem Glas und Wafern weit verbreitet ist.<br \/>\nOptische Funktionsmaterialien: Es zeigt gute Leistungen bei der Ultraviolettabsorption, bei Materialien f\u00fcr die Sonnenabschirmung usw.<\/p>\n<h2><span style=\"font-size: 14pt;\">Berichte<\/span><\/h2>\n<p>Wir stellen f\u00fcr jede Charge Ceriumhydroxid-Pulver ein Analysezertifikat (COA), ein Sicherheitsdatenblatt (MSDS) und andere Konformit\u00e4tsberichte zur Verf\u00fcgung. Gleichzeitig unterst\u00fctzen wir die Pr\u00fcfung und Zertifizierung durch Dritte, um sicherzustellen, dass die Materialien den internationalen Industriestandards entsprechen.<\/p>\n","protected":false},"excerpt":{"rendered":"<p>Ceriumhydroxid-Pulver \u00dcbersicht Ceriumhydroxid pulver ist ein hochreines, hochreaktives funktionelles anorganisches Material, das f\u00fcr High-End-Anwendungen wie elektronische Materialien, Katalysatoren und Energiespeicher entwickelt wurde. Aufgrund seiner einzigartigen Struktur und hervorragenden Dispergierbarkeit eignet es sich f\u00fcr eine Vielzahl von Spitzentechnologien, insbesondere f\u00fcr die Herstellung von Hochleistungs-Ceriumoxid, katalytischen Reaktionstr\u00e4gern und neuen Energiespeichermaterialien. Wir bieten Ceriumhydroxid-Pulver mit unterschiedlichen Partikelgr\u00f6\u00dfenverteilungen und [&hellip;]<\/p>\n","protected":false},"featured_media":5643,"template":"","meta":{"_acf_changed":false},"product_brand":[132],"product_cat":[319],"product_tag":[915,441],"class_list":{"0":"post-11892","1":"product","2":"type-product","3":"status-publish","4":"has-post-thumbnail","6":"product_brand-ulpmat","7":"product_cat-materialien-der-seltenen-erden","8":"product_tag-ceriumhydroxid","9":"product_tag-materialien-der-seltenen-erden","11":"first","12":"instock","13":"shipping-taxable","14":"product-type-variable"},"acf":[],"_links":{"self":[{"href":"https:\/\/ulpmat.com\/de\/wp-json\/wp\/v2\/product\/11892","targetHints":{"allow":["GET"]}}],"collection":[{"href":"https:\/\/ulpmat.com\/de\/wp-json\/wp\/v2\/product"}],"about":[{"href":"https:\/\/ulpmat.com\/de\/wp-json\/wp\/v2\/types\/product"}],"wp:featuredmedia":[{"embeddable":true,"href":"https:\/\/ulpmat.com\/de\/wp-json\/wp\/v2\/media\/5643"}],"wp:attachment":[{"href":"https:\/\/ulpmat.com\/de\/wp-json\/wp\/v2\/media?parent=11892"}],"wp:term":[{"taxonomy":"product_brand","embeddable":true,"href":"https:\/\/ulpmat.com\/de\/wp-json\/wp\/v2\/product_brand?post=11892"},{"taxonomy":"product_cat","embeddable":true,"href":"https:\/\/ulpmat.com\/de\/wp-json\/wp\/v2\/product_cat?post=11892"},{"taxonomy":"product_tag","embeddable":true,"href":"https:\/\/ulpmat.com\/de\/wp-json\/wp\/v2\/product_tag?post=11892"}],"curies":[{"name":"wp","href":"https:\/\/api.w.org\/{rel}","templated":true}]}}