{"id":11744,"date":"2025-07-18T17:15:06","date_gmt":"2025-07-18T09:15:06","guid":{"rendered":"https:\/\/ulpmat.com\/product\/cerium-gadolinium-legierung\/"},"modified":"2025-07-18T17:15:06","modified_gmt":"2025-07-18T09:15:06","slug":"cerium-gadolinium-legierung","status":"publish","type":"product","link":"https:\/\/ulpmat.com\/de\/produkt\/cerium-gadolinium-legierung\/","title":{"rendered":"Cerium &#8211; Gadolinium Legierung"},"content":{"rendered":"<h2><span style=\"font-size: 14pt;\">Cerium-Gadolinium-Legierung \u00dcbersicht<\/span><\/h2>\n<p><strong><span style=\"color: #0000ff;\"><a style=\"color: #0000ff;\" href=\"https:\/\/ulpmat.com\/de\/search\/?type=element&#038;keyword=Ce%2CGd\">Cerium-Gadolinium-Legierung (CeGd)<\/a><\/span><\/strong> sputtertargets sind f\u00fcr fortschrittliche D\u00fcnnschichtabscheidungsprozesse konzipiert. Sie haben einen hohen Reinheitsgrad und hervorragende physikalische Eigenschaften, die eine gleichm\u00e4\u00dfige und stabile Schichtbildung bei der Herstellung funktioneller D\u00fcnnschichten gew\u00e4hrleisten. Das Target besteht aus hochreinen Cer- und Gadoliniumlegierungen mit hoher Dichte und guter Kompaktheit, wodurch der Gehalt an Verunreinigungen wirksam reduziert wird und die Anforderungen von Pr\u00e4zisionsoptik, magnetischen und funktionellen Materialien erf\u00fcllt werden.<\/p>\n<p>Wir bieten Sputtertargets aus Cerium-Gadolinium-Legierungen in verschiedenen Formen und Gr\u00f6\u00dfen an, darunter rund und rechteckig, und unterst\u00fctzen die Anpassung an kundenspezifische Anforderungen. Wir verf\u00fcgen \u00fcber einen professionellen technischen Kundendienst, um sicherzustellen, dass Sie w\u00e4hrend des Anwendungsprozesses umfassende Unterst\u00fctzung und L\u00f6sungen erhalten.<\/p>\n<h2><span style=\"font-size: 14pt;\">Produkt-Highlights<\/span><\/h2>\n<p>Reinheit: 99,5%-99,95%<br \/>\nHohe Dichte zur Gew\u00e4hrleistung einer gleichm\u00e4\u00dfigen Schichtabscheidung<br \/>\nDas Legierungsverh\u00e4ltnis kann f\u00fcr verschiedene Prozessanforderungen angepasst werden<br \/>\nVerschiedene Gr\u00f6\u00dfen und Formen sind f\u00fcr eine flexible Anpassung an die Ausr\u00fcstung erh\u00e4ltlich<br \/>\nTarget-Binding-Service kann angeboten werden<br \/>\nAnwendbar f\u00fcr optische D\u00fcnnschichten, magnetische Materialien und elektronische Hochleistungsger\u00e4te<\/p>\n<h2><span style=\"font-size: 14pt;\">Anwendungen von Cerium-Gadolinium-Legierungen<\/span><\/h2>\n<p>Optische D\u00fcnnschichten: Herstellung von hochreflektierenden und funktionellen Beschichtungen f\u00fcr Laser, Linsen und optische Sensoren.<br \/>\nMagnetische Werkstoffe: Cerium-Gadolinium-Legierung wird in magnetischen Speicherger\u00e4ten und spintronischen Ger\u00e4ten verwendet, wobei die magnetischen Eigenschaften von Ce und Gd zur Verbesserung der Leistung genutzt werden.<br \/>\nFunktionelle elektronische Ger\u00e4te: CeGd wird als funktionelles Material f\u00fcr die D\u00fcnnschichtabscheidung verwendet, um die Stabilit\u00e4t und Zuverl\u00e4ssigkeit von Ger\u00e4ten zu verbessern.<br \/>\nNeuer Energiebereich: f\u00fcr die Herstellung funktioneller Schichten in Brennstoffzellen und photovoltaischen Ger\u00e4ten.<\/p>\n<h2><span style=\"font-size: 14pt;\">Berichte<\/span><\/h2>\n<p>Wir stellen f\u00fcr jede Produktcharge ein vollst\u00e4ndiges Analysezertifikat (COA), ein Sicherheitsdatenblatt (MSDS) und entsprechende Qualit\u00e4tspr\u00fcfungsberichte zur Verf\u00fcgung. Gleichzeitig unterst\u00fctzen wir Pr\u00fcfungen durch Dritte, um eine hohe Konsistenz der Produktqualit\u00e4t und -leistung zu gew\u00e4hrleisten.<\/p>\n","protected":false},"excerpt":{"rendered":"<p>Cerium-Gadolinium-Legierung \u00dcbersicht Cerium-Gadolinium-Legierung (CeGd) sputtertargets sind f\u00fcr fortschrittliche D\u00fcnnschichtabscheidungsprozesse konzipiert. Sie haben einen hohen Reinheitsgrad und hervorragende physikalische Eigenschaften, die eine gleichm\u00e4\u00dfige und stabile Schichtbildung bei der Herstellung funktioneller D\u00fcnnschichten gew\u00e4hrleisten. Das Target besteht aus hochreinen Cer- und Gadoliniumlegierungen mit hoher Dichte und guter Kompaktheit, wodurch der Gehalt an Verunreinigungen wirksam reduziert wird und die [&hellip;]<\/p>\n","protected":false},"featured_media":6945,"template":"","meta":{"_acf_changed":false},"product_brand":[132],"product_cat":[562],"product_tag":[441],"class_list":{"0":"post-11744","1":"product","2":"type-product","3":"status-publish","4":"has-post-thumbnail","6":"product_brand-ulpmat","7":"product_cat-legierung-sputtering-target","8":"product_tag-materialien-der-seltenen-erden","10":"first","11":"instock","12":"shipping-taxable","13":"product-type-variable"},"acf":[],"_links":{"self":[{"href":"https:\/\/ulpmat.com\/de\/wp-json\/wp\/v2\/product\/11744","targetHints":{"allow":["GET"]}}],"collection":[{"href":"https:\/\/ulpmat.com\/de\/wp-json\/wp\/v2\/product"}],"about":[{"href":"https:\/\/ulpmat.com\/de\/wp-json\/wp\/v2\/types\/product"}],"wp:featuredmedia":[{"embeddable":true,"href":"https:\/\/ulpmat.com\/de\/wp-json\/wp\/v2\/media\/6945"}],"wp:attachment":[{"href":"https:\/\/ulpmat.com\/de\/wp-json\/wp\/v2\/media?parent=11744"}],"wp:term":[{"taxonomy":"product_brand","embeddable":true,"href":"https:\/\/ulpmat.com\/de\/wp-json\/wp\/v2\/product_brand?post=11744"},{"taxonomy":"product_cat","embeddable":true,"href":"https:\/\/ulpmat.com\/de\/wp-json\/wp\/v2\/product_cat?post=11744"},{"taxonomy":"product_tag","embeddable":true,"href":"https:\/\/ulpmat.com\/de\/wp-json\/wp\/v2\/product_tag?post=11744"}],"curies":[{"name":"wp","href":"https:\/\/api.w.org\/{rel}","templated":true}]}}