{"id":11661,"date":"2025-07-18T17:15:09","date_gmt":"2025-07-18T09:15:09","guid":{"rendered":"https:\/\/ulpmat.com\/product\/cerium-silicid-2\/"},"modified":"2025-07-18T17:15:09","modified_gmt":"2025-07-18T09:15:09","slug":"cerium-silicid-2","status":"publish","type":"product","link":"https:\/\/ulpmat.com\/de\/produkt\/cerium-silicid-2\/","title":{"rendered":"Cerium-Silicid"},"content":{"rendered":"<h2><span style=\"font-size: 14pt;\">Ceriumsilicid \u00dcbersicht<\/span><\/h2>\n<p><strong><span style=\"color: #3366ff;\"><a style=\"color: #3366ff;\" href=\"https:\/\/ulpmat.com\/de\/search\/?type=formula&#038;keyword=cesi2\">Cerium-Silicid<\/a> <\/span><\/strong><span style=\"color: #3366ff;\">(CeSi2)-Granulat<\/span> ist ein hochleistungsf\u00e4higes anorganisches Material, das f\u00fcr die fortgeschrittene Materialforschung und die D\u00fcnnschichtabscheidung entwickelt wurde. Sie weisen eine ausgezeichnete chemische Stabilit\u00e4t, hohe Reinheit und Kompaktheit auf, was zur Verbesserung der Gleichm\u00e4\u00dfigkeit und der funktionellen Leistung der abgeschiedenen Schichten beitr\u00e4gt. Cerium-Silicid-Granulat findet breite Anwendung in Spitzenbereichen wie der Mikroelektronik, thermoelektrischen Materialien und der Oberfl\u00e4chentechnik.<\/p>\n<p>Wir k\u00f6nnen Cerium-Silicid-Granulate mit einer Vielzahl von Partikelgr\u00f6\u00dfenverteilungen anbieten, die entsprechend Ihren spezifischen Prozessanforderungen angepasst werden k\u00f6nnen. Dar\u00fcber hinaus bieten wir eine umfassende Palette von Kundendienstleistungen an. Wenn Sie w\u00e4hrend der Anwendung technische Fragen haben, k\u00f6nnen Sie sich gerne <span style=\"color: #3366ff;\"><a style=\"color: #3366ff;\" href=\"https:\/\/ulpmat.com\/de\/kontakt-us\/\">kontaktieren Sie uns<\/a><\/span>.<\/p>\n<h2><span style=\"font-size: 14pt;\">Produkt-Highlights<\/span><\/h2>\n<p>Hohe Reinheit von CeSi2: 99,9%<br \/>\nPr\u00e4zise Partikelgr\u00f6\u00dfenverteilung: geeignet f\u00fcr verschiedene Technologien zur Abscheidung aus der Gasphase oder von Feststoffen<br \/>\nHohe Stabilit\u00e4t: ausgezeichnete Oxidationsbest\u00e4ndigkeit und thermische Stabilit\u00e4t<br \/>\nAnpassungsf\u00e4higkeit f\u00fcr mehrere Bereiche: elektronische Materialien, funktionelle Membranen, thermoelektrische Ger\u00e4te usw.<br \/>\nKundenspezifische Verpackung<\/p>\n<h2><span style=\"font-size: 14pt;\">Anwendungen von Ceriumsilicid-Granulat<\/span><\/h2>\n<p>Mikroelektronische Ger\u00e4te: Verwendung als Ce-Quellmaterial in Metallsilizid-Kontaktstrukturen zur Verbesserung der Ger\u00e4testabilit\u00e4t<br \/>\nThermoelektrische Materialien: f\u00fcr die thermoelektrische Stromerzeugung bei hohen Temperaturen oder als K\u00fchlelemente, die eine hervorragende thermoelektrische Leistung bieten<br \/>\nOberfl\u00e4chenbeschichtung: Bildung von korrosionsbest\u00e4ndigen und hochtemperaturbest\u00e4ndigen Beschichtungen in der speziellen Oberfl\u00e4chentechnik<br \/>\nForschungsbereich: Verwendung als experimentelle Rohstoffe zur Erforschung der elektrischen und magnetischen Eigenschaften von intermetallischen Seltenerdmetallverbindungen<\/p>\n<h2><span style=\"font-size: 14pt;\">Berichte<\/span><\/h2>\n<p>Wir stellen Analysezertifikate (COA), Sicherheitsdatenbl\u00e4tter (MSDS) und andere relevante Berichte f\u00fcr jede Charge von Waren zur Verf\u00fcgung. Dar\u00fcber hinaus unterst\u00fctzen wir auch Pr\u00fcfungen durch Dritte, um die Qualit\u00e4tssicherung zu verbessern.<\/p>\n<p>Warum sollten Sie uns w\u00e4hlen?<\/p>\n<p>Als zuverl\u00e4ssiger <strong>Lieferant von Ceriumsilicid (CeSi2)<\/strong> bieten wir hochreines Material mit einheitlicher Partikelgr\u00f6\u00dfe, hervorragenden thermischen und elektrischen Eigenschaften und gleichbleibender Qualit\u00e4t. Mit anpassbaren Spezifikationen, strenger Qualit\u00e4tskontrolle und zuverl\u00e4ssiger weltweiter Lieferung bieten wir zuverl\u00e4ssige L\u00f6sungen f\u00fcr fortschrittliche Materialien, Elektronik und Forschungsanwendungen.<\/p>\n","protected":false},"excerpt":{"rendered":"<p>Ceriumsilicid \u00dcbersicht Cerium-Silicid (CeSi2)-Granulat ist ein hochleistungsf\u00e4higes anorganisches Material, das f\u00fcr die fortgeschrittene Materialforschung und die D\u00fcnnschichtabscheidung entwickelt wurde. Sie weisen eine ausgezeichnete chemische Stabilit\u00e4t, hohe Reinheit und Kompaktheit auf, was zur Verbesserung der Gleichm\u00e4\u00dfigkeit und der funktionellen Leistung der abgeschiedenen Schichten beitr\u00e4gt. Cerium-Silicid-Granulat findet breite Anwendung in Spitzenbereichen wie der Mikroelektronik, thermoelektrischen Materialien und [&hellip;]<\/p>\n","protected":false},"featured_media":5703,"template":"","meta":{"_acf_changed":false},"product_brand":[132],"product_cat":[299],"product_tag":[441],"class_list":{"0":"post-11661","1":"product","2":"type-product","3":"status-publish","4":"has-post-thumbnail","6":"product_brand-ulpmat","7":"product_cat-verdampfen-von-materialien","8":"product_tag-materialien-der-seltenen-erden","10":"first","11":"instock","12":"shipping-taxable","13":"product-type-variable"},"acf":[],"_links":{"self":[{"href":"https:\/\/ulpmat.com\/de\/wp-json\/wp\/v2\/product\/11661","targetHints":{"allow":["GET"]}}],"collection":[{"href":"https:\/\/ulpmat.com\/de\/wp-json\/wp\/v2\/product"}],"about":[{"href":"https:\/\/ulpmat.com\/de\/wp-json\/wp\/v2\/types\/product"}],"wp:featuredmedia":[{"embeddable":true,"href":"https:\/\/ulpmat.com\/de\/wp-json\/wp\/v2\/media\/5703"}],"wp:attachment":[{"href":"https:\/\/ulpmat.com\/de\/wp-json\/wp\/v2\/media?parent=11661"}],"wp:term":[{"taxonomy":"product_brand","embeddable":true,"href":"https:\/\/ulpmat.com\/de\/wp-json\/wp\/v2\/product_brand?post=11661"},{"taxonomy":"product_cat","embeddable":true,"href":"https:\/\/ulpmat.com\/de\/wp-json\/wp\/v2\/product_cat?post=11661"},{"taxonomy":"product_tag","embeddable":true,"href":"https:\/\/ulpmat.com\/de\/wp-json\/wp\/v2\/product_tag?post=11661"}],"curies":[{"name":"wp","href":"https:\/\/api.w.org\/{rel}","templated":true}]}}