{"id":11615,"date":"2025-07-18T17:15:11","date_gmt":"2025-07-18T09:15:11","guid":{"rendered":"https:\/\/ulpmat.com\/product\/praseodym-metall\/"},"modified":"2025-07-18T17:15:11","modified_gmt":"2025-07-18T09:15:11","slug":"praseodym-metall","status":"publish","type":"product","link":"https:\/\/ulpmat.com\/de\/produkt\/praseodym-metall\/","title":{"rendered":"Praseodym-Metall"},"content":{"rendered":"<h2><span style=\"font-size: 14pt;\">Praseodym-Sputtering-Target \u00dcbersicht<\/span><\/h2>\n<p><strong><span style=\"color: #3366ff;\"><a style=\"color: #3366ff;\" href=\"https:\/\/ulpmat.com\/de\/search\/?type=element&#038;keyword=Pr\">Praseodym<\/a><\/span><\/strong> Sputtering Targets sind Hochleistungsmaterialien, die f\u00fcr hochpr\u00e4zise D\u00fcnnschichtabscheidungsprozesse entwickelt wurden. Mit einem Reinheitsgrad von 99,5 % weisen sie eine hervorragende Dichte und gleichm\u00e4\u00dfige Struktur auf, die die Bildung dichter und gleichm\u00e4\u00dfiger Schichten w\u00e4hrend des Sputterprozesses gew\u00e4hrleistet, mit hervorragender Haftung und \u00e4u\u00dferst geringem Gehalt an Verunreinigungen, wodurch die Stabilit\u00e4t und Funktionalit\u00e4t der Schicht gew\u00e4hrleistet wird.<\/p>\n<p>Wir bieten Praseodym-Sputter-Targets in einer Vielzahl von Gr\u00f6\u00dfen und Formen an, einschlie\u00dflich runder und rechteckiger Targets, die auf Ihre speziellen Bed\u00fcrfnisse zugeschnitten werden k\u00f6nnen. Unser umfassendes Kundendienstteam steht Ihnen jederzeit zur Verf\u00fcgung, um Sie technisch zu unterst\u00fctzen, damit Ihr Produktionsprozess reibungslos abl\u00e4uft. Z\u00f6gern Sie nicht <span style=\"color: #3366ff;\"><a style=\"color: #3366ff;\" href=\"https:\/\/ulpmat.com\/de\/kontakt-us\/\">uns zu kontaktieren<\/a><\/span>.<\/p>\n<h2><span style=\"font-size: 14pt;\">Produkt-Highlights<\/span><\/h2>\n<p>Reinheit: 99,5%, geringer Gehalt an Verunreinigungen garantiert die Leistungsf\u00e4higkeit des Materials<br \/>\nHohe Dichte, die eine gleichm\u00e4\u00dfige und stabile Schichtabscheidung gew\u00e4hrleistet<br \/>\nAnpassbare Gr\u00f6\u00dfe und Form, flexibel f\u00fcr verschiedene Prozessanforderungen<br \/>\nTarget-Bonding-Service kann angeboten werden<\/p>\n<h2><span style=\"font-size: 14pt;\">Anwendungen von Praseodym-Sputter-Targets<\/span><\/h2>\n<p>Magnetische Materialien: weit verbreitet bei der Herstellung von Dauermagneten aus Seltenerdmetallen und Hochleistungsmagnetfilmen<br \/>\nElektronische Ger\u00e4te: Funktionsschichten f\u00fcr Halbleiter und lichtemittierende Ger\u00e4te<br \/>\nOptische Beschichtungen: Hochleistungs-Funktionsschichten f\u00fcr optische Komponenten<br \/>\nNeuer Energiebereich: Einsatz bei der Herstellung von Energiespeichern und modernen Batteriematerialien<\/p>\n<h2><span style=\"font-size: 14pt;\">Berichte<\/span><\/h2>\n<p>Wir stellen detaillierte Analysezertifikate (COA), Sicherheitsdatenbl\u00e4tter (MSDS) und andere relevante Qualit\u00e4tsberichte f\u00fcr jede Charge von Praseodym-Metall-Sputtertargets zur Verf\u00fcgung. Dar\u00fcber hinaus unterst\u00fctzen wir Pr\u00fcfungen durch Dritte, um eine stabile und zuverl\u00e4ssige Produktqualit\u00e4t zu gew\u00e4hrleisten.<\/p>\n","protected":false},"excerpt":{"rendered":"<p>Praseodym-Sputtering-Target \u00dcbersicht Praseodym Sputtering Targets sind Hochleistungsmaterialien, die f\u00fcr hochpr\u00e4zise D\u00fcnnschichtabscheidungsprozesse entwickelt wurden. Mit einem Reinheitsgrad von 99,5 % weisen sie eine hervorragende Dichte und gleichm\u00e4\u00dfige Struktur auf, die die Bildung dichter und gleichm\u00e4\u00dfiger Schichten w\u00e4hrend des Sputterprozesses gew\u00e4hrleistet, mit hervorragender Haftung und \u00e4u\u00dferst geringem Gehalt an Verunreinigungen, wodurch die Stabilit\u00e4t und Funktionalit\u00e4t der Schicht [&hellip;]<\/p>\n","protected":false},"featured_media":7029,"template":"","meta":{"_acf_changed":false},"product_brand":[132],"product_cat":[278],"product_tag":[441,843],"class_list":{"0":"post-11615","1":"product","2":"type-product","3":"status-publish","4":"has-post-thumbnail","6":"product_brand-ulpmat","7":"product_cat-metall-sputtering-target","8":"product_tag-materialien-der-seltenen-erden","9":"product_tag-praseodym-metall","11":"first","12":"instock","13":"shipping-taxable","14":"product-type-variable"},"acf":[],"_links":{"self":[{"href":"https:\/\/ulpmat.com\/de\/wp-json\/wp\/v2\/product\/11615","targetHints":{"allow":["GET"]}}],"collection":[{"href":"https:\/\/ulpmat.com\/de\/wp-json\/wp\/v2\/product"}],"about":[{"href":"https:\/\/ulpmat.com\/de\/wp-json\/wp\/v2\/types\/product"}],"wp:featuredmedia":[{"embeddable":true,"href":"https:\/\/ulpmat.com\/de\/wp-json\/wp\/v2\/media\/7029"}],"wp:attachment":[{"href":"https:\/\/ulpmat.com\/de\/wp-json\/wp\/v2\/media?parent=11615"}],"wp:term":[{"taxonomy":"product_brand","embeddable":true,"href":"https:\/\/ulpmat.com\/de\/wp-json\/wp\/v2\/product_brand?post=11615"},{"taxonomy":"product_cat","embeddable":true,"href":"https:\/\/ulpmat.com\/de\/wp-json\/wp\/v2\/product_cat?post=11615"},{"taxonomy":"product_tag","embeddable":true,"href":"https:\/\/ulpmat.com\/de\/wp-json\/wp\/v2\/product_tag?post=11615"}],"curies":[{"name":"wp","href":"https:\/\/api.w.org\/{rel}","templated":true}]}}