{"id":11584,"date":"2025-07-18T17:15:11","date_gmt":"2025-07-18T09:15:11","guid":{"rendered":"https:\/\/ulpmat.com\/product\/praseodymchlorid\/"},"modified":"2025-07-18T17:15:11","modified_gmt":"2025-07-18T09:15:11","slug":"praseodymchlorid","status":"publish","type":"product","link":"https:\/\/ulpmat.com\/de\/produkt\/praseodymchlorid\/","title":{"rendered":"Praseodymchlorid"},"content":{"rendered":"<h2><span style=\"font-size: 14pt;\">Praseodymchlorid \u00dcbersicht<\/span><\/h2>\n<p><strong><span style=\"color: #3366ff;\"><a style=\"color: #3366ff;\" href=\"https:\/\/ulpmat.com\/de\/search\/?type=element&#038;keyword=Pr%2CCl\">Praseodymchlorid<\/a><\/span><\/strong> (PrCl3)-Pulver ist f\u00fcr hochreine chemische und materielle Anwendungen bestimmt. Es verf\u00fcgt \u00fcber eine ausgezeichnete Reinheit und Stabilit\u00e4t, um sicherzustellen, dass Ihre Prozessanforderungen optimal gesch\u00fctzt sind. Unser Praseodymchlorid-Pulver hat eine Reinheit von 99,5 %, feine und gleichm\u00e4\u00dfige Partikel und eignet sich f\u00fcr verschiedene chemische Pr\u00e4zisionssynthesen und die Herstellung elektronischer Materialien.<\/p>\n<p>Wir bieten eine Vielzahl von Verpackungsspezifikationen an, um unterschiedlichen Chargen- und Prozessanforderungen gerecht zu werden, und k\u00f6nnen je nach Kundenwunsch angepasst werden. Ein umfassender Kundendienst garantiert Ihnen eine sorgenfreie Nutzung. Bitte z\u00f6gern Sie nicht <span style=\"color: #3366ff;\"><a style=\"color: #3366ff;\" href=\"https:\/\/ulpmat.com\/de\/kontakt-us\/\">kontaktieren Sie uns<\/a><\/span> f\u00fcr alle technischen Fragen.<\/p>\n<h2><span style=\"font-size: 14pt;\">Produkt-Highlights<\/span><\/h2>\n<p>Hohe Reinheit, 99,5%, extrem niedriger Gehalt an Verunreinigungen<br \/>\nGleichm\u00e4\u00dfige Partikel, einfache Prozesskontrolle<br \/>\nVerschiedene Verpackungen f\u00fcr unterschiedliche Anforderungen<\/p>\n<h2><span style=\"font-size: 14pt;\">Anwendungen von Praseodymchlorid-Pulver<\/span><\/h2>\n<p>Herstellung von Seltenerdmaterialien: Bereitstellung von hochwertigen Rohstoffen f\u00fcr Hochleistungslegierungen und Funktionsmaterialien<br \/>\nHerstellung von optischem Glas und Keramik: Verbesserung der optischen Eigenschaften und der Materialgleichm\u00e4\u00dfigkeit<br \/>\nHerstellung von Katalysatoren: Als aktive Komponente oder Tr\u00e4germaterial<br \/>\nElektronische Ger\u00e4te und Displaytechnik: Verbesserung der elektrischen und optischen Eigenschaften von Materialien<\/p>\n<h2><span style=\"font-size: 14pt;\">Berichte<\/span><\/h2>\n<p>Jede Charge Praseodymchlorid wird mit einem detaillierten Analysezertifikat (COA), einem Sicherheitsdatenblatt (MSDS) und entsprechenden Pr\u00fcfberichten geliefert. Wir unterst\u00fctzen ma\u00dfgebliche Pr\u00fcfungen durch Dritte, um eine stabile und zuverl\u00e4ssige Produktqualit\u00e4t zu gew\u00e4hrleisten.<\/p>\n","protected":false},"excerpt":{"rendered":"<p>Praseodymchlorid \u00dcbersicht Praseodymchlorid (PrCl3)-Pulver ist f\u00fcr hochreine chemische und materielle Anwendungen bestimmt. Es verf\u00fcgt \u00fcber eine ausgezeichnete Reinheit und Stabilit\u00e4t, um sicherzustellen, dass Ihre Prozessanforderungen optimal gesch\u00fctzt sind. Unser Praseodymchlorid-Pulver hat eine Reinheit von 99,5 %, feine und gleichm\u00e4\u00dfige Partikel und eignet sich f\u00fcr verschiedene chemische Pr\u00e4zisionssynthesen und die Herstellung elektronischer Materialien. Wir bieten eine [&hellip;]<\/p>\n","protected":false},"featured_media":5721,"template":"","meta":{"_acf_changed":false},"product_brand":[132],"product_cat":[318,319],"product_tag":[441,825],"class_list":{"0":"post-11584","1":"product","2":"type-product","3":"status-publish","4":"has-post-thumbnail","6":"product_brand-ulpmat","7":"product_cat-halogenid-materialien","8":"product_cat-materialien-der-seltenen-erden","9":"product_tag-materialien-der-seltenen-erden","10":"product_tag-praseodymchlorid","12":"first","13":"instock","14":"shipping-taxable","15":"product-type-variable"},"acf":[],"_links":{"self":[{"href":"https:\/\/ulpmat.com\/de\/wp-json\/wp\/v2\/product\/11584","targetHints":{"allow":["GET"]}}],"collection":[{"href":"https:\/\/ulpmat.com\/de\/wp-json\/wp\/v2\/product"}],"about":[{"href":"https:\/\/ulpmat.com\/de\/wp-json\/wp\/v2\/types\/product"}],"wp:featuredmedia":[{"embeddable":true,"href":"https:\/\/ulpmat.com\/de\/wp-json\/wp\/v2\/media\/5721"}],"wp:attachment":[{"href":"https:\/\/ulpmat.com\/de\/wp-json\/wp\/v2\/media?parent=11584"}],"wp:term":[{"taxonomy":"product_brand","embeddable":true,"href":"https:\/\/ulpmat.com\/de\/wp-json\/wp\/v2\/product_brand?post=11584"},{"taxonomy":"product_cat","embeddable":true,"href":"https:\/\/ulpmat.com\/de\/wp-json\/wp\/v2\/product_cat?post=11584"},{"taxonomy":"product_tag","embeddable":true,"href":"https:\/\/ulpmat.com\/de\/wp-json\/wp\/v2\/product_tag?post=11584"}],"curies":[{"name":"wp","href":"https:\/\/api.w.org\/{rel}","templated":true}]}}