{"id":11572,"date":"2025-07-18T17:15:11","date_gmt":"2025-07-18T09:15:11","guid":{"rendered":"https:\/\/ulpmat.com\/product\/praseodymchlorid-hexahydrat\/"},"modified":"2025-07-18T17:15:11","modified_gmt":"2025-07-18T09:15:11","slug":"praseodymchlorid-hexahydrat","status":"publish","type":"product","link":"https:\/\/ulpmat.com\/de\/produkt\/praseodymchlorid-hexahydrat\/","title":{"rendered":"Praseodymchlorid Hexahydrat"},"content":{"rendered":"<h2><span style=\"font-size: 14pt;\">Praseodymchlorid Hexahydrat \u00dcbersicht<\/span><\/h2>\n<p><strong><span style=\"color: #3366ff;\"><a style=\"color: #3366ff;\" href=\"https:\/\/ulpmat.com\/de\/search\/?type=element&#038;keyword=Pr%2CCl\">Praseodymchlorid<\/a><\/span><\/strong> Hexahydrat-Pulver ist ein hochreines Material, das f\u00fcr anspruchsvolle wissenschaftliche Forschung und industrielle Anwendungen entwickelt wurde. Seine Reinheit kann 99,9 % erreichen, mit guter Kristallinit\u00e4t und gleichm\u00e4\u00dfiger Partikelgr\u00f6\u00dfenverteilung, was eine stabile und zuverl\u00e4ssige Leistung in verschiedenen Anwendungen gew\u00e4hrleistet.<\/p>\n<p>Wir bieten hochreines Praseodymchlorid-Hexahydrat-Pulver f\u00fcr unterschiedliche Anforderungen und k\u00f6nnen die Verpackung und die Spezifikationen entsprechend den Kundenanforderungen anpassen. Unser professionelles technisches Team steht Ihnen jederzeit zur Verf\u00fcgung, um Sie nach dem Kauf zu unterst\u00fctzen und Probleme zu l\u00f6sen, die bei der Verwendung auftreten.<\/p>\n<h2><span style=\"font-size: 14pt;\">Produkt-Highlights<\/span><\/h2>\n<p>Reinheit von 99,9 %, wodurch die Reinheit und Leistungsf\u00e4higkeit des Materials gew\u00e4hrleistet wird<br \/>\nStabile chemische Eigenschaften, geeignet f\u00fcr eine Vielzahl von chemischen Synthese- und Prozessanforderungen<br \/>\nVerpackungsspezifikationen und -mengen k\u00f6nnen je nach Kundenbedarf angepasst werden<\/p>\n<h2><span style=\"font-size: 14pt;\">Anwendungen von Praseodymchlorid Hexahydrat Pulver<\/span><\/h2>\n<p>Herstellung von Katalysatoren: Als wichtiger Bestandteil der Seltenen Erden verbessert es die katalytische Effizienz und Stabilit\u00e4t.<br \/>\nOptische Materialien: Es wird bei der Synthese von Leuchtstoffen und Lasermaterialien verwendet und sorgt f\u00fcr hervorragende optische Eigenschaften.<br \/>\nElektronikindustrie: Zur Herstellung von elektronischen Hochleistungsbauteilen und magnetischen Materialien.<br \/>\nAnalytische Reagenzien: Der hohe Reinheitsgrad erf\u00fcllt die Anforderungen der chemischen Analyse und der Laborforschung.<\/p>\n<h2><span style=\"font-size: 14pt;\">Berichte<\/span><\/h2>\n<p>Wir stellen f\u00fcr jede Sendung ein Analysezertifikat (COA), ein Sicherheitsdatenblatt (MSDS) und andere relevante Berichte zur Verf\u00fcgung. Dar\u00fcber hinaus unterst\u00fctzen wir auch Pr\u00fcfungen durch Dritte f\u00fcr eine verbesserte Qualit\u00e4tssicherung.<\/p>\n","protected":false},"excerpt":{"rendered":"<p>Praseodymchlorid Hexahydrat \u00dcbersicht Praseodymchlorid Hexahydrat-Pulver ist ein hochreines Material, das f\u00fcr anspruchsvolle wissenschaftliche Forschung und industrielle Anwendungen entwickelt wurde. Seine Reinheit kann 99,9 % erreichen, mit guter Kristallinit\u00e4t und gleichm\u00e4\u00dfiger Partikelgr\u00f6\u00dfenverteilung, was eine stabile und zuverl\u00e4ssige Leistung in verschiedenen Anwendungen gew\u00e4hrleistet. Wir bieten hochreines Praseodymchlorid-Hexahydrat-Pulver f\u00fcr unterschiedliche Anforderungen und k\u00f6nnen die Verpackung und die Spezifikationen [&hellip;]<\/p>\n","protected":false},"featured_media":5727,"template":"","meta":{"_acf_changed":false},"product_brand":[132],"product_cat":[318,319],"product_tag":[441,819],"class_list":{"0":"post-11572","1":"product","2":"type-product","3":"status-publish","4":"has-post-thumbnail","6":"product_brand-ulpmat","7":"product_cat-halogenid-materialien","8":"product_cat-materialien-der-seltenen-erden","9":"product_tag-materialien-der-seltenen-erden","10":"product_tag-praseodymchlorid-hexahydrat","12":"first","13":"instock","14":"shipping-taxable","15":"product-type-variable"},"acf":[],"_links":{"self":[{"href":"https:\/\/ulpmat.com\/de\/wp-json\/wp\/v2\/product\/11572","targetHints":{"allow":["GET"]}}],"collection":[{"href":"https:\/\/ulpmat.com\/de\/wp-json\/wp\/v2\/product"}],"about":[{"href":"https:\/\/ulpmat.com\/de\/wp-json\/wp\/v2\/types\/product"}],"wp:featuredmedia":[{"embeddable":true,"href":"https:\/\/ulpmat.com\/de\/wp-json\/wp\/v2\/media\/5727"}],"wp:attachment":[{"href":"https:\/\/ulpmat.com\/de\/wp-json\/wp\/v2\/media?parent=11572"}],"wp:term":[{"taxonomy":"product_brand","embeddable":true,"href":"https:\/\/ulpmat.com\/de\/wp-json\/wp\/v2\/product_brand?post=11572"},{"taxonomy":"product_cat","embeddable":true,"href":"https:\/\/ulpmat.com\/de\/wp-json\/wp\/v2\/product_cat?post=11572"},{"taxonomy":"product_tag","embeddable":true,"href":"https:\/\/ulpmat.com\/de\/wp-json\/wp\/v2\/product_tag?post=11572"}],"curies":[{"name":"wp","href":"https:\/\/api.w.org\/{rel}","templated":true}]}}