{"id":11501,"date":"2025-07-18T17:15:12","date_gmt":"2025-07-18T09:15:12","guid":{"rendered":"https:\/\/ulpmat.com\/product\/neodym-magnet-nib\/"},"modified":"2025-07-18T17:15:12","modified_gmt":"2025-07-18T09:15:12","slug":"neodym-magnet-nib","status":"publish","type":"product","link":"https:\/\/ulpmat.com\/de\/produkt\/neodym-magnet-nib\/","title":{"rendered":"Neodym-Magnet (NIB)"},"content":{"rendered":"<h2><span style=\"font-size: 14pt;\">Neodym (NIB) Magnet \u00dcbersicht<\/span><\/h2>\n<p><strong><span style=\"color: #3366ff;\"><a style=\"color: #3366ff;\" href=\"https:\/\/ulpmat.com\/de\/search\/?type=name&#038;keyword=nib\">Neodym (NIB) Magnet<\/a><\/span><\/strong> sputtertargets sind funktionelle Materialien, die f\u00fcr Hochleistungs-Magnetfilmanwendungen entwickelt wurden und sich durch hervorragende magnetische Eigenschaften und strukturelle Stabilit\u00e4t auszeichnen. Durch die strenge Kontrolle der Reinheit der Rohstoffe und der Sinterdichte kann unser Neodym (NIB) Magnet eine gleichm\u00e4\u00dfige Abscheidung, starke Haftung und ausgezeichnete magnetische Anisotropie erreichen.<\/p>\n<p>Wir bieten hochreine Neodym (NIB) Magnet Sputtering Targets in einer Vielzahl von Spezifikationen und Formen, einschlie\u00dflich runder, rechteckiger und kundenspezifischer Strukturen, um verschiedene Beschichtungsanlagen und Prozessanforderungen zu erf\u00fcllen. Gleichzeitig bieten wir professionelle technische Unterst\u00fctzung und einen Kundendienst, der Ihnen hilft, Forschung und Produktion effizient durchzuf\u00fchren. Z\u00f6gern Sie nicht <span style=\"color: #3366ff;\"><a style=\"color: #3366ff;\" href=\"https:\/\/ulpmat.com\/de\/kontakt-us\/\">uns zu kontaktieren<\/a><\/span>.<\/p>\n<h2><span style=\"font-size: 14pt;\">Produkt-Highlights<\/span><\/h2>\n<p>Hohe Reinheit f\u00fcr stabile magnetische Eigenschaften der d\u00fcnnen Schichten<br \/>\nHochdichtes Target, verbessert die Sputtereffizienz und die Schichtkonsistenz<br \/>\nTargetbindungsservice ist verf\u00fcgbar<br \/>\nGr\u00f6\u00dfe und Position der Befestigungsl\u00f6cher k\u00f6nnen je nach Bedarf angepasst werden<\/p>\n<h2><span style=\"font-size: 14pt;\">Anwendungen von Neodym (NIB) Magnet Sputtering Target<\/span><\/h2>\n<p>Spin-Elektronik: Geeignet f\u00fcr Funktionsschichten in Bauelementen wie MRAM und magnetischen Tunnel\u00fcberg\u00e4ngen, die eine hervorragende Hystereseleistung und thermische Stabilit\u00e4t bieten.<br \/>\nMagnetische Sensoren: Nd2Fe14B wird bei der Herstellung von GMR- oder TMR-Sensoren verwendet, um eine hochempfindliche Magnetfelddetektion zu erreichen.<br \/>\nDatenspeicherung: Als Festplattenk\u00f6pfe oder mikro-magnetische Filme bietet es L\u00f6sungen f\u00fcr die Aufzeichnung mit hoher Dichte.<br \/>\nMikroelektromechanische Systeme (MEMS): Zur Herstellung magnetischer Schichten in Mikrostrukturen wie mikromagnetischen Aktoren und magnetischen Aufh\u00e4ngungselementen.<\/p>\n<h2><span style=\"font-size: 14pt;\">Berichte<\/span><\/h2>\n<p>Wir stellen Analysezertifikate (COA), Sicherheitsdatenbl\u00e4tter (MSDS) und andere relevante Berichte f\u00fcr jede Charge von Waren zur Verf\u00fcgung. Dar\u00fcber hinaus unterst\u00fctzen wir auch Pr\u00fcfungen durch Dritte, um die Qualit\u00e4tssicherung zu verbessern.<\/p>\n","protected":false},"excerpt":{"rendered":"<p>Neodym (NIB) Magnet \u00dcbersicht Neodym (NIB) Magnet sputtertargets sind funktionelle Materialien, die f\u00fcr Hochleistungs-Magnetfilmanwendungen entwickelt wurden und sich durch hervorragende magnetische Eigenschaften und strukturelle Stabilit\u00e4t auszeichnen. Durch die strenge Kontrolle der Reinheit der Rohstoffe und der Sinterdichte kann unser Neodym (NIB) Magnet eine gleichm\u00e4\u00dfige Abscheidung, starke Haftung und ausgezeichnete magnetische Anisotropie erreichen. Wir bieten hochreine [&hellip;]<\/p>\n","protected":false},"featured_media":5751,"template":"","meta":{"_acf_changed":false},"product_brand":[132],"product_cat":[451],"product_tag":[441,801],"class_list":{"0":"post-11501","1":"product","2":"type-product","3":"status-publish","4":"has-post-thumbnail","6":"product_brand-ulpmat","7":"product_cat-keramisches-sputtering-target","8":"product_tag-materialien-der-seltenen-erden","9":"product_tag-neodym-magnet-nib","11":"first","12":"instock","13":"shipping-taxable","14":"product-type-variable"},"acf":[],"_links":{"self":[{"href":"https:\/\/ulpmat.com\/de\/wp-json\/wp\/v2\/product\/11501","targetHints":{"allow":["GET"]}}],"collection":[{"href":"https:\/\/ulpmat.com\/de\/wp-json\/wp\/v2\/product"}],"about":[{"href":"https:\/\/ulpmat.com\/de\/wp-json\/wp\/v2\/types\/product"}],"wp:featuredmedia":[{"embeddable":true,"href":"https:\/\/ulpmat.com\/de\/wp-json\/wp\/v2\/media\/5751"}],"wp:attachment":[{"href":"https:\/\/ulpmat.com\/de\/wp-json\/wp\/v2\/media?parent=11501"}],"wp:term":[{"taxonomy":"product_brand","embeddable":true,"href":"https:\/\/ulpmat.com\/de\/wp-json\/wp\/v2\/product_brand?post=11501"},{"taxonomy":"product_cat","embeddable":true,"href":"https:\/\/ulpmat.com\/de\/wp-json\/wp\/v2\/product_cat?post=11501"},{"taxonomy":"product_tag","embeddable":true,"href":"https:\/\/ulpmat.com\/de\/wp-json\/wp\/v2\/product_tag?post=11501"}],"curies":[{"name":"wp","href":"https:\/\/api.w.org\/{rel}","templated":true}]}}