{"id":11444,"date":"2025-07-18T17:15:12","date_gmt":"2025-07-18T09:15:12","guid":{"rendered":"https:\/\/ulpmat.com\/product\/neodym-oxid\/"},"modified":"2025-07-18T17:15:12","modified_gmt":"2025-07-18T09:15:12","slug":"neodym-oxid","status":"publish","type":"product","link":"https:\/\/ulpmat.com\/de\/produkt\/neodym-oxid\/","title":{"rendered":"Neodym-Oxid"},"content":{"rendered":"<h2><span style=\"font-size: 14pt;\">Neodym-Oxid \u00dcbersicht<\/span><\/h2>\n<p><strong><span style=\"color: #3366ff;\"><a style=\"color: #3366ff;\" href=\"https:\/\/ulpmat.com\/de\/search\/?type=element&#038;keyword=Nd%2CO\">Neodym-Oxid<\/a><\/span><\/strong> Sputtering Targets sind Hochleistungsmaterialien, die f\u00fcr hochpr\u00e4zise D\u00fcnnschichtabscheidungsprozesse entwickelt wurden. Mit einem Reinheitsgrad von 99,95 % weisen sie eine hervorragende Dichte und Gleichm\u00e4\u00dfigkeit auf, die eine gleichm\u00e4\u00dfige und starke Haftung der abgeschiedenen Schichten gew\u00e4hrleisten. Gleichzeitig ist ihr Gehalt an Verunreinigungen \u00e4u\u00dferst gering, so dass sie die strengen Anforderungen fortschrittlicher Fertigungsverfahren erf\u00fcllen.<\/p>\n<p>Wir bieten <strong>hochreine Sputtertargets aus Neodymoxid (Nd2O3)<\/strong> in verschiedenen Formen und Gr\u00f6\u00dfen an, einschlie\u00dflich runder und rechteckiger Targets, die an die spezifischen Prozessanforderungen unserer Kunden angepasst werden k\u00f6nnen. Unser professionelles Team bietet Ihnen eine umfassende Unterst\u00fctzung nach dem Kauf, um einen reibungslosen und sorgenfreien Produktionsprozess zu gew\u00e4hrleisten.<\/p>\n<h2><span style=\"font-size: 14pt;\">Produkt-Highlights<\/span><\/h2>\n<p>Reinheit von 99,95% zur Gew\u00e4hrleistung von Materialstabilit\u00e4t und Filmqualit\u00e4t<br \/>\nHohe Dichte zur Gew\u00e4hrleistung einer gleichm\u00e4\u00dfigen Schichtabscheidung und ausgezeichneter Haftfestigkeit<br \/>\nAnpassbare Gr\u00f6\u00dfe und Form zur Erf\u00fcllung unterschiedlicher Prozessanforderungen<br \/>\nTarget Bonding Dienstleistungen verf\u00fcgbar<\/p>\n<h2><span style=\"font-size: 14pt;\">Anwendungen von Neodym-Oxid-Sputter-Targets<\/span><\/h2>\n<p>Halbleiter: zur Herstellung hochleistungsf\u00e4higer Funktionsschichten zur Verbesserung der Stabilit\u00e4t und Leistung elektronischer Ger\u00e4te<br \/>\nDisplays: als lichtemittierende und dimmende Materialien, die in LCD- und OLED-Display-Technologien weit verbreitet sind<br \/>\nPhotovoltaik: als Funktionsschichten bei der Herstellung von Solarzellen zur Verbesserung der Umwandlungseffizienz und Haltbarkeit<br \/>\nOptische Beschichtungen: hochwertige Schutz- und Funktionsschichten f\u00fcr Linsen, Reflektoren und optische Komponenten<\/p>\n<h2><span style=\"font-size: 14pt;\">Berichte<\/span><\/h2>\n<p>Jede Charge von Neodymoxid (Nd2O3)-Sputtertargets wird mit einem detaillierten Analysezertifikat (COA), einem Sicherheitsdatenblatt (MSDS) und anderen relevanten Pr\u00fcfberichten geliefert. Wir unterst\u00fctzen Pr\u00fcfdienste Dritter, um sicherzustellen, dass die Produktqualit\u00e4t stets den Industriestandards entspricht oder diese \u00fcbertrifft.<\/p>\n","protected":false},"excerpt":{"rendered":"<p>Neodym-Oxid \u00dcbersicht Neodym-Oxid Sputtering Targets sind Hochleistungsmaterialien, die f\u00fcr hochpr\u00e4zise D\u00fcnnschichtabscheidungsprozesse entwickelt wurden. Mit einem Reinheitsgrad von 99,95 % weisen sie eine hervorragende Dichte und Gleichm\u00e4\u00dfigkeit auf, die eine gleichm\u00e4\u00dfige und starke Haftung der abgeschiedenen Schichten gew\u00e4hrleisten. Gleichzeitig ist ihr Gehalt an Verunreinigungen \u00e4u\u00dferst gering, so dass sie die strengen Anforderungen fortschrittlicher Fertigungsverfahren erf\u00fcllen. Wir [&hellip;]<\/p>\n","protected":false},"featured_media":5763,"template":"","meta":{"_acf_changed":false},"product_brand":[132],"product_cat":[451],"product_tag":[441,795],"class_list":{"0":"post-11444","1":"product","2":"type-product","3":"status-publish","4":"has-post-thumbnail","6":"product_brand-ulpmat","7":"product_cat-keramisches-sputtering-target","8":"product_tag-materialien-der-seltenen-erden","9":"product_tag-neodym-oxid","11":"first","12":"instock","13":"shipping-taxable","14":"product-type-variable"},"acf":[],"_links":{"self":[{"href":"https:\/\/ulpmat.com\/de\/wp-json\/wp\/v2\/product\/11444","targetHints":{"allow":["GET"]}}],"collection":[{"href":"https:\/\/ulpmat.com\/de\/wp-json\/wp\/v2\/product"}],"about":[{"href":"https:\/\/ulpmat.com\/de\/wp-json\/wp\/v2\/types\/product"}],"wp:featuredmedia":[{"embeddable":true,"href":"https:\/\/ulpmat.com\/de\/wp-json\/wp\/v2\/media\/5763"}],"wp:attachment":[{"href":"https:\/\/ulpmat.com\/de\/wp-json\/wp\/v2\/media?parent=11444"}],"wp:term":[{"taxonomy":"product_brand","embeddable":true,"href":"https:\/\/ulpmat.com\/de\/wp-json\/wp\/v2\/product_brand?post=11444"},{"taxonomy":"product_cat","embeddable":true,"href":"https:\/\/ulpmat.com\/de\/wp-json\/wp\/v2\/product_cat?post=11444"},{"taxonomy":"product_tag","embeddable":true,"href":"https:\/\/ulpmat.com\/de\/wp-json\/wp\/v2\/product_tag?post=11444"}],"curies":[{"name":"wp","href":"https:\/\/api.w.org\/{rel}","templated":true}]}}