{"id":11434,"date":"2025-07-18T17:15:13","date_gmt":"2025-07-18T09:15:13","guid":{"rendered":"https:\/\/ulpmat.com\/product\/neodymchlorid\/"},"modified":"2025-07-18T17:15:13","modified_gmt":"2025-07-18T09:15:13","slug":"neodymchlorid","status":"publish","type":"product","link":"https:\/\/ulpmat.com\/de\/produkt\/neodymchlorid\/","title":{"rendered":"Neodymchlorid"},"content":{"rendered":"<h2><span style=\"font-size: 14pt;\">Neodymchlorid \u00dcbersicht<\/span><\/h2>\n<p><strong><span style=\"color: #3366ff;\"><a style=\"color: #3366ff;\" href=\"https:\/\/ulpmat.com\/de\/search\/?type=element&#038;keyword=Nd%2CCl\">Neodymchlorid (NdCl3)<\/a><\/span><\/strong> pulver ist ein hochreines Produkt, das f\u00fcr die fortgeschrittene Materialforschung und -entwicklung sowie f\u00fcr industrielle Anwendungen entwickelt wurde. Sein Reinheitsgrad betr\u00e4gt 99,9 %, und die Partikel sind einheitlich und rein, was die Stabilit\u00e4t nachfolgender Prozesse und eine hervorragende Leistung der Materialeigenschaften gew\u00e4hrleistet.<\/p>\n<p>Wir bieten eine Vielzahl von Spezifikationen f\u00fcr Neodymchloridpulver an, die je nach Kundenwunsch angepasst werden k\u00f6nnen. Die Partikelgr\u00f6\u00dfe und die Verpackung sind mit professioneller technischer Unterst\u00fctzung ausgestattet, damit Sie Ihren Anwendungsplan optimieren k\u00f6nnen. Z\u00f6gern Sie nicht <span style=\"color: #3366ff;\"><a style=\"color: #3366ff;\" href=\"https:\/\/ulpmat.com\/de\/kontakt-us\/\">uns zu kontaktieren<\/a><\/span>.<\/p>\n<h2><span style=\"font-size: 14pt;\">Produkt-Highlights<\/span><\/h2>\n<p>Reinheit: 99,9 %, extrem niedrige Verunreinigungen, Gew\u00e4hrleistung hochwertiger Rohstoffe<br \/>\nGleichm\u00e4\u00dfige und feine Partikel, die eine gute Dispergierbarkeit und Reaktivit\u00e4t gew\u00e4hrleisten<br \/>\nAusgezeichnete chemische Stabilit\u00e4t, geeignet f\u00fcr eine Vielzahl von Synthese- und Herstellungsprozessen<br \/>\nUnterst\u00fctzung kundenspezifischer Partikelgr\u00f6\u00dfen und Verpackungen, um unterschiedliche Anforderungen zu erf\u00fcllen<\/p>\n<h2><span style=\"font-size: 14pt;\">Anwendungen von Neodymchlorid-Pulver<\/span><\/h2>\n<p>Funktionelle Materialien: werden als wichtige Vorstufen f\u00fcr magnetische Seltenerdmaterialien und Leuchtstoffe verwendet.<br \/>\nKatalysatorbereich: als effiziente Katalysatorkomponente zur Verbesserung der Reaktionseffizienz.<br \/>\nOptische Materialien: Neodymchlorid findet breite Verwendung bei der Herstellung von Lasermaterialien und optischem Glas.<br \/>\nUmweltschutz: Beteiligung an Umweltschutztechnologien wie der R\u00fcckgewinnung seltener Erden und der Wasseraufbereitung.<\/p>\n<h2><span style=\"font-size: 14pt;\">Berichte<\/span><\/h2>\n<p>Jede Produktcharge wird mit einem detaillierten Analysezertifikat (COA), einem Sicherheitsdatenblatt (MSDS) und anderen relevanten Pr\u00fcfberichten geliefert. Wir unterst\u00fctzen die Pr\u00fcfung durch Dritte, um die Produktqualit\u00e4t zu gew\u00e4hrleisten und Sie bei Ihrer Forschung und Produktion zu unterst\u00fctzen.<\/p>\n","protected":false},"excerpt":{"rendered":"<p>Neodymchlorid \u00dcbersicht Neodymchlorid (NdCl3) pulver ist ein hochreines Produkt, das f\u00fcr die fortgeschrittene Materialforschung und -entwicklung sowie f\u00fcr industrielle Anwendungen entwickelt wurde. Sein Reinheitsgrad betr\u00e4gt 99,9 %, und die Partikel sind einheitlich und rein, was die Stabilit\u00e4t nachfolgender Prozesse und eine hervorragende Leistung der Materialeigenschaften gew\u00e4hrleistet. Wir bieten eine Vielzahl von Spezifikationen f\u00fcr Neodymchloridpulver an, [&hellip;]<\/p>\n","protected":false},"featured_media":5769,"template":"","meta":{"_acf_changed":false},"product_brand":[132],"product_cat":[318,319],"product_tag":[441,789],"class_list":{"0":"post-11434","1":"product","2":"type-product","3":"status-publish","4":"has-post-thumbnail","6":"product_brand-ulpmat","7":"product_cat-halogenid-materialien","8":"product_cat-materialien-der-seltenen-erden","9":"product_tag-materialien-der-seltenen-erden","10":"product_tag-neodymchlorid","12":"first","13":"instock","14":"shipping-taxable","15":"product-type-variable"},"acf":[],"_links":{"self":[{"href":"https:\/\/ulpmat.com\/de\/wp-json\/wp\/v2\/product\/11434","targetHints":{"allow":["GET"]}}],"collection":[{"href":"https:\/\/ulpmat.com\/de\/wp-json\/wp\/v2\/product"}],"about":[{"href":"https:\/\/ulpmat.com\/de\/wp-json\/wp\/v2\/types\/product"}],"wp:featuredmedia":[{"embeddable":true,"href":"https:\/\/ulpmat.com\/de\/wp-json\/wp\/v2\/media\/5769"}],"wp:attachment":[{"href":"https:\/\/ulpmat.com\/de\/wp-json\/wp\/v2\/media?parent=11434"}],"wp:term":[{"taxonomy":"product_brand","embeddable":true,"href":"https:\/\/ulpmat.com\/de\/wp-json\/wp\/v2\/product_brand?post=11434"},{"taxonomy":"product_cat","embeddable":true,"href":"https:\/\/ulpmat.com\/de\/wp-json\/wp\/v2\/product_cat?post=11434"},{"taxonomy":"product_tag","embeddable":true,"href":"https:\/\/ulpmat.com\/de\/wp-json\/wp\/v2\/product_tag?post=11434"}],"curies":[{"name":"wp","href":"https:\/\/api.w.org\/{rel}","templated":true}]}}