{"id":11412,"date":"2025-07-18T17:15:13","date_gmt":"2025-07-18T09:15:13","guid":{"rendered":"https:\/\/ulpmat.com\/product\/neodym-fluorid-dfm-2\/"},"modified":"2025-07-18T17:15:13","modified_gmt":"2025-07-18T09:15:13","slug":"neodym-fluorid-dfm-2","status":"publish","type":"product","link":"https:\/\/ulpmat.com\/de\/produkt\/neodym-fluorid-dfm-2\/","title":{"rendered":"Neodym-Fluorid (DFM)"},"content":{"rendered":"<h2><span style=\"font-size: 14pt;\">Neodymfluorid \u00dcbersicht<\/span><\/h2>\n<p><strong><span style=\"color: #3366ff;\"><a style=\"color: #3366ff;\" href=\"https:\/\/ulpmat.com\/de\/search\/?type=element&#038;keyword=Nd%2CF\">Neodym-Fluorid<\/a><\/span><\/strong> granulat ist f\u00fcr leistungsstarke optische und elektronische Materialanwendungen konzipiert. Sie weisen eine ausgezeichnete Reinheit und einheitliche Partikelgr\u00f6\u00dfe auf und gew\u00e4hrleisten eine stabile und zuverl\u00e4ssige Leistung in verschiedenen fortschrittlichen Verfahren.<\/p>\n<p>Unser Neodym-Fluorid-Granulat hat einen Reinheitsgrad von bis zu 99,99 %, eine ausgezeichnete thermische Stabilit\u00e4t und chemische Inertheit und erf\u00fcllt die strengen Anforderungen an die Materialqualit\u00e4t. Wir verf\u00fcgen \u00fcber einen perfekten Kundendienst, um alle Ihre Bed\u00fcrfnisse zu erf\u00fcllen. Z\u00f6gern Sie nicht <span style=\"color: #3366ff;\"><a style=\"color: #3366ff;\" href=\"https:\/\/ulpmat.com\/de\/kontakt-us\/\">uns zu kontaktieren<\/a><\/span>.<\/p>\n<h2><span style=\"font-size: 14pt;\">Produkt-Highlights<\/span><\/h2>\n<p>Reinheit: 99,99%<br \/>\nHohe thermische Stabilit\u00e4t, anpassungsf\u00e4hig an Hochtemperatur-Prozessumgebung<br \/>\nStabile chemische Eigenschaften, S\u00e4ure- und Laugenkorrosionsbest\u00e4ndigkeit<br \/>\nAnpassbare Verpackung<\/p>\n<h2><span style=\"font-size: 14pt;\">Anwendungen von Neodym-Fluorid-Granulat<\/span><\/h2>\n<p>Laserherstellung: Als wichtiger Bestandteil des Laser-Verst\u00e4rkungsmediums verbessert es die Effizienz und Stabilit\u00e4t des Lasers.<br \/>\nOptischer Film: Wird f\u00fcr leistungsstarke optische Beschichtungsmaterialien verwendet, um die Durchl\u00e4ssigkeit und Haltbarkeit zu verbessern.<br \/>\nMagnetische Materialien aus Seltenen Erden: Wichtige Grundstoffe, die die magnetischen Eigenschaften und die Materialstabilit\u00e4t verbessern.<br \/>\nElektronische Keramiken: Wird bei der Herstellung fortschrittlicher elektronischer Komponenten verwendet, um den langfristigen und stabilen Betrieb von Ger\u00e4ten zu gew\u00e4hrleisten.<\/p>\n<h2><span style=\"font-size: 14pt;\">Berichte<\/span><\/h2>\n<p>Jede Charge von <strong>Neodymfluorid (NdF3)<\/strong> wird mit einem detaillierten Analysezertifikat (COA), einem Sicherheitsdatenblatt (MSDS) und den dazugeh\u00f6rigen Pr\u00fcfberichten geliefert. Wir unterst\u00fctzen Qualit\u00e4tspr\u00fcfungen durch Dritte und kundenspezifische Pr\u00fcfungen, um die Produktqualit\u00e4t zu gew\u00e4hrleisten.<\/p>\n","protected":false},"excerpt":{"rendered":"<p>Neodymfluorid \u00dcbersicht Neodym-Fluorid granulat ist f\u00fcr leistungsstarke optische und elektronische Materialanwendungen konzipiert. Sie weisen eine ausgezeichnete Reinheit und einheitliche Partikelgr\u00f6\u00dfe auf und gew\u00e4hrleisten eine stabile und zuverl\u00e4ssige Leistung in verschiedenen fortschrittlichen Verfahren. Unser Neodym-Fluorid-Granulat hat einen Reinheitsgrad von bis zu 99,99 %, eine ausgezeichnete thermische Stabilit\u00e4t und chemische Inertheit und erf\u00fcllt die strengen Anforderungen an [&hellip;]<\/p>\n","protected":false},"featured_media":7017,"template":"","meta":{"_acf_changed":false},"product_brand":[132],"product_cat":[299],"product_tag":[773,441,772],"class_list":{"0":"post-11412","1":"product","2":"type-product","3":"status-publish","4":"has-post-thumbnail","6":"product_brand-ulpmat","7":"product_cat-verdampfen-von-materialien","8":"product_tag-dfm-de","9":"product_tag-materialien-der-seltenen-erden","10":"product_tag-neodym-fluorid","12":"first","13":"instock","14":"shipping-taxable","15":"product-type-variable"},"acf":[],"_links":{"self":[{"href":"https:\/\/ulpmat.com\/de\/wp-json\/wp\/v2\/product\/11412","targetHints":{"allow":["GET"]}}],"collection":[{"href":"https:\/\/ulpmat.com\/de\/wp-json\/wp\/v2\/product"}],"about":[{"href":"https:\/\/ulpmat.com\/de\/wp-json\/wp\/v2\/types\/product"}],"wp:featuredmedia":[{"embeddable":true,"href":"https:\/\/ulpmat.com\/de\/wp-json\/wp\/v2\/media\/7017"}],"wp:attachment":[{"href":"https:\/\/ulpmat.com\/de\/wp-json\/wp\/v2\/media?parent=11412"}],"wp:term":[{"taxonomy":"product_brand","embeddable":true,"href":"https:\/\/ulpmat.com\/de\/wp-json\/wp\/v2\/product_brand?post=11412"},{"taxonomy":"product_cat","embeddable":true,"href":"https:\/\/ulpmat.com\/de\/wp-json\/wp\/v2\/product_cat?post=11412"},{"taxonomy":"product_tag","embeddable":true,"href":"https:\/\/ulpmat.com\/de\/wp-json\/wp\/v2\/product_tag?post=11412"}],"curies":[{"name":"wp","href":"https:\/\/api.w.org\/{rel}","templated":true}]}}