{"id":11404,"date":"2025-07-18T17:15:13","date_gmt":"2025-07-18T09:15:13","guid":{"rendered":"https:\/\/ulpmat.com\/product\/neodym-fluorid-dfm\/"},"modified":"2025-07-18T17:15:13","modified_gmt":"2025-07-18T09:15:13","slug":"neodym-fluorid-dfm","status":"publish","type":"product","link":"https:\/\/ulpmat.com\/de\/produkt\/neodym-fluorid-dfm\/","title":{"rendered":"Neodym-Fluorid (DFM)"},"content":{"rendered":"<h2><span style=\"font-size: 14pt;\">Neodymfluoridpulver \u00dcbersicht<\/span><\/h2>\n<p><strong><span style=\"color: #3366ff;\"><a style=\"color: #3366ff;\" href=\"https:\/\/ulpmat.com\/de\/search\/?type=element&#038;keyword=Nd%2CF\">Neodym-Fluorid<\/a><\/span><\/strong> pulver ist ein hochreines Material, das f\u00fcr hochwertige optische und elektronische Anwendungen entwickelt wurde. Mit einem Reinheitsgrad von bis zu 99,99 % verf\u00fcgt es \u00fcber eine ausgezeichnete thermische Stabilit\u00e4t und chemische Inertheit, die eine stabile Leistung und gleichm\u00e4\u00dfige Filmbildung unter komplexen Prozessbedingungen gew\u00e4hrleisten.<\/p>\n<p>Wir bieten hochreine Neodymfluorid-Pulver in verschiedenen Partikelgr\u00f6\u00dfen und Spezifikationen an, um den unterschiedlichen Prozessanforderungen unserer Kunden gerecht zu werden, und bieten gleichzeitig ma\u00dfgeschneiderte Dienstleistungen und umfassenden technischen Support. Z\u00f6gern Sie nicht <span style=\"color: #3366ff;\"><a style=\"color: #3366ff;\" href=\"https:\/\/ulpmat.com\/de\/kontakt-us\/\">uns zu kontaktieren<\/a><\/span>.<\/p>\n<h2><span style=\"font-size: 14pt;\">Produkt-Highlights<\/span><\/h2>\n<p>Reinheit: 99,99%, geringe Verunreinigungen<br \/>\nHohe thermische Stabilit\u00e4t, geeignet f\u00fcr Hochtemperaturprozesse<br \/>\nGleichm\u00e4\u00dfige Partikelgr\u00f6\u00dfe, leicht zu dispergieren und Filme zu bilden<br \/>\nAusgezeichnete chemische Stabilit\u00e4t, S\u00e4ure- und Laugenkorrosionsbest\u00e4ndigkeit<br \/>\nKundenspezifische Verpackung<\/p>\n<h2><span style=\"font-size: 14pt;\">Anwendungen von Neodymfluoridpulver<\/span><\/h2>\n<p>Laser-Materialien: Als wichtiger Vorl\u00e4ufer von Dotierstoffen in Lasern sorgt es f\u00fcr eine effiziente Laserleistung.<br \/>\nOptische Beschichtungen: NdF3 wird f\u00fcr optische Hochleistungsschichten verwendet, um die Durchl\u00e4ssigkeit und Haltbarkeit zu verbessern.<br \/>\nMagnetische Materialien: Herstellung von Hochleistungsmagneten aus Seltenen Erden zur Verbesserung der magnetischen Eigenschaften und der Stabilit\u00e4t.<br \/>\nElektronische Keramiken: Als wichtiges Funktionsmaterial in modernen elektronischen Ger\u00e4ten sorgt es f\u00fcr einen stabilen Betrieb der Ger\u00e4te.<\/p>\n<h2><span style=\"font-size: 14pt;\">Berichte<\/span><\/h2>\n<p>Wir liefern detaillierte Analysezertifikate (COA), Sicherheitsdatenbl\u00e4tter (MSDS) und andere relevante Qualit\u00e4tspr\u00fcfungsberichte f\u00fcr jede Produktcharge. Wir unterst\u00fctzen Inspektionen durch Dritte und kundenspezifische Tests, um sicherzustellen, dass die Produktqualit\u00e4t den hohen internationalen Standards entspricht.<\/p>\n","protected":false},"excerpt":{"rendered":"<p>Neodymfluoridpulver \u00dcbersicht Neodym-Fluorid pulver ist ein hochreines Material, das f\u00fcr hochwertige optische und elektronische Anwendungen entwickelt wurde. Mit einem Reinheitsgrad von bis zu 99,99 % verf\u00fcgt es \u00fcber eine ausgezeichnete thermische Stabilit\u00e4t und chemische Inertheit, die eine stabile Leistung und gleichm\u00e4\u00dfige Filmbildung unter komplexen Prozessbedingungen gew\u00e4hrleisten. Wir bieten hochreine Neodymfluorid-Pulver in verschiedenen Partikelgr\u00f6\u00dfen und Spezifikationen [&hellip;]<\/p>\n","protected":false},"featured_media":7011,"template":"","meta":{"_acf_changed":false},"product_brand":[132],"product_cat":[318,319],"product_tag":[773,441,772],"class_list":{"0":"post-11404","1":"product","2":"type-product","3":"status-publish","4":"has-post-thumbnail","6":"product_brand-ulpmat","7":"product_cat-halogenid-materialien","8":"product_cat-materialien-der-seltenen-erden","9":"product_tag-dfm-de","10":"product_tag-materialien-der-seltenen-erden","11":"product_tag-neodym-fluorid","13":"first","14":"instock","15":"shipping-taxable","16":"product-type-variable"},"acf":[],"_links":{"self":[{"href":"https:\/\/ulpmat.com\/de\/wp-json\/wp\/v2\/product\/11404","targetHints":{"allow":["GET"]}}],"collection":[{"href":"https:\/\/ulpmat.com\/de\/wp-json\/wp\/v2\/product"}],"about":[{"href":"https:\/\/ulpmat.com\/de\/wp-json\/wp\/v2\/types\/product"}],"wp:featuredmedia":[{"embeddable":true,"href":"https:\/\/ulpmat.com\/de\/wp-json\/wp\/v2\/media\/7011"}],"wp:attachment":[{"href":"https:\/\/ulpmat.com\/de\/wp-json\/wp\/v2\/media?parent=11404"}],"wp:term":[{"taxonomy":"product_brand","embeddable":true,"href":"https:\/\/ulpmat.com\/de\/wp-json\/wp\/v2\/product_brand?post=11404"},{"taxonomy":"product_cat","embeddable":true,"href":"https:\/\/ulpmat.com\/de\/wp-json\/wp\/v2\/product_cat?post=11404"},{"taxonomy":"product_tag","embeddable":true,"href":"https:\/\/ulpmat.com\/de\/wp-json\/wp\/v2\/product_tag?post=11404"}],"curies":[{"name":"wp","href":"https:\/\/api.w.org\/{rel}","templated":true}]}}