{"id":11211,"date":"2025-07-18T17:15:15","date_gmt":"2025-07-18T09:15:15","guid":{"rendered":"https:\/\/ulpmat.com\/product\/samariumfluorid\/"},"modified":"2025-07-18T17:15:15","modified_gmt":"2025-07-18T09:15:15","slug":"samariumfluorid","status":"publish","type":"product","link":"https:\/\/ulpmat.com\/de\/produkt\/samariumfluorid\/","title":{"rendered":"Samariumfluorid"},"content":{"rendered":"<h2><span style=\"font-size: 14pt;\">Samariumfluoridpulver \u00dcbersicht<\/span><\/h2>\n<p data-start=\"96\" data-end=\"535\"><strong data-start=\"96\" data-end=\"178\">Hochreines<span style=\"color: #0000ff;\"><a style=\"color: #0000ff;\" href=\"https:\/\/ulpmat.com\/de\/search\/?type=name&#038;keyword=Samarium+Fluoride\"> Samariumfluoridpulver<\/a><\/span> f\u00fcr Hochleistungs-Funktionsmaterialien<\/strong> ist ein Seltenerdfluoridmaterial, das speziell f\u00fcr Beschichtungen und moderne Materialanwendungen entwickelt wurde. Mit seiner ausgezeichneten chemischen und thermischen Stabilit\u00e4t und seiner geringen Hygroskopizit\u00e4t gew\u00e4hrleistet <strong data-start=\"359\" data-end=\"432\">Samariumfluoridpulver f\u00fcr die Infrarotoptik und die Laserkristalldotierung<\/strong> eine hervorragende Leistung bei der Vakuumbeschichtung, der Keramikveredelung und bei Hochtemperaturprozessen.<\/p>\n<p data-start=\"537\" data-end=\"884\">Wir bieten <strong data-start=\"548\" data-end=\"628\">kundenspezifische Samariumfluoridpulver f\u00fcr Forschungs- und Industrieanwendungen<\/strong> in verschiedenen Partikelgr\u00f6\u00dfen und Reinheitsgraden an und unterst\u00fctzen ma\u00dfgeschneiderte Spezifikationen und umfassenden technischen Support. Muster und Datenberichte sind auf Anfrage erh\u00e4ltlich, und unser Team unterst\u00fctzt Sie gerne bei der Projektentwicklung und Massenproduktion.<\/p>\n<h2><span style=\"font-size: 14pt;\">Produkt-Highlights von Samariumfluorid-Pulver<\/span><\/h2>\n<p>Reinheit: 99,9%<br \/>\n\u00c4u\u00dferst geringe Hygroskopizit\u00e4t, leicht zu lagern und zu verarbeiten<br \/>\nAusgezeichnete chemische Stabilit\u00e4t, geeignet f\u00fcr Hochtemperatur- und Vakuumumgebung<br \/>\nGeeignet f\u00fcr Keramik, Lasermaterialien und Beschichtungsindustrien<br \/>\nAnpassbare Partikelgr\u00f6\u00dfe und Verpackungsspezifikationen<\/p>\n<h2><span style=\"font-size: 14pt;\">Anwendungen von Samariumfluoridpulver<\/span><\/h2>\n<p>Optische und Lasermaterialien: f\u00fcr Infrarot-Fenstermaterialien, zur Dotierung von Laserkristallen und als Konversionsmittel f\u00fcr UV-sichtbares Licht<br \/>\nVakuumbeschichtungsmaterialien: als Fluoridquelle oder als Material f\u00fcr funktionelle Schichten aus seltenen Erden, zur Verbesserung des Brechungsindex und der Stabilit\u00e4t der Filmschicht<br \/>\nElektronikkeramik: als Zusatzstoff in Fluoridkeramiken zur Verbesserung der thermischen Stabilit\u00e4t und der Korrosionsbest\u00e4ndigkeit<br \/>\nSynthetische Target-Rohstoffe: zur Herstellung von Seltenerdfluorid-Sputter-Targets, geeignet f\u00fcr eine Vielzahl von physikalischen Gasphasenabscheidungsprozessen<\/p>\n<h2><span style=\"font-size: 14pt;\">Berichte<\/span><\/h2>\n<p>Wir stellen Analysezertifikate (COA), Sicherheitsdatenbl\u00e4tter (MSDS) und andere relevante Berichte f\u00fcr jede Charge von Waren zur Verf\u00fcgung. Dar\u00fcber hinaus unterst\u00fctzen wir auch Pr\u00fcfungen durch Dritte, um die Qualit\u00e4tssicherung zu verbessern.<\/p>\n","protected":false},"excerpt":{"rendered":"<p>Samariumfluoridpulver \u00dcbersicht Hochreines Samariumfluoridpulver f\u00fcr Hochleistungs-Funktionsmaterialien ist ein Seltenerdfluoridmaterial, das speziell f\u00fcr Beschichtungen und moderne Materialanwendungen entwickelt wurde. Mit seiner ausgezeichneten chemischen und thermischen Stabilit\u00e4t und seiner geringen Hygroskopizit\u00e4t gew\u00e4hrleistet Samariumfluoridpulver f\u00fcr die Infrarotoptik und die Laserkristalldotierung eine hervorragende Leistung bei der Vakuumbeschichtung, der Keramikveredelung und bei Hochtemperaturprozessen. Wir bieten kundenspezifische Samariumfluoridpulver f\u00fcr Forschungs- und [&hellip;]<\/p>\n","protected":false},"featured_media":5817,"template":"","meta":{"_acf_changed":false},"product_brand":[132],"product_cat":[318,319],"product_tag":[],"class_list":{"0":"post-11211","1":"product","2":"type-product","3":"status-publish","4":"has-post-thumbnail","6":"product_brand-ulpmat","7":"product_cat-halogenid-materialien","8":"product_cat-materialien-der-seltenen-erden","10":"first","11":"instock","12":"shipping-taxable","13":"product-type-variable"},"acf":[],"_links":{"self":[{"href":"https:\/\/ulpmat.com\/de\/wp-json\/wp\/v2\/product\/11211","targetHints":{"allow":["GET"]}}],"collection":[{"href":"https:\/\/ulpmat.com\/de\/wp-json\/wp\/v2\/product"}],"about":[{"href":"https:\/\/ulpmat.com\/de\/wp-json\/wp\/v2\/types\/product"}],"wp:featuredmedia":[{"embeddable":true,"href":"https:\/\/ulpmat.com\/de\/wp-json\/wp\/v2\/media\/5817"}],"wp:attachment":[{"href":"https:\/\/ulpmat.com\/de\/wp-json\/wp\/v2\/media?parent=11211"}],"wp:term":[{"taxonomy":"product_brand","embeddable":true,"href":"https:\/\/ulpmat.com\/de\/wp-json\/wp\/v2\/product_brand?post=11211"},{"taxonomy":"product_cat","embeddable":true,"href":"https:\/\/ulpmat.com\/de\/wp-json\/wp\/v2\/product_cat?post=11211"},{"taxonomy":"product_tag","embeddable":true,"href":"https:\/\/ulpmat.com\/de\/wp-json\/wp\/v2\/product_tag?post=11211"}],"curies":[{"name":"wp","href":"https:\/\/api.w.org\/{rel}","templated":true}]}}