{"id":11055,"date":"2025-07-18T17:15:19","date_gmt":"2025-07-18T09:15:19","guid":{"rendered":"https:\/\/ulpmat.com\/product\/gadolinium-metall-4\/"},"modified":"2025-07-18T17:15:19","modified_gmt":"2025-07-18T09:15:19","slug":"gadolinium-metall-4","status":"publish","type":"product","link":"https:\/\/ulpmat.com\/de\/produkt\/gadolinium-metall-4\/","title":{"rendered":"Gadolinium-Metall"},"content":{"rendered":"<h2><span style=\"font-size: 14pt;\">Gadolinium Metall Granulat \u00dcbersicht<\/span><\/h2>\n<p data-start=\"102\" data-end=\"584\"><strong data-start=\"102\" data-end=\"164\">Hochreines <span style=\"color: #0000ff;\"><a style=\"color: #0000ff;\" href=\"https:\/\/ulpmat.com\/de\/search\/?type=name&#038;keyword=Gadolinium+metal\">Gadolinium-Metallgranulat<\/a><\/span> f\u00fcr die Legierungsmetallurgie<\/strong> ist ein Rohstoff der Seltenen Erden, der f\u00fcr hochwertige Funktionsmaterialien und metallurgische Prozesse entwickelt wurde. Mit einer Reinheit von 99,9 %, einer gleichm\u00e4\u00dfigen Partikelverteilung und einer sauberen Oberfl\u00e4che eignet sich <strong data-start=\"337\" data-end=\"403\">Gadolinium-Metallgranulat f\u00fcr magnetische K\u00fchlmaterialien<\/strong> f\u00fcr den stabilen Einsatz in Anwendungen wie Induktionsschmelzen, Vakuumlichtbogenumschmelzen, Vorbereitung von magnetischen Legierungen und Entwicklung fortschrittlicher magnetischer K\u00fchlmaterialien.<\/p>\n<p data-start=\"586\" data-end=\"916\">Wir bieten <strong data-start=\"597\" data-end=\"678\">kundenspezifische Gadolinium-Metallgranulate f\u00fcr Forschungs- und Industrieanwendungen<\/strong> in einer Vielzahl von Spezifikationen an, um die verschiedenen Prozessanforderungen unserer Kunden zu erf\u00fcllen. Dar\u00fcber hinaus bieten wir umfassende technische Beratung vor dem Kauf und Unterst\u00fctzung nach dem Kauf, um einen reibungslosen Einsatz und optimale Leistung in Ihren Projekten zu gew\u00e4hrleisten.<\/p>\n<h2><span style=\"font-size: 14pt;\">Produkt-Highlights von Gadolinium-Metallgranulat <\/span><\/h2>\n<p>Reinheit: 99,9%<br \/>\nRegelm\u00e4\u00dfige Partikel, strenge Verunreinigungskontrolle<br \/>\nAnpassbare Partikelgr\u00f6\u00dfe und Verpackungsspezifikationen<br \/>\nGeeignet f\u00fcr Vakuumschmelzen, Legierungsvorbereitung, magnetische Materialien und wissenschaftliche Forschungszwecke<\/p>\n<h2><span style=\"font-size: 14pt;\">Anwendungen von Gadolinium Metall Granulat <\/span><\/h2>\n<p>Magnetische Legierungen: ein wichtiger Zusatzstoff f\u00fcr magnetische Seltenerdmaterialien wie Gd-Fe und Gd-Co.<br \/>\nMagnetische K\u00e4ltematerialien: Gadolinium ist das Kernelement in der aktuellen Forschung \u00fcber magnetische K\u00fchlmaterialien f\u00fcr Raumtemperaturen.<br \/>\nVakuummetallurgie: wird als Zusatzstoff f\u00fcr Seltene Erden beim Elektronenstrahlschmelzen oder Induktionsschmelzen verwendet.<br \/>\nWissenschaftliche Forschung und Materialentwicklung: Weit verbreitet in der wissenschaftlichen Spitzenforschung, z. B. bei Funktionsmaterialien aus Seltenen Erden und bei der Erforschung thermophysikalischer Eigenschaften.<\/p>\n<h2><span style=\"font-size: 14pt;\">Berichte<\/span><\/h2>\n<p>Wir stellen Analysezertifikate (COA), Sicherheitsdatenbl\u00e4tter (MSDS) und andere relevante Berichte f\u00fcr jede Lieferung zur Verf\u00fcgung. Dar\u00fcber hinaus unterst\u00fctzen wir auch die Pr\u00fcfung durch Dritte, um die Qualit\u00e4t zu sichern.<\/p>\n","protected":false},"excerpt":{"rendered":"<p>Gadolinium Metall Granulat \u00dcbersicht Hochreines Gadolinium-Metallgranulat f\u00fcr die Legierungsmetallurgie ist ein Rohstoff der Seltenen Erden, der f\u00fcr hochwertige Funktionsmaterialien und metallurgische Prozesse entwickelt wurde. Mit einer Reinheit von 99,9 %, einer gleichm\u00e4\u00dfigen Partikelverteilung und einer sauberen Oberfl\u00e4che eignet sich Gadolinium-Metallgranulat f\u00fcr magnetische K\u00fchlmaterialien f\u00fcr den stabilen Einsatz in Anwendungen wie Induktionsschmelzen, Vakuumlichtbogenumschmelzen, Vorbereitung von magnetischen [&hellip;]<\/p>\n","protected":false},"featured_media":5871,"template":"","meta":{"_acf_changed":false},"product_brand":[132],"product_cat":[299],"product_tag":[],"class_list":{"0":"post-11055","1":"product","2":"type-product","3":"status-publish","4":"has-post-thumbnail","6":"product_brand-ulpmat","7":"product_cat-verdampfen-von-materialien","9":"first","10":"instock","11":"shipping-taxable","12":"product-type-variable"},"acf":[],"_links":{"self":[{"href":"https:\/\/ulpmat.com\/de\/wp-json\/wp\/v2\/product\/11055","targetHints":{"allow":["GET"]}}],"collection":[{"href":"https:\/\/ulpmat.com\/de\/wp-json\/wp\/v2\/product"}],"about":[{"href":"https:\/\/ulpmat.com\/de\/wp-json\/wp\/v2\/types\/product"}],"wp:featuredmedia":[{"embeddable":true,"href":"https:\/\/ulpmat.com\/de\/wp-json\/wp\/v2\/media\/5871"}],"wp:attachment":[{"href":"https:\/\/ulpmat.com\/de\/wp-json\/wp\/v2\/media?parent=11055"}],"wp:term":[{"taxonomy":"product_brand","embeddable":true,"href":"https:\/\/ulpmat.com\/de\/wp-json\/wp\/v2\/product_brand?post=11055"},{"taxonomy":"product_cat","embeddable":true,"href":"https:\/\/ulpmat.com\/de\/wp-json\/wp\/v2\/product_cat?post=11055"},{"taxonomy":"product_tag","embeddable":true,"href":"https:\/\/ulpmat.com\/de\/wp-json\/wp\/v2\/product_tag?post=11055"}],"curies":[{"name":"wp","href":"https:\/\/api.w.org\/{rel}","templated":true}]}}