{"id":10857,"date":"2025-07-18T17:15:22","date_gmt":"2025-07-18T09:15:22","guid":{"rendered":"https:\/\/ulpmat.com\/product\/gadoliniumfluorid-dfm\/"},"modified":"2025-07-18T17:15:22","modified_gmt":"2025-07-18T09:15:22","slug":"gadoliniumfluorid-dfm","status":"publish","type":"product","link":"https:\/\/ulpmat.com\/de\/produkt\/gadoliniumfluorid-dfm\/","title":{"rendered":"Gadoliniumfluorid (DFM)"},"content":{"rendered":"<h2><span style=\"font-size: 14pt;\">Gadoliniumfluorid Sputtering Target \u00dcbersicht<\/span><\/h2>\n<p data-start=\"95\" data-end=\"519\"><strong data-start=\"99\" data-end=\"189\"><span style=\"color: #0000ff;\"><a style=\"color: #0000ff;\" href=\"https:\/\/ulpmat.com\/de\/search\/?type=name&#038;keyword=Gadolinium+Fluoride\">Gadoliniumfluorid-Sputtertargets<\/a><\/span> f\u00fcr magnetische und optische D\u00fcnnschichten<\/strong> sind Schl\u00fcsselmaterialien f\u00fcr hochleistungsf\u00e4hige D\u00fcnnschichtabscheidungsverfahren mit extrem hoher Reinheit und hervorragenden physikalischen Eigenschaften. Ihr Reinheitsgrad kann bis zu 99,99 % betragen, was eine qualitativ hochwertige Abscheidung von D\u00fcnnschichten und einen extrem niedrigen Gehalt an Verunreinigungen gew\u00e4hrleistet, die f\u00fcr eine gleichm\u00e4\u00dfige Schichtbildung, starke Haftung und stabile Funktion sorgen.<\/p>\n<p data-start=\"521\" data-end=\"999\">Wir bieten verschiedene Gr\u00f6\u00dfen und Formen an, um den Kundenw\u00fcnschen gerecht zu werden. Gleichzeitig verf\u00fcgen wir \u00fcber ein professionelles technisches Supportteam, das umfassende Dienstleistungen bei der Produktauswahl und -verwendung gew\u00e4hrleistet. Dar\u00fcber hinaus erf\u00fcllen unsere <strong data-start=\"760\" data-end=\"848\">kundenspezifischen Gadoliniumfluorid-Sputter-Targets f\u00fcr Anwendungen in elektronischen Ger\u00e4ten<\/strong> und <strong data-start=\"853\" data-end=\"946\">Gadoliniumfluorid-Sputter-Targets, die f\u00fcr Hochleistungs-D\u00fcnnschichtprozesse optimiert sind<\/strong>, die unterschiedlichsten Anforderungen von Industrie und Forschung.<\/p>\n<h2><span style=\"font-size: 14pt;\">Produkt-Highlights von Gadoliniumfluorid-Sputtertargets<\/span><\/h2>\n<p>Hohe Reinheit: 99,99%, dadurch extrem geringe Verunreinigungen<br \/>\nAusgezeichnete chemische Stabilit\u00e4t und thermische Stabilit\u00e4t<br \/>\nHohe Dichte, die eine gleichm\u00e4\u00dfige und stabile D\u00fcnnschichtabscheidung gew\u00e4hrleistet<br \/>\nGr\u00f6\u00dfen und Formen k\u00f6nnen je nach Kundenbedarf angepasst werden<br \/>\nDienstleistungen zur Zielbindung k\u00f6nnen angeboten werden<br \/>\nAnwendbar f\u00fcr die Vorbereitung magnetischer Materialien, optischer Beschichtungen und elektronischer Ger\u00e4te<\/p>\n<h2><span style=\"font-size: 14pt;\">Anwendungen von Gadoliniumfluorid-Sputter-Targets<\/span><\/h2>\n<p>Magnetische Materialien: Als Schl\u00fcsselrohstoff f\u00fcr hochleistungsf\u00e4hige Magnetfilme werden sie h\u00e4ufig in magnetischen Aufzeichnungs- und Spintronikger\u00e4ten verwendet.<br \/>\nOptische Beschichtung: Zur Herstellung von verschlei\u00dffesten optischen Beschichtungen mit hohem Brechungsindex, wie z. B. Reflektoren und Filter.<br \/>\nElektronische Ger\u00e4te: Bereitstellung stabiler Beschichtungsmaterialien f\u00fcr die Herstellung elektronischer D\u00fcnnschichten zur Verbesserung der Leistung und Zuverl\u00e4ssigkeit von Ger\u00e4ten.<\/p>\n<h2><span style=\"font-size: 14pt;\">Berichte<\/span><\/h2>\n<p>Wir stellen Analysezertifikate (COA), Sicherheitsdatenbl\u00e4tter (MSDS) und andere relevante Berichte f\u00fcr jede Charge von Waren zur Verf\u00fcgung. Dar\u00fcber hinaus unterst\u00fctzen wir auch Pr\u00fcfungen durch Dritte, um die Qualit\u00e4tssicherung zu verbessern.<\/p>\n","protected":false},"excerpt":{"rendered":"<p>Gadoliniumfluorid Sputtering Target \u00dcbersicht Gadoliniumfluorid-Sputtertargets f\u00fcr magnetische und optische D\u00fcnnschichten sind Schl\u00fcsselmaterialien f\u00fcr hochleistungsf\u00e4hige D\u00fcnnschichtabscheidungsverfahren mit extrem hoher Reinheit und hervorragenden physikalischen Eigenschaften. Ihr Reinheitsgrad kann bis zu 99,99 % betragen, was eine qualitativ hochwertige Abscheidung von D\u00fcnnschichten und einen extrem niedrigen Gehalt an Verunreinigungen gew\u00e4hrleistet, die f\u00fcr eine gleichm\u00e4\u00dfige Schichtbildung, starke Haftung und stabile [&hellip;]<\/p>\n","protected":false},"featured_media":6993,"template":"","meta":{"_acf_changed":false},"product_brand":[132],"product_cat":[451],"product_tag":[609,321],"class_list":{"0":"post-10857","1":"product","2":"type-product","3":"status-publish","4":"has-post-thumbnail","6":"product_brand-ulpmat","7":"product_cat-keramisches-sputtering-target","8":"product_tag-gadoliniumfluorid","9":"product_tag-optische-materialien","11":"first","12":"instock","13":"shipping-taxable","14":"product-type-variable"},"acf":[],"_links":{"self":[{"href":"https:\/\/ulpmat.com\/de\/wp-json\/wp\/v2\/product\/10857","targetHints":{"allow":["GET"]}}],"collection":[{"href":"https:\/\/ulpmat.com\/de\/wp-json\/wp\/v2\/product"}],"about":[{"href":"https:\/\/ulpmat.com\/de\/wp-json\/wp\/v2\/types\/product"}],"wp:featuredmedia":[{"embeddable":true,"href":"https:\/\/ulpmat.com\/de\/wp-json\/wp\/v2\/media\/6993"}],"wp:attachment":[{"href":"https:\/\/ulpmat.com\/de\/wp-json\/wp\/v2\/media?parent=10857"}],"wp:term":[{"taxonomy":"product_brand","embeddable":true,"href":"https:\/\/ulpmat.com\/de\/wp-json\/wp\/v2\/product_brand?post=10857"},{"taxonomy":"product_cat","embeddable":true,"href":"https:\/\/ulpmat.com\/de\/wp-json\/wp\/v2\/product_cat?post=10857"},{"taxonomy":"product_tag","embeddable":true,"href":"https:\/\/ulpmat.com\/de\/wp-json\/wp\/v2\/product_tag?post=10857"}],"curies":[{"name":"wp","href":"https:\/\/api.w.org\/{rel}","templated":true}]}}