{"id":10840,"date":"2025-07-18T17:15:22","date_gmt":"2025-07-18T09:15:22","guid":{"rendered":"https:\/\/ulpmat.com\/product\/gadolinium-eisen-legierung\/"},"modified":"2025-07-18T17:15:22","modified_gmt":"2025-07-18T09:15:22","slug":"gadolinium-eisen-legierung","status":"publish","type":"product","link":"https:\/\/ulpmat.com\/de\/produkt\/gadolinium-eisen-legierung\/","title":{"rendered":"Gadolinium-Eisen-Legierung"},"content":{"rendered":"<h2><span style=\"font-size: 14pt;\"><strong>Gadolinium-Eisen-Legierung Sputtering Target \u00dcbersicht<\/strong><\/span><\/h2>\n<p data-start=\"118\" data-end=\"585\"><span style=\"color: #0000ff;\"><a style=\"color: #0000ff;\" href=\"https:\/\/ulpmat.com\/de\/search\/?type=name&#038;keyword=Gadolinium+Iron+Alloy\"><strong>Sputtertargets aus einer Gadolinium-Eisen-Legierung<\/strong><\/a><\/span> sind Hochleistungsmaterialien, die f\u00fcr die Herstellung von magnetischen D\u00fcnnschichten und spintronischen Ger\u00e4ten entwickelt wurden. Die Legierungstargets haben eine ausgezeichnete Reinheit und eine gleichm\u00e4\u00dfige Verteilung der Zusammensetzung, was die Stabilit\u00e4t w\u00e4hrend des Sputterprozesses und die hohe Qualit\u00e4t des Films gew\u00e4hrleistet. Unsere <strong data-start=\"439\" data-end=\"531\">hochreinen Sputtertargets aus Gadolinium-Eisen-Legierungen f\u00fcr magnetische D\u00fcnnschichtanwendungen<\/strong> liefern konsistente und zuverl\u00e4ssige Abscheidungsergebnisse.<\/p>\n<p data-start=\"587\" data-end=\"1104\">Wir bieten eine Vielzahl von Spezifikationen und Gr\u00f6\u00dfen an, die eine kundenspezifische Anpassung an die verschiedenen Prozessanforderungen erm\u00f6glichen. Au\u00dferdem verf\u00fcgen wir \u00fcber ein komplettes Kundendienstteam, das Ihre Fragen jederzeit beantworten kann. Dar\u00fcber hinaus sind unsere <strong data-start=\"776\" data-end=\"854\">kundenspezifischen Gadolinium-Eisen-Legierungs-Sputter-Targets f\u00fcr Spintronik-Bauteile<\/strong> so konzipiert, dass sie verschiedene Anforderungen der Industrie und Forschung erf\u00fcllen.<\/p>\n<h2><span style=\"font-size: 14pt;\">Produkt-Highlights von <strong><span style=\"font-size: 14pt;\">Gadolinium-Eisen-Legierung<\/span> <\/strong><\/span><\/h2>\n<p>Hohe Reinheit: 99,9 %, erf\u00fcllt die Anforderungen an hochwertige magnetische Materialien<br \/>\nEinheitliche Legierungszusammensetzung zur Gew\u00e4hrleistung einer stabilen Filmleistung<br \/>\nHochdichte und dichte Struktur zur Gew\u00e4hrleistung einer gleichm\u00e4\u00dfigen Sputteringabscheidung<br \/>\nAnpassbare Gr\u00f6\u00dfe und Form, geeignet f\u00fcr eine Vielzahl von Ger\u00e4ten<br \/>\nTarget-Binding-Service kann angeboten werden<br \/>\nAusgezeichnete magnetische Eigenschaften und thermische Stabilit\u00e4t, geeignet f\u00fcr Spinelektronik, magnetische Speicherung und andere Bereiche<\/p>\n<h2><span style=\"font-size: 14pt;\">Anwendungen von <strong><span style=\"font-size: 14pt;\">Gadolinium-Eisen-Legierung<\/span> <\/strong><\/span><\/h2>\n<p>Magnetfilm: zur Herstellung von magnetoresistiven Direktzugriffsspeichern (MRAM) und wichtigen Funktionsschichten von Magnetsensoren<br \/>\nSpintronische Bauelemente: erf\u00fcllen die Anforderungen an die Herstellung hochempfindlicher und leistungsstarker Bauelemente<br \/>\nMagneto-optische Ger\u00e4te: geeignet f\u00fcr magneto-optische Speicher- und Anzeigebereiche<br \/>\nAndere elektronische Ger\u00e4te: als Kernbestandteil von magnetischen Materialien<\/p>\n<h2><span style=\"font-size: 14pt;\">Bericht<\/span><\/h2>\n<p>Wir stellen detaillierte Analysezertifikate (COA), Sicherheitsdatenbl\u00e4tter (MSDS) und Pr\u00fcfberichte Dritter f\u00fcr jede Produktcharge zur Verf\u00fcgung, um Produktqualit\u00e4t und stabile Leistung zu gew\u00e4hrleisten. Wir freuen uns, wenn Sie uns f\u00fcr weitere technische Unterst\u00fctzung und Dienstleistungen kontaktieren.<\/p>\n","protected":false},"excerpt":{"rendered":"<p>Gadolinium-Eisen-Legierung Sputtering Target \u00dcbersicht Sputtertargets aus einer Gadolinium-Eisen-Legierung sind Hochleistungsmaterialien, die f\u00fcr die Herstellung von magnetischen D\u00fcnnschichten und spintronischen Ger\u00e4ten entwickelt wurden. Die Legierungstargets haben eine ausgezeichnete Reinheit und eine gleichm\u00e4\u00dfige Verteilung der Zusammensetzung, was die Stabilit\u00e4t w\u00e4hrend des Sputterprozesses und die hohe Qualit\u00e4t des Films gew\u00e4hrleistet. Unsere hochreinen Sputtertargets aus Gadolinium-Eisen-Legierungen f\u00fcr magnetische D\u00fcnnschichtanwendungen [&hellip;]<\/p>\n","protected":false},"featured_media":6981,"template":"","meta":{"_acf_changed":false},"product_brand":[132],"product_cat":[562],"product_tag":[603],"class_list":{"0":"post-10840","1":"product","2":"type-product","3":"status-publish","4":"has-post-thumbnail","6":"product_brand-ulpmat","7":"product_cat-legierung-sputtering-target","8":"product_tag-gadolinium-eisen-legierung","10":"first","11":"instock","12":"shipping-taxable","13":"product-type-variable"},"acf":[],"_links":{"self":[{"href":"https:\/\/ulpmat.com\/de\/wp-json\/wp\/v2\/product\/10840","targetHints":{"allow":["GET"]}}],"collection":[{"href":"https:\/\/ulpmat.com\/de\/wp-json\/wp\/v2\/product"}],"about":[{"href":"https:\/\/ulpmat.com\/de\/wp-json\/wp\/v2\/types\/product"}],"wp:featuredmedia":[{"embeddable":true,"href":"https:\/\/ulpmat.com\/de\/wp-json\/wp\/v2\/media\/6981"}],"wp:attachment":[{"href":"https:\/\/ulpmat.com\/de\/wp-json\/wp\/v2\/media?parent=10840"}],"wp:term":[{"taxonomy":"product_brand","embeddable":true,"href":"https:\/\/ulpmat.com\/de\/wp-json\/wp\/v2\/product_brand?post=10840"},{"taxonomy":"product_cat","embeddable":true,"href":"https:\/\/ulpmat.com\/de\/wp-json\/wp\/v2\/product_cat?post=10840"},{"taxonomy":"product_tag","embeddable":true,"href":"https:\/\/ulpmat.com\/de\/wp-json\/wp\/v2\/product_tag?post=10840"}],"curies":[{"name":"wp","href":"https:\/\/api.w.org\/{rel}","templated":true}]}}