{"id":10830,"date":"2025-07-18T17:15:23","date_gmt":"2025-07-18T09:15:23","guid":{"rendered":"https:\/\/ulpmat.com\/product\/terbium-metall-2\/"},"modified":"2025-07-18T17:15:23","modified_gmt":"2025-07-18T09:15:23","slug":"terbium-metall-2","status":"publish","type":"product","link":"https:\/\/ulpmat.com\/de\/produkt\/terbium-metall-2\/","title":{"rendered":"Terbium-Metall"},"content":{"rendered":"<h2 data-start=\"96\" data-end=\"617\"><span style=\"font-size: 14pt;\"><strong data-start=\"96\" data-end=\"169\">Terbium Metall Granulat \u00dcbersicht<\/strong><\/span><\/h2>\n<p data-start=\"96\" data-end=\"617\"><strong data-start=\"96\" data-end=\"169\"><span style=\"color: #0000ff;\"><a style=\"color: #0000ff;\" href=\"https:\/\/ulpmat.com\/de\/search\/?type=name&#038;keyword=Terbium+metal\">Terbium-Metallgranulat<\/a> f\u00fcr die <\/span>Forschung und Entwicklung von High-End-Materialien<\/strong> ist ein hochwertiges Rohmaterial f\u00fcr die Herstellung fortschrittlicher Materialien. Die Partikel weisen eine hohe Reinheit von 99,9 %, eine einheitliche Morphologie und eine feine Gr\u00f6\u00dfe auf, was eine hervorragende Leistung in verschiedenen Prozessanwendungen gew\u00e4hrleistet. Mit seinen hervorragenden physikalischen und chemischen Eigenschaften wird das <strong data-start=\"448\" data-end=\"520\">Terbium-Metallgranulat f\u00fcr magnetische Materialien und elektronische Ger\u00e4te<\/strong> in Funktionsfilmen, magnetischen Materialien, elektronischen Ger\u00e4ten und anderen Bereichen eingesetzt.<\/p>\n<p data-start=\"619\" data-end=\"914\">Wir bieten <strong data-start=\"630\" data-end=\"700\">Terbium-Metallgranulat f\u00fcr kundenspezifische Partikelgr\u00f6\u00dfen und Verpackungen<\/strong> in verschiedenen Spezifikationen an, die auf die besonderen Anforderungen verschiedener Prozesse zugeschnitten sind. Unser umfassendes Kundendienstsystem garantiert technische Unterst\u00fctzung und eine schnelle Reaktion auf alle Probleme w\u00e4hrend des Gebrauchs.<\/p>\n<h2><span style=\"font-size: 14pt;\">Produkt-Highlights von <strong data-start=\"96\" data-end=\"169\">Terbium-Metallgranulat <\/strong><\/span><\/h2>\n<p>Reinheit bis zu 99,9%, wodurch die Reinheit und Stabilit\u00e4t der Materialleistung gew\u00e4hrleistet wird<br \/>\nGleichm\u00e4\u00dfige Partikelform, angemessene Verteilung, einfache Prozesskontrolle<br \/>\nPartikelgr\u00f6\u00dfe und Verpackungsspezifikationen k\u00f6nnen je nach Kundenwunsch angepasst werden<br \/>\nAnwendbar f\u00fcr die Herstellung von magnetischem Material, elektronischen Komponenten und Seltenerdlegierungen<\/p>\n<h2><span style=\"font-size: 14pt;\">Anwendung von <strong data-start=\"96\" data-end=\"169\">Terbium-Metallgranulat <\/strong><\/span><\/h2>\n<p>Magnetische Werkstoffe: Als wichtiger Bestandteil von Seltenerd-Dauermagneten verbessert es die magnetischen Eigenschaften und die thermische Stabilit\u00e4t<br \/>\nElektronische Industrie: Materialvorbereitung f\u00fcr funktionelle Filme und Ger\u00e4te<br \/>\nVorbereitung von Legierungen: Legierungsanwendung, Verbesserung der physikalischen und chemischen Eigenschaften von Materialien<br \/>\nWissenschaftliche Forschung und Entwicklung: Deckung des Bedarfs von Labors und der Forschung und Entwicklung neuer Materialien f\u00fcr hochreine Seltenerdpartikel<\/p>\n<h2><span style=\"font-size: 14pt;\">Bericht<\/span><\/h2>\n<p data-start=\"31\" data-end=\"229\">Jede Charge wird von einem detaillierten Analysezertifikat (COA) und einem Sicherheitsdatenblatt (MSDS) begleitet, mit Unterst\u00fctzung f\u00fcr Tests durch Dritte, um eine gleichbleibende und zuverl\u00e4ssige Produktqualit\u00e4t zu gew\u00e4hrleisten.<\/p>\n","protected":false},"excerpt":{"rendered":"<p>Terbium Metall Granulat \u00dcbersicht Terbium-Metallgranulat f\u00fcr die Forschung und Entwicklung von High-End-Materialien ist ein hochwertiges Rohmaterial f\u00fcr die Herstellung fortschrittlicher Materialien. Die Partikel weisen eine hohe Reinheit von 99,9 %, eine einheitliche Morphologie und eine feine Gr\u00f6\u00dfe auf, was eine hervorragende Leistung in verschiedenen Prozessanwendungen gew\u00e4hrleistet. Mit seinen hervorragenden physikalischen und chemischen Eigenschaften wird das [&hellip;]<\/p>\n","protected":false},"featured_media":5943,"template":"","meta":{"_acf_changed":false},"product_brand":[132],"product_cat":[299],"product_tag":[597],"class_list":{"0":"post-10830","1":"product","2":"type-product","3":"status-publish","4":"has-post-thumbnail","6":"product_brand-ulpmat","7":"product_cat-verdampfen-von-materialien","8":"product_tag-terbium-de","10":"first","11":"instock","12":"shipping-taxable","13":"product-type-variable"},"acf":[],"_links":{"self":[{"href":"https:\/\/ulpmat.com\/de\/wp-json\/wp\/v2\/product\/10830","targetHints":{"allow":["GET"]}}],"collection":[{"href":"https:\/\/ulpmat.com\/de\/wp-json\/wp\/v2\/product"}],"about":[{"href":"https:\/\/ulpmat.com\/de\/wp-json\/wp\/v2\/types\/product"}],"wp:featuredmedia":[{"embeddable":true,"href":"https:\/\/ulpmat.com\/de\/wp-json\/wp\/v2\/media\/5943"}],"wp:attachment":[{"href":"https:\/\/ulpmat.com\/de\/wp-json\/wp\/v2\/media?parent=10830"}],"wp:term":[{"taxonomy":"product_brand","embeddable":true,"href":"https:\/\/ulpmat.com\/de\/wp-json\/wp\/v2\/product_brand?post=10830"},{"taxonomy":"product_cat","embeddable":true,"href":"https:\/\/ulpmat.com\/de\/wp-json\/wp\/v2\/product_cat?post=10830"},{"taxonomy":"product_tag","embeddable":true,"href":"https:\/\/ulpmat.com\/de\/wp-json\/wp\/v2\/product_tag?post=10830"}],"curies":[{"name":"wp","href":"https:\/\/api.w.org\/{rel}","templated":true}]}}