{"id":10809,"date":"2025-07-18T17:15:23","date_gmt":"2025-07-18T09:15:23","guid":{"rendered":"https:\/\/ulpmat.com\/product\/terbium-metall\/"},"modified":"2025-07-18T17:15:23","modified_gmt":"2025-07-18T09:15:23","slug":"terbium-metall","status":"publish","type":"product","link":"https:\/\/ulpmat.com\/de\/produkt\/terbium-metall\/","title":{"rendered":"Terbium-Metall"},"content":{"rendered":"<h2><span style=\"font-size: 14pt;\">Terbium Metall Sputtering Target \u00dcbersicht<\/span><\/h2>\n<p data-start=\"106\" data-end=\"503\"><strong data-start=\"106\" data-end=\"176\"><span style=\"color: #0000ff;\"><a style=\"color: #0000ff;\" href=\"https:\/\/ulpmat.com\/de\/search\/?type=name&#038;keyword=Terbium+metal\">Terbiummetall-Sputtertargets<\/a><\/span> f\u00fcr die moderne D\u00fcnnschichtabscheidung<\/strong> sind Hochleistungsmaterialien, die den strengen Anforderungen elektronischer und optischer Ger\u00e4te entsprechen. Mit einem Reinheitsgrad von bis zu 99,95 % verf\u00fcgt das Target \u00fcber eine ausgezeichnete Dichte und eine dichte Struktur, die eine gleichm\u00e4\u00dfige und stabile D\u00fcnnschichtabscheidung gew\u00e4hrleistet und gleichzeitig eine dichte und feste Schicht mit extrem geringem Gehalt an Verunreinigungen bildet.<\/p>\n<p data-start=\"505\" data-end=\"923\">Wir bieten <strong data-start=\"514\" data-end=\"582\">Terbium-Metallsputtertargets in kundenspezifischen Formen und Gr\u00f6\u00dfen<\/strong> an, einschlie\u00dflich runder und rechteckiger Optionen, die auf die Prozessanforderungen der Kunden zugeschnitten sind. Ein umfassendes Kundendienstsystem gew\u00e4hrleistet eine zeitnahe Reaktion und Unterst\u00fctzung bei allen technischen Problemen, die w\u00e4hrend des Einsatzes auftreten, und macht <strong data-start=\"798\" data-end=\"867\">Terbium-Metallsputtertargets f\u00fcr High-End-Ger\u00e4teanwendungen<\/strong> zu einer zuverl\u00e4ssigen Wahl f\u00fcr die fortschrittliche D\u00fcnnschichtherstellung.<\/p>\n<h2><span style=\"font-size: 14pt;\">Produkt-Highlights von Terbium Metall Sputtering Targets<\/span><\/h2>\n<p>Reinheit: 99,95 %, um die Reinheit der Schichtqualit\u00e4t zu gew\u00e4hrleisten<br \/>\nHohe Dichte und dichte Struktur zur Gew\u00e4hrleistung einer gleichm\u00e4\u00dfigen und stabilen Schichtabscheidung<br \/>\nGr\u00f6\u00dfe und Form k\u00f6nnen je nach Kundenwunsch angepasst werden und lassen sich flexibel auf verschiedene Prozesse abstimmen<br \/>\nAnwendbar auf magnetische Materialien, Halbleiterger\u00e4te, optische Beschichtungen und andere Bereiche<br \/>\nKann Zielbindungsdienste unterst\u00fctzen<\/p>\n<h2><span style=\"font-size: 14pt;\">Anwendung von Terbium Metall Sputtering Target<\/span><\/h2>\n<p>Vorbereitung von magnetischen Materialien: weit verbreitet bei der Abscheidung von Seltenerd-Dauermagneten und magnetischen Schichten<br \/>\nHalbleiterverfahren: f\u00fcr funktionelle Schichten zur Verbesserung der Leistung und Stabilit\u00e4t von Bauelementen<br \/>\nOptische Beschichtung: Formung hochleistungsf\u00e4higer Funktionsschichten auf der Oberfl\u00e4che von speziellen optischen Komponenten<br \/>\nForschung und Entwicklung: Deckung des speziellen Bedarfs wissenschaftlicher Forschungseinrichtungen an Seltenerdmetalltargets<\/p>\n<h2><span style=\"font-size: 14pt;\">Bericht<\/span><\/h2>\n<p>Jede Charge von Terbiummetall-Sputtertargets wird mit einem ma\u00dfgeblichen Analysezertifikat (COA), einem Sicherheitsdatenblatt (MSDS) und entsprechenden Pr\u00fcfberichten geliefert. Wir unterst\u00fctzen Pr\u00fcfungen durch Dritte, um eine stabile und zuverl\u00e4ssige Produktqualit\u00e4t zu gew\u00e4hrleisten und unseren Kunden zu helfen, eine optimale Prozessleistung zu erzielen.<\/p>\n","protected":false},"excerpt":{"rendered":"<p>Terbium Metall Sputtering Target \u00dcbersicht Terbiummetall-Sputtertargets f\u00fcr die moderne D\u00fcnnschichtabscheidung sind Hochleistungsmaterialien, die den strengen Anforderungen elektronischer und optischer Ger\u00e4te entsprechen. Mit einem Reinheitsgrad von bis zu 99,95 % verf\u00fcgt das Target \u00fcber eine ausgezeichnete Dichte und eine dichte Struktur, die eine gleichm\u00e4\u00dfige und stabile D\u00fcnnschichtabscheidung gew\u00e4hrleistet und gleichzeitig eine dichte und feste Schicht mit [&hellip;]<\/p>\n","protected":false},"featured_media":6921,"template":"","meta":{"_acf_changed":false},"product_brand":[132],"product_cat":[278],"product_tag":[477,597],"class_list":{"0":"post-10809","1":"product","2":"type-product","3":"status-publish","4":"has-post-thumbnail","6":"product_brand-ulpmat","7":"product_cat-metall-sputtering-target","8":"product_tag-metall-sputtering-target","9":"product_tag-terbium-de","11":"first","12":"instock","13":"shipping-taxable","14":"product-type-variable"},"acf":[],"_links":{"self":[{"href":"https:\/\/ulpmat.com\/de\/wp-json\/wp\/v2\/product\/10809","targetHints":{"allow":["GET"]}}],"collection":[{"href":"https:\/\/ulpmat.com\/de\/wp-json\/wp\/v2\/product"}],"about":[{"href":"https:\/\/ulpmat.com\/de\/wp-json\/wp\/v2\/types\/product"}],"wp:featuredmedia":[{"embeddable":true,"href":"https:\/\/ulpmat.com\/de\/wp-json\/wp\/v2\/media\/6921"}],"wp:attachment":[{"href":"https:\/\/ulpmat.com\/de\/wp-json\/wp\/v2\/media?parent=10809"}],"wp:term":[{"taxonomy":"product_brand","embeddable":true,"href":"https:\/\/ulpmat.com\/de\/wp-json\/wp\/v2\/product_brand?post=10809"},{"taxonomy":"product_cat","embeddable":true,"href":"https:\/\/ulpmat.com\/de\/wp-json\/wp\/v2\/product_cat?post=10809"},{"taxonomy":"product_tag","embeddable":true,"href":"https:\/\/ulpmat.com\/de\/wp-json\/wp\/v2\/product_tag?post=10809"}],"curies":[{"name":"wp","href":"https:\/\/api.w.org\/{rel}","templated":true}]}}