{"id":10798,"date":"2025-07-18T17:15:23","date_gmt":"2025-07-18T09:15:23","guid":{"rendered":"https:\/\/ulpmat.com\/product\/terbium-eisen-oxid\/"},"modified":"2025-07-18T17:15:23","modified_gmt":"2025-07-18T09:15:23","slug":"terbium-eisen-oxid","status":"publish","type":"product","link":"https:\/\/ulpmat.com\/de\/produkt\/terbium-eisen-oxid\/","title":{"rendered":"Terbium-Eisen-Oxid"},"content":{"rendered":"<h2><span style=\"font-size: 14pt;\">Terbium-Eisen-Oxid-Sputter-Target \u00dcbersicht<\/span><\/h2>\n<p data-start=\"110\" data-end=\"453\">Das<strong data-start=\"110\" data-end=\"174\"><span style=\"color: #0000ff;\"><a style=\"color: #0000ff;\" href=\"https:\/\/ulpmat.com\/de\/search\/?type=name&#038;keyword=Terbium+Iron+Oxide\">Terbiumeisenoxid-Sputtertarget<\/a> f\u00fcr <\/span>magnetische D\u00fcnnschichten<\/strong> ist ein Hochleistungsmaterial f\u00fcr die Herstellung optoelektronischer Bauelemente und funktioneller Beschichtungen. Mit einem Reinheitsgrad von bis zu 99,9 % weist es eine gleichm\u00e4\u00dfige Dichte und Kompaktheit auf, wodurch sichergestellt wird, dass die abgeschiedene Schicht ausgezeichnete magnetische Eigenschaften und eine stabile Struktur aufweist.<\/p>\n<p data-start=\"455\" data-end=\"861\">Wir bieten <strong data-start=\"464\" data-end=\"536\">Terbiumeisenoxid-Sputter-Targets in kundenspezifischen Formen und Gr\u00f6\u00dfen<\/strong> an, darunter runde und rechteckige Optionen, die auf die Anwendungsanforderungen verschiedener Prozesse und Anlagen zugeschnitten sind. Umfassender technischer Support und Kundendienst gew\u00e4hrleisten professionelle Unterst\u00fctzung bei der Verwendung von <strong data-start=\"782\" data-end=\"858\">Terbium Iron Oxide Sputtering Targets f\u00fcr moderne D\u00fcnnschichtanwendungen<\/strong>.<\/p>\n<h2><span style=\"font-size: 14pt;\">Produkt-Highlights von Terbium-Eisenoxid-Sputter-Targets<\/span><\/h2>\n<p>Reinheit: 99,9%<br \/>\nHohe Dichte, dichtes und einheitliches Gef\u00fcge<br \/>\nGr\u00f6\u00dfe und Form anpassbar<br \/>\nAusgezeichnete magnetische und optische Eigenschaften<br \/>\nGeeignet f\u00fcr magnetische Speicher, magneto-optische Ger\u00e4te und Mikrowellentechnologie<br \/>\nTarget-Binding-Service kann angeboten werden<\/p>\n<h2><span style=\"font-size: 14pt;\">Anwendung von Terbium-Eisen-Oxid-Sputter-Targets<\/span><\/h2>\n<p>Magnetische D\u00fcnnschichten: f\u00fcr die Herstellung von hochleistungsf\u00e4higen magnetischen Materialien wie Magnetspeicher und Magnetsensoren.<br \/>\nMagneto-optische Ger\u00e4te: geeignet f\u00fcr die Herstellung von optoelektronischen Ger\u00e4ten wie magneto-optische Isolatoren und optische Modulatoren.<br \/>\nMikrowellentechnologie: f\u00fcr die Herstellung von magnetischen Materialien in Mikrowellenger\u00e4ten zur Verbesserung der Signalqualit\u00e4t und der Ger\u00e4teleistung.<br \/>\nForschung und Entwicklung: Weit verbreitet in den Bereichen Materialwissenschaft und Magnetfilmforschung.<\/p>\n<h2><span style=\"font-size: 14pt;\">Bericht<\/span><\/h2>\n<p data-start=\"32\" data-end=\"313\">Jede Charge wird von einem detaillierten Analysezertifikat (COA) und einem Materialsicherheitsdatenblatt (MSDS) begleitet, mit Unterst\u00fctzung f\u00fcr Tests durch Dritte, um eine gleichbleibende und zuverl\u00e4ssige Produktqualit\u00e4t zu gew\u00e4hrleisten. Wenn Sie weitere technische Unterst\u00fctzung oder kundenspezifische Dienstleistungen ben\u00f6tigen, k\u00f6nnen Sie sich gerne an uns wenden.<\/p>\n","protected":false},"excerpt":{"rendered":"<p>Terbium-Eisen-Oxid-Sputter-Target \u00dcbersicht DasTerbiumeisenoxid-Sputtertarget f\u00fcr magnetische D\u00fcnnschichten ist ein Hochleistungsmaterial f\u00fcr die Herstellung optoelektronischer Bauelemente und funktioneller Beschichtungen. Mit einem Reinheitsgrad von bis zu 99,9 % weist es eine gleichm\u00e4\u00dfige Dichte und Kompaktheit auf, wodurch sichergestellt wird, dass die abgeschiedene Schicht ausgezeichnete magnetische Eigenschaften und eine stabile Struktur aufweist. Wir bieten Terbiumeisenoxid-Sputter-Targets in kundenspezifischen Formen und [&hellip;]<\/p>\n","protected":false},"featured_media":6909,"template":"","meta":{"_acf_changed":false},"product_brand":[132],"product_cat":[451],"product_tag":[597],"class_list":{"0":"post-10798","1":"product","2":"type-product","3":"status-publish","4":"has-post-thumbnail","6":"product_brand-ulpmat","7":"product_cat-keramisches-sputtering-target","8":"product_tag-terbium-de","10":"first","11":"instock","12":"shipping-taxable","13":"product-type-variable"},"acf":[],"_links":{"self":[{"href":"https:\/\/ulpmat.com\/de\/wp-json\/wp\/v2\/product\/10798","targetHints":{"allow":["GET"]}}],"collection":[{"href":"https:\/\/ulpmat.com\/de\/wp-json\/wp\/v2\/product"}],"about":[{"href":"https:\/\/ulpmat.com\/de\/wp-json\/wp\/v2\/types\/product"}],"wp:featuredmedia":[{"embeddable":true,"href":"https:\/\/ulpmat.com\/de\/wp-json\/wp\/v2\/media\/6909"}],"wp:attachment":[{"href":"https:\/\/ulpmat.com\/de\/wp-json\/wp\/v2\/media?parent=10798"}],"wp:term":[{"taxonomy":"product_brand","embeddable":true,"href":"https:\/\/ulpmat.com\/de\/wp-json\/wp\/v2\/product_brand?post=10798"},{"taxonomy":"product_cat","embeddable":true,"href":"https:\/\/ulpmat.com\/de\/wp-json\/wp\/v2\/product_cat?post=10798"},{"taxonomy":"product_tag","embeddable":true,"href":"https:\/\/ulpmat.com\/de\/wp-json\/wp\/v2\/product_tag?post=10798"}],"curies":[{"name":"wp","href":"https:\/\/api.w.org\/{rel}","templated":true}]}}