{"id":10774,"date":"2025-07-18T17:15:23","date_gmt":"2025-07-18T09:15:23","guid":{"rendered":"https:\/\/ulpmat.com\/product\/terbiumbromid\/"},"modified":"2025-07-18T17:15:23","modified_gmt":"2025-07-18T09:15:23","slug":"terbiumbromid","status":"publish","type":"product","link":"https:\/\/ulpmat.com\/de\/produkt\/terbiumbromid\/","title":{"rendered":"Terbiumbromid"},"content":{"rendered":"<h2><span style=\"font-size: 14pt;\">Terbiumbromid-Pulver \u00dcbersicht<\/span><\/h2>\n<p data-start=\"96\" data-end=\"515\"><strong data-start=\"96\" data-end=\"153\"><span style=\"color: #0000ff;\"><a style=\"color: #0000ff;\" href=\"https:\/\/ulpmat.com\/de\/search\/?type=name&#038;keyword=Terbium+Bromide\">Terbiumbromidpulver<\/a><\/span> f\u00fcr Hochleistungswerkstoffe<\/strong> ist ein hochwertiges Produkt, das f\u00fcr chemische Anwendungen entwickelt wurde. Mit einem Reinheitsgrad von bis zu 99,99 % sind die Partikel fein und gleichm\u00e4\u00dfig und gew\u00e4hrleisten Stabilit\u00e4t und Konsistenz in verschiedenen Anwendungen. Aufgrund seiner hervorragenden chemischen Stabilit\u00e4t eignet sich <strong data-start=\"382\" data-end=\"444\">Terbiumbromidpulver f\u00fcr magnetische und optische Komponenten<\/strong> ideal f\u00fcr den Einsatz in Katalysatoren, optischen Ger\u00e4ten und magnetischen Materialien.<\/p>\n<p data-start=\"517\" data-end=\"792\">Wir bieten <strong data-start=\"528\" data-end=\"598\">Terbiumbromidpulver f\u00fcr kundenspezifische Partikelgr\u00f6\u00dfen und Verpackungen<\/strong> in verschiedenen Spezifikationen an, um unterschiedlichen Prozessanforderungen gerecht zu werden. Wir bieten umfassende technische Unterst\u00fctzung, um Probleme bei der Verwendung zu l\u00f6sen und eine optimale Leistung in Ihren Anwendungen zu gew\u00e4hrleisten.<\/p>\n<h2><span style=\"font-size: 14pt;\">Produkt-Highlights von <\/span><span style=\"font-size: 14pt;\">Terbiumbromid-Pulver<\/span><\/h2>\n<p>Reinheit bis zu 99,99%<br \/>\nGleichm\u00e4\u00dfige und feine Partikel, geeignet f\u00fcr die Feinverarbeitung<br \/>\nAusgezeichnete chemische Stabilit\u00e4t und Lagerf\u00e4higkeit<br \/>\nAnpassbare Partikelgr\u00f6\u00dfe und Verpackungsspezifikationen<\/p>\n<h2><span style=\"font-size: 14pt;\">Anwendungen von Terbiumbromid-Pulver<\/span><\/h2>\n<p>Magnetische Materialien: Als wichtiges Seltenerdelement wird es zur Herstellung von Hochleistungs-Dauermagnetlegierungen verwendet<br \/>\nOptische Werkstoffe: Es spielt eine synergetische Rolle in optischem Glas und Laserger\u00e4ten<br \/>\nBereich Katalysatoren: Als Katalysatorbestandteil verbessert es die Reaktionseffizienz und -selektivit\u00e4t<\/p>\n<h2><span style=\"font-size: 14pt;\">Bericht<\/span><\/h2>\n<p>Wir stellen ein vollst\u00e4ndiges Analysezertifikat (COA), ein Sicherheitsdatenblatt (MSDS) und andere zugeh\u00f6rige Pr\u00fcfberichte f\u00fcr jede Produktcharge zur Verf\u00fcgung, unterst\u00fctzen die Pr\u00fcfung durch Dritte und gew\u00e4hrleisten Produktqualit\u00e4t und Kundensicherheit.<\/p>\n","protected":false},"excerpt":{"rendered":"<p>Terbiumbromid-Pulver \u00dcbersicht Terbiumbromidpulver f\u00fcr Hochleistungswerkstoffe ist ein hochwertiges Produkt, das f\u00fcr chemische Anwendungen entwickelt wurde. Mit einem Reinheitsgrad von bis zu 99,99 % sind die Partikel fein und gleichm\u00e4\u00dfig und gew\u00e4hrleisten Stabilit\u00e4t und Konsistenz in verschiedenen Anwendungen. Aufgrund seiner hervorragenden chemischen Stabilit\u00e4t eignet sich Terbiumbromidpulver f\u00fcr magnetische und optische Komponenten ideal f\u00fcr den Einsatz in [&hellip;]<\/p>\n","protected":false},"featured_media":5955,"template":"","meta":{"_acf_changed":false},"product_brand":[132],"product_cat":[318,319],"product_tag":[585],"class_list":{"0":"post-10774","1":"product","2":"type-product","3":"status-publish","4":"has-post-thumbnail","6":"product_brand-ulpmat","7":"product_cat-halogenid-materialien","8":"product_cat-materialien-der-seltenen-erden","9":"product_tag-terbiumbromid","11":"first","12":"instock","13":"shipping-taxable","14":"product-type-variable"},"acf":[],"_links":{"self":[{"href":"https:\/\/ulpmat.com\/de\/wp-json\/wp\/v2\/product\/10774","targetHints":{"allow":["GET"]}}],"collection":[{"href":"https:\/\/ulpmat.com\/de\/wp-json\/wp\/v2\/product"}],"about":[{"href":"https:\/\/ulpmat.com\/de\/wp-json\/wp\/v2\/types\/product"}],"wp:featuredmedia":[{"embeddable":true,"href":"https:\/\/ulpmat.com\/de\/wp-json\/wp\/v2\/media\/5955"}],"wp:attachment":[{"href":"https:\/\/ulpmat.com\/de\/wp-json\/wp\/v2\/media?parent=10774"}],"wp:term":[{"taxonomy":"product_brand","embeddable":true,"href":"https:\/\/ulpmat.com\/de\/wp-json\/wp\/v2\/product_brand?post=10774"},{"taxonomy":"product_cat","embeddable":true,"href":"https:\/\/ulpmat.com\/de\/wp-json\/wp\/v2\/product_cat?post=10774"},{"taxonomy":"product_tag","embeddable":true,"href":"https:\/\/ulpmat.com\/de\/wp-json\/wp\/v2\/product_tag?post=10774"}],"curies":[{"name":"wp","href":"https:\/\/api.w.org\/{rel}","templated":true}]}}