{"id":10660,"date":"2025-07-18T17:15:25","date_gmt":"2025-07-18T09:15:25","guid":{"rendered":"https:\/\/ulpmat.com\/product\/dysprosium-oxid\/"},"modified":"2025-07-18T17:15:25","modified_gmt":"2025-07-18T09:15:25","slug":"dysprosium-oxid","status":"publish","type":"product","link":"https:\/\/ulpmat.com\/de\/produkt\/dysprosium-oxid\/","title":{"rendered":"Dysprosium-Oxid"},"content":{"rendered":"<h2><span style=\"font-size: 14pt;\">Dysprosium-Oxid-Pulver \u00dcbersicht<\/span><\/h2>\n<p data-start=\"97\" data-end=\"528\"><strong data-start=\"97\" data-end=\"147\"><span style=\"color: #0000ff;\"><a style=\"color: #0000ff;\" href=\"https:\/\/ulpmat.com\/de\/search\/?type=name&#038;keyword=Dysprosium+Oxide\">Dysprosiumoxid-Pulver<\/a> f\u00fcr <\/span>magnetische Materialien<\/strong> ist ein hochreines Seltenerdoxid, das f\u00fcr Hochleistungskeramiken und Leuchtstoffanwendungen entwickelt wurde. Mit einem Reinheitsgrad von bis zu 99,99 % weist es eine ausgezeichnete thermische Stabilit\u00e4t, magneto-optische Eigenschaften und chemische Stabilit\u00e4t auf. Damit ist <strong data-start=\"382\" data-end=\"451\">Dysprosiumoxid-Pulver f\u00fcr die industrielle Fertigung und Forschung<\/strong> ideal, um eine stabile Leistung unter komplexen Arbeitsbedingungen zu gew\u00e4hrleisten.<\/p>\n<p data-start=\"530\" data-end=\"766\">Wir bieten <strong data-start=\"541\" data-end=\"598\">Dysprosiumoxid-Pulver f\u00fcr kundenspezifische Partikelgr\u00f6\u00dfen<\/strong> in verschiedenen Spezifikationen an. Wir bieten einen umfassenden Kundendienst an. Wenn Sie Fragen zur Verwendung haben, wenden Sie sich bitte an uns, damit wir Sie technisch beraten k\u00f6nnen.<\/p>\n<h2><span style=\"font-size: 14pt;\">Produkt-Highlights von <\/span><span style=\"font-size: 14pt;\">Dysprosiumoxid-Pulver<\/span><\/h2>\n<p>Reinheit: 99,9% &#8211; 99,99%<br \/>\nHohe thermische Stabilit\u00e4t, geeignet f\u00fcr Hochtemperatursinterung<br \/>\nAusgezeichnete magneto-optische Aktivit\u00e4t, geeignet f\u00fcr die Modifikation magnetischer Materialien<br \/>\nSpezifikation der Partikelgr\u00f6\u00dfe und Reinheit anpassbar<br \/>\nAnpassbare Verpackung<\/p>\n<h2><span style=\"font-size: 14pt;\">Anwendungen von Dysprosiumoxid-Pulver<\/span><\/h2>\n<p>Magnetische Materialien: zur Dotierung von NdFeB-Dauermagneten zur Verbesserung der Hochtemperatur-Koerzitivkraft.<br \/>\nKeramik und optisches Glas: Dotierung von Spezialkeramik, lumineszierendem Glas und Materialien f\u00fcr Infrarotfenster.<br \/>\nNuklearindustrie: kann aufgrund seines starken Neutronenabsorptionsquerschnitts als Moderator und Kontrollmaterial verwendet werden.<br \/>\nHochenergiephysik und wissenschaftliche Forschung: Weit verbreitet f\u00fcr die Synthese von Materialien mit hohem Brechungsindex oder speziellen magneto-optischen Materialien.<\/p>\n<h2><span style=\"font-size: 14pt;\">Berichte<\/span><\/h2>\n<p>Wir stellen f\u00fcr jede Charge Dysprosiumoxid-Pulver vollst\u00e4ndige Analysezertifikate (COA), Sicherheitsdatenbl\u00e4tter (MSDS) und andere relevante Berichte zur Verf\u00fcgung. Dar\u00fcber hinaus unterst\u00fctzen wir auch Pr\u00fcfungen durch Dritte, um die Qualit\u00e4tssicherung zu verbessern.<\/p>\n","protected":false},"excerpt":{"rendered":"<p>Dysprosium-Oxid-Pulver \u00dcbersicht Dysprosiumoxid-Pulver f\u00fcr magnetische Materialien ist ein hochreines Seltenerdoxid, das f\u00fcr Hochleistungskeramiken und Leuchtstoffanwendungen entwickelt wurde. Mit einem Reinheitsgrad von bis zu 99,99 % weist es eine ausgezeichnete thermische Stabilit\u00e4t, magneto-optische Eigenschaften und chemische Stabilit\u00e4t auf. Damit ist Dysprosiumoxid-Pulver f\u00fcr die industrielle Fertigung und Forschung ideal, um eine stabile Leistung unter komplexen Arbeitsbedingungen zu [&hellip;]<\/p>\n","protected":false},"featured_media":5991,"template":"","meta":{"_acf_changed":false},"product_brand":[132],"product_cat":[319,336],"product_tag":[543],"class_list":{"0":"post-10660","1":"product","2":"type-product","3":"status-publish","4":"has-post-thumbnail","6":"product_brand-ulpmat","7":"product_cat-materialien-der-seltenen-erden","8":"product_cat-oxide","9":"product_tag-dysprosium-oxid","11":"first","12":"instock","13":"shipping-taxable","14":"product-type-variable"},"acf":[],"_links":{"self":[{"href":"https:\/\/ulpmat.com\/de\/wp-json\/wp\/v2\/product\/10660","targetHints":{"allow":["GET"]}}],"collection":[{"href":"https:\/\/ulpmat.com\/de\/wp-json\/wp\/v2\/product"}],"about":[{"href":"https:\/\/ulpmat.com\/de\/wp-json\/wp\/v2\/types\/product"}],"wp:featuredmedia":[{"embeddable":true,"href":"https:\/\/ulpmat.com\/de\/wp-json\/wp\/v2\/media\/5991"}],"wp:attachment":[{"href":"https:\/\/ulpmat.com\/de\/wp-json\/wp\/v2\/media?parent=10660"}],"wp:term":[{"taxonomy":"product_brand","embeddable":true,"href":"https:\/\/ulpmat.com\/de\/wp-json\/wp\/v2\/product_brand?post=10660"},{"taxonomy":"product_cat","embeddable":true,"href":"https:\/\/ulpmat.com\/de\/wp-json\/wp\/v2\/product_cat?post=10660"},{"taxonomy":"product_tag","embeddable":true,"href":"https:\/\/ulpmat.com\/de\/wp-json\/wp\/v2\/product_tag?post=10660"}],"curies":[{"name":"wp","href":"https:\/\/api.w.org\/{rel}","templated":true}]}}