{"id":10647,"date":"2025-07-18T17:15:26","date_gmt":"2025-07-18T09:15:26","guid":{"rendered":"https:\/\/ulpmat.com\/product\/dysprosiumchlorid\/"},"modified":"2025-07-18T17:15:26","modified_gmt":"2025-07-18T09:15:26","slug":"dysprosiumchlorid","status":"publish","type":"product","link":"https:\/\/ulpmat.com\/de\/produkt\/dysprosiumchlorid\/","title":{"rendered":"Dysprosiumchlorid"},"content":{"rendered":"<h2><span style=\"font-size: 14pt;\"><strong>Dysprosiumchlorid-Pulver \u00dcbersicht<\/strong><\/span><\/h2>\n<p><span style=\"color: #0000ff;\"><a style=\"color: #0000ff;\" href=\"https:\/\/ulpmat.com\/de\/search\/?type=name&#038;keyword=Dysprosium+Chloride\"><strong>Dysprosiumchlorid-Pulver<\/strong><\/a><\/span><strong data-start=\"100\" data-end=\"166\"> f\u00fcr die Herstellung magnetischer Materialien<\/strong> ist ein hochreines Seltenerdchlorid, das f\u00fcr das Schmelzen von Seltenerdlegierungen und die Synthese von Funktionskeramik entwickelt wurde. Dieses Material verf\u00fcgt \u00fcber eine ausgezeichnete thermische Stabilit\u00e4t, chemische Reinheit und Verarbeitbarkeit, so dass sich <strong data-start=\"368\" data-end=\"426\">Dysprosiumchloridpulver f\u00fcr Legierungen auf Dysprosiumbasis<\/strong> ideal f\u00fcr High-End-Anwendungen wie NdFeB-Magnete, Leuchtstoffe und wissenschaftliche Forschungsreagenzien eignet.<\/p>\n<p data-start=\"542\" data-end=\"892\">Wir bieten <strong data-start=\"553\" data-end=\"607\">Dysprosiumchlorid-Pulver f\u00fcr Funktionskeramiken<\/strong> in verschiedenen Partikelgr\u00f6\u00dfen und Reinheitsgraden an, die entsprechend Ihren spezifischen Anforderungen verpackt und angepasst werden k\u00f6nnen. Dar\u00fcber hinaus bieten wir eine umfassende technische Beratung vor dem Verkauf und einen Kundendienst an, um sicherzustellen, dass jede Produktcharge Ihren Prozessstandards entspricht.<\/p>\n<h2><span style=\"font-size: 14pt;\">Produkt-Highlights von <strong>Dysprosiumchlorid-Pulver<\/strong><\/span><\/h2>\n<p>Reinheit: 99,99 %<br \/>\nKontrollierbare Partikelgr\u00f6\u00dfe, geeignet f\u00fcr verschiedene Synthese- und Verh\u00fcttungsanforderungen<br \/>\nAusgezeichnete Wasserl\u00f6slichkeit und Reaktivit\u00e4t<br \/>\nGeeignet f\u00fcr die Synthese von magnetischen Materialien, Keramikdotierung und experimentelle Forschung<br \/>\nAnpassbare Verpackung<\/p>\n<h2><span style=\"font-size: 14pt;\">Anwendungen von <strong>Dysprosiumchlorid-Pulver<\/strong><\/span><\/h2>\n<p>Hochleistungsmagnetwerkstoffe: Dotierung von NdFeB-Dauermagneten mit schweren Seltenen Erden zur Verbesserung der Hochtemperaturbest\u00e4ndigkeit und Koerzitivfeldst\u00e4rke.<br \/>\nHerstellung von Seltenerdlegierungen: kann als Zwischenrohstoff f\u00fcr das Schmelzen von Dysprosium-Metall oder Dysprosium-Legierungen (wie Dy-Fe, Dy-Co) verwendet werden.<br \/>\nOptoelektronische Funktionsmaterialien: f\u00fcr die Synthese von fluoreszierenden Materialien, Laserkristallen und mit Seltenen Erden dotierten Leuchtkeramiken.<br \/>\nWissenschaftliche Forschung und Reagenzien: geeignet f\u00fcr Universit\u00e4ten und Forschungseinrichtungen zur Durchf\u00fchrung von Experimenten in der Koordinationschemie mit Seltenen Erden und in der Materialwissenschaft.<\/p>\n<h2><span style=\"font-size: 14pt;\">Berichte<\/span><\/h2>\n<p>Wir stellen f\u00fcr jede Warenpartie ein Analysezertifikat (COA), ein Sicherheitsdatenblatt (MSDS) und andere Berichte zur Verf\u00fcgung. Dar\u00fcber hinaus unterst\u00fctzen wir auch Pr\u00fcfungen durch Dritte, um die Qualit\u00e4tssicherung zu verbessern.<\/p>\n","protected":false},"excerpt":{"rendered":"<p>Dysprosiumchlorid-Pulver \u00dcbersicht Dysprosiumchlorid-Pulver f\u00fcr die Herstellung magnetischer Materialien ist ein hochreines Seltenerdchlorid, das f\u00fcr das Schmelzen von Seltenerdlegierungen und die Synthese von Funktionskeramik entwickelt wurde. Dieses Material verf\u00fcgt \u00fcber eine ausgezeichnete thermische Stabilit\u00e4t, chemische Reinheit und Verarbeitbarkeit, so dass sich Dysprosiumchloridpulver f\u00fcr Legierungen auf Dysprosiumbasis ideal f\u00fcr High-End-Anwendungen wie NdFeB-Magnete, Leuchtstoffe und wissenschaftliche Forschungsreagenzien eignet. [&hellip;]<\/p>\n","protected":false},"featured_media":5997,"template":"","meta":{"_acf_changed":false},"product_brand":[132],"product_cat":[318,319],"product_tag":[537],"class_list":{"0":"post-10647","1":"product","2":"type-product","3":"status-publish","4":"has-post-thumbnail","6":"product_brand-ulpmat","7":"product_cat-halogenid-materialien","8":"product_cat-materialien-der-seltenen-erden","9":"product_tag-dysprosiumchlorid","11":"first","12":"instock","13":"shipping-taxable","14":"product-type-variable"},"acf":[],"_links":{"self":[{"href":"https:\/\/ulpmat.com\/de\/wp-json\/wp\/v2\/product\/10647","targetHints":{"allow":["GET"]}}],"collection":[{"href":"https:\/\/ulpmat.com\/de\/wp-json\/wp\/v2\/product"}],"about":[{"href":"https:\/\/ulpmat.com\/de\/wp-json\/wp\/v2\/types\/product"}],"wp:featuredmedia":[{"embeddable":true,"href":"https:\/\/ulpmat.com\/de\/wp-json\/wp\/v2\/media\/5997"}],"wp:attachment":[{"href":"https:\/\/ulpmat.com\/de\/wp-json\/wp\/v2\/media?parent=10647"}],"wp:term":[{"taxonomy":"product_brand","embeddable":true,"href":"https:\/\/ulpmat.com\/de\/wp-json\/wp\/v2\/product_brand?post=10647"},{"taxonomy":"product_cat","embeddable":true,"href":"https:\/\/ulpmat.com\/de\/wp-json\/wp\/v2\/product_cat?post=10647"},{"taxonomy":"product_tag","embeddable":true,"href":"https:\/\/ulpmat.com\/de\/wp-json\/wp\/v2\/product_tag?post=10647"}],"curies":[{"name":"wp","href":"https:\/\/api.w.org\/{rel}","templated":true}]}}