{"id":10616,"date":"2025-07-18T17:15:27","date_gmt":"2025-07-18T09:15:27","guid":{"rendered":"https:\/\/ulpmat.com\/product\/dysprosiumfluorid-dfm\/"},"modified":"2025-07-18T17:15:27","modified_gmt":"2025-07-18T09:15:27","slug":"dysprosiumfluorid-dfm","status":"publish","type":"product","link":"https:\/\/ulpmat.com\/de\/produkt\/dysprosiumfluorid-dfm\/","title":{"rendered":"Dysprosiumfluorid (DFM)"},"content":{"rendered":"<h2><span style=\"font-size: 14pt;\"><strong>Dysprosium<\/strong><strong> Fluoridpulver \u00dcbersicht<\/strong><\/span><\/h2>\n<p><span style=\"color: #0000ff;\"><a style=\"color: #0000ff;\" href=\"https:\/\/ulpmat.com\/de\/search\/?type=name&#038;keyword=Dysprosium+Fluoride\"><strong>Dysprosiumfluorid-Pulver<\/strong> <\/a><\/span><strong data-start=\"100\" data-end=\"167\"> f\u00fcr optoelektronische Funktionsschichten<\/strong> ist eine funktionelle Seltene-Erden-Verbindung, die f\u00fcr Hochleistungsmaterialanwendungen entwickelt wurde. Es hat herausragende Eigenschaften wie hohe Reinheit, hohe thermische Stabilit\u00e4t und gute chemische Stabilit\u00e4t. Seine feine Partikelstruktur bietet eine hochwertige Rohstoffbasis f\u00fcr die Materialwissenschaft, magnetische Ger\u00e4te, Spezialkeramiken und andere fortschrittliche Anwendungen.<\/p>\n<p data-start=\"534\" data-end=\"951\">Wir k\u00f6nnen <strong data-start=\"549\" data-end=\"600\">Dysprosiumfluorid-Pulver f\u00fcr magnetische Ger\u00e4te<\/strong> je nach Kundenwunsch in verschiedenen Partikelgr\u00f6\u00dfenbereichen anbieten und so eine stabile Chargenqualit\u00e4t und einen extrem niedrigen Gehalt an Verunreinigungen gew\u00e4hrleisten. Dar\u00fcber hinaus wird <strong data-start=\"746\" data-end=\"809\">Dysprosiumfluorid-Pulver f\u00fcr die Pr\u00e4zisionsmaterialsynthese<\/strong> mit professionellem technischem Kundendienst geliefert, um einen sorgenfreien und effizienten Einsatz in verschiedenen Pr\u00e4zisionsanwendungsprozessen zu gew\u00e4hrleisten.<\/p>\n<h2><span style=\"font-size: 14pt;\">Produkt-Highlights von<strong> Dysprosiumfluorid-Pulver<\/strong><\/span><\/h2>\n<p>Reinheit: 99,9% &#8211; 99,99%<br \/>\nOptionale Partikelgr\u00f6\u00dfe, gleichm\u00e4\u00dfige Verteilung, geeignet f\u00fcr feine Beschichtung und Sinterung<br \/>\nHohe chemische Stabilit\u00e4t, geringe Hygroskopizit\u00e4t<br \/>\nGeeignet f\u00fcr Hochtemperatur- und Vakuumprozessumgebung<br \/>\nKundenspezifische Verpackung und technischer Parameterbericht k\u00f6nnen zur Verf\u00fcgung gestellt werden<\/p>\n<h2><span style=\"font-size: 14pt;\">Anwendungen von<strong> Dysprosiu-Fluorid-Pulver<\/strong><\/span><\/h2>\n<p>Optische Keramiken und Funktionsgl\u00e4ser: zur Dotierung und Herstellung von Leuchtstoffen, Ultraviolett-Laserfenstermaterialien usw.<br \/>\nMagnetische Werkstoffe: als Zusatzstoffe f\u00fcr magnetische K\u00fchllegierungen oder Dauermagnetlegierungen zur Verst\u00e4rkung des magnetokalorischen Effekts.<br \/>\nElektronik- und Beschichtungsmaterialien: geeignet f\u00fcr vorgefertigte Zielpulver im Magnetron-Sputterverfahren<br \/>\nHochleistungskeramik: f\u00fcr das Sintern von verbesserter Keramik oder als keramische Strukturadditive.<\/p>\n<h2><span style=\"font-size: 14pt;\">Berichte<\/span><\/h2>\n<p>Wir stellen detaillierte Analysezertifikate (COA), Sicherheitsdatenbl\u00e4tter (MSDS) und andere relevante Berichte f\u00fcr jede Charge von <strong>Dysprosiumfluoridpulver<\/strong> zur Verf\u00fcgung. Falls erforderlich, k\u00f6nnen wir Pr\u00fcfungen und Zertifizierungen durch Dritte unterst\u00fctzen, um Kunden bei der Verfolgung der Qualit\u00e4t und bei internationalen Exporten zu helfen.<\/p>\n","protected":false},"excerpt":{"rendered":"<p>Dysprosium Fluoridpulver \u00dcbersicht Dysprosiumfluorid-Pulver f\u00fcr optoelektronische Funktionsschichten ist eine funktionelle Seltene-Erden-Verbindung, die f\u00fcr Hochleistungsmaterialanwendungen entwickelt wurde. Es hat herausragende Eigenschaften wie hohe Reinheit, hohe thermische Stabilit\u00e4t und gute chemische Stabilit\u00e4t. Seine feine Partikelstruktur bietet eine hochwertige Rohstoffbasis f\u00fcr die Materialwissenschaft, magnetische Ger\u00e4te, Spezialkeramiken und andere fortschrittliche Anwendungen. Wir k\u00f6nnen Dysprosiumfluorid-Pulver f\u00fcr magnetische Ger\u00e4te je nach [&hellip;]<\/p>\n","protected":false},"featured_media":6015,"template":"","meta":{"_acf_changed":false},"product_brand":[132],"product_cat":[318,319],"product_tag":[525,321],"class_list":{"0":"post-10616","1":"product","2":"type-product","3":"status-publish","4":"has-post-thumbnail","6":"product_brand-ulpmat","7":"product_cat-halogenid-materialien","8":"product_cat-materialien-der-seltenen-erden","9":"product_tag-dysprosiumfluorid","10":"product_tag-optische-materialien","12":"first","13":"instock","14":"shipping-taxable","15":"product-type-variable"},"acf":[],"_links":{"self":[{"href":"https:\/\/ulpmat.com\/de\/wp-json\/wp\/v2\/product\/10616","targetHints":{"allow":["GET"]}}],"collection":[{"href":"https:\/\/ulpmat.com\/de\/wp-json\/wp\/v2\/product"}],"about":[{"href":"https:\/\/ulpmat.com\/de\/wp-json\/wp\/v2\/types\/product"}],"wp:featuredmedia":[{"embeddable":true,"href":"https:\/\/ulpmat.com\/de\/wp-json\/wp\/v2\/media\/6015"}],"wp:attachment":[{"href":"https:\/\/ulpmat.com\/de\/wp-json\/wp\/v2\/media?parent=10616"}],"wp:term":[{"taxonomy":"product_brand","embeddable":true,"href":"https:\/\/ulpmat.com\/de\/wp-json\/wp\/v2\/product_brand?post=10616"},{"taxonomy":"product_cat","embeddable":true,"href":"https:\/\/ulpmat.com\/de\/wp-json\/wp\/v2\/product_cat?post=10616"},{"taxonomy":"product_tag","embeddable":true,"href":"https:\/\/ulpmat.com\/de\/wp-json\/wp\/v2\/product_tag?post=10616"}],"curies":[{"name":"wp","href":"https:\/\/api.w.org\/{rel}","templated":true}]}}