{"id":10554,"date":"2025-07-18T17:15:28","date_gmt":"2025-07-18T09:15:28","guid":{"rendered":"https:\/\/ulpmat.com\/product\/holmiumchlorid\/"},"modified":"2025-07-18T17:15:28","modified_gmt":"2025-07-18T09:15:28","slug":"holmiumchlorid","status":"publish","type":"product","link":"https:\/\/ulpmat.com\/de\/produkt\/holmiumchlorid\/","title":{"rendered":"Holmiumchlorid"},"content":{"rendered":"<h2><span style=\"font-size: 14pt;\"><strong>Holmiumchlorid-Pulver<\/strong> \u00dcbersicht<\/span><\/h2>\n<p><span style=\"color: #0000ff;\"><a style=\"color: #0000ff;\" href=\"https:\/\/ulpmat.com\/product\/cerium-chloride-cecl3-powder\/\"><strong>Holmiumchlorid-Pulver <\/strong><\/a><\/span><strong data-start=\"97\" data-end=\"149\">f\u00fcr die Dotierung von Laserkristallen<\/strong> ist eine wichtige Seltene-Erden-Verbindung, die bei der Herstellung von magneto-optischen Materialien und elektronischen Hochleistungsbauteilen weit verbreitet ist. Wir liefern hochreines <strong data-start=\"315\" data-end=\"367\">Holmiumchlorid-Pulver f\u00fcr funktionelle Materialien<\/strong> mit einer Reinheit von bis zu 99,95 %. Das Produkt ist ein hellgelbes bis hellrosa Pulver mit guter L\u00f6slichkeit und chemischer Aktivit\u00e4t, das sich f\u00fcr weitere Synthesen oder die Herstellung von Verbundwerkstoffen in der wissenschaftlichen Forschung und f\u00fcr industrielle Anwendungen eignet.<\/p>\n<p data-start=\"614\" data-end=\"952\">Wir bieten <strong data-start=\"625\" data-end=\"676\">Holmiumchlorid-Pulver f\u00fcr die wissenschaftliche Forschung<\/strong> in verschiedenen Partikelgr\u00f6\u00dfenbereichen an, um eine hohe Einheitlichkeit und Wiederholbarkeit bei der Verwendung zu gew\u00e4hrleisten. Gleichzeitig sorgen wir f\u00fcr eine professionelle Verpackung und einen feuchtigkeitsdichten Schutz, um einen stabilen Transport und eine langfristige Lagerung des Produkts zu gew\u00e4hrleisten.<\/p>\n<h2><span style=\"font-size: 14pt;\">Produkt-Highlights von <strong>Holmiumchlorid-Pulver<\/strong> <\/span><\/h2>\n<p>Reinheit von 99,95%, geringe Verunreinigungen, geeignet f\u00fcr High-End-Anwendungen<br \/>\nLeicht l\u00f6slich in Wasser und Alkoholen, einfach zu verarbeiten und zusammenzusetzen<br \/>\nDie Partikelgr\u00f6\u00dfe kann je nach Kundenbedarf angepasst werden<br \/>\nVerwendet f\u00fcr die Dotierung von Laserkristallen, Seltenerdlegierungen, elektro-optische, magneto-optische Materialien und wissenschaftliche Forschungssynthesen<br \/>\nAnpassbare Verpackung<\/p>\n<h2><span style=\"font-size: 14pt;\">Anwendungen von <strong>Holmiumchlorid-Pulver<\/strong> <\/span><\/h2>\n<p>Lasermaterialien: zur Dotierung von Kristallen wie YAG, um Laser mit bestimmten Wellenl\u00e4ngen zu emittieren.<br \/>\nMagneto-optische und elektronische Materialien: zur Herstellung spezifischer magnetischer oder optischer Komponenten.<br \/>\nSynthese von Seltenerdverbindungen: als Vorl\u00e4ufer f\u00fcr die Herstellung anderer Terbium-Serien oder gemischter Seltenerd-Salze.<\/p>\n<h2><span style=\"font-size: 14pt;\">Bericht<\/span><\/h2>\n<p>Wir stellen f\u00fcr jede Produktcharge ein vollst\u00e4ndiges Analysezertifikat (COA), ein Sicherheitsdatenblatt (MSDS) und die f\u00fcr den Import und Export erforderlichen Berichte zur Verf\u00fcgung und k\u00f6nnen zur Gew\u00e4hrleistung der Produktqualit\u00e4t je nach Kundenanforderung die Unterst\u00fctzung von Drittanbietern anbieten.<\/p>\n","protected":false},"excerpt":{"rendered":"<p>Holmiumchlorid-Pulver \u00dcbersicht Holmiumchlorid-Pulver f\u00fcr die Dotierung von Laserkristallen ist eine wichtige Seltene-Erden-Verbindung, die bei der Herstellung von magneto-optischen Materialien und elektronischen Hochleistungsbauteilen weit verbreitet ist. Wir liefern hochreines Holmiumchlorid-Pulver f\u00fcr funktionelle Materialien mit einer Reinheit von bis zu 99,95 %. Das Produkt ist ein hellgelbes bis hellrosa Pulver mit guter L\u00f6slichkeit und chemischer Aktivit\u00e4t, das [&hellip;]<\/p>\n","protected":false},"featured_media":6789,"template":"","meta":{"_acf_changed":false},"product_brand":[132],"product_cat":[318,319],"product_tag":[507],"class_list":{"0":"post-10554","1":"product","2":"type-product","3":"status-publish","4":"has-post-thumbnail","6":"product_brand-ulpmat","7":"product_cat-halogenid-materialien","8":"product_cat-materialien-der-seltenen-erden","9":"product_tag-holmiumchlorid","11":"first","12":"instock","13":"shipping-taxable","14":"product-type-variable"},"acf":[],"_links":{"self":[{"href":"https:\/\/ulpmat.com\/de\/wp-json\/wp\/v2\/product\/10554","targetHints":{"allow":["GET"]}}],"collection":[{"href":"https:\/\/ulpmat.com\/de\/wp-json\/wp\/v2\/product"}],"about":[{"href":"https:\/\/ulpmat.com\/de\/wp-json\/wp\/v2\/types\/product"}],"wp:featuredmedia":[{"embeddable":true,"href":"https:\/\/ulpmat.com\/de\/wp-json\/wp\/v2\/media\/6789"}],"wp:attachment":[{"href":"https:\/\/ulpmat.com\/de\/wp-json\/wp\/v2\/media?parent=10554"}],"wp:term":[{"taxonomy":"product_brand","embeddable":true,"href":"https:\/\/ulpmat.com\/de\/wp-json\/wp\/v2\/product_brand?post=10554"},{"taxonomy":"product_cat","embeddable":true,"href":"https:\/\/ulpmat.com\/de\/wp-json\/wp\/v2\/product_cat?post=10554"},{"taxonomy":"product_tag","embeddable":true,"href":"https:\/\/ulpmat.com\/de\/wp-json\/wp\/v2\/product_tag?post=10554"}],"curies":[{"name":"wp","href":"https:\/\/api.w.org\/{rel}","templated":true}]}}