{"id":10496,"date":"2025-07-18T17:15:29","date_gmt":"2025-07-18T09:15:29","guid":{"rendered":"https:\/\/ulpmat.com\/product\/erbium-metall-2\/"},"modified":"2025-07-18T17:15:29","modified_gmt":"2025-07-18T09:15:29","slug":"erbium-metall-2","status":"publish","type":"product","link":"https:\/\/ulpmat.com\/de\/produkt\/erbium-metall-2\/","title":{"rendered":"Erbium-Metall"},"content":{"rendered":"<h2><span style=\"font-size: 14pt;\"><strong>Erbium-Metallstab \u00dcbersicht<\/strong><\/span><\/h2>\n<p><span style=\"color: #0000ff;\"><a style=\"color: #0000ff;\" href=\"https:\/\/ulpmat.com\/de\/search\/?type=name&#038;keyword=Erbium+\"><strong>Erbium-Metallst\u00e4bchen<\/strong> <\/a><\/span><strong data-start=\"116\" data-end=\"180\"> f\u00fcr hochpr\u00e4zise industrielle Anwendungen<\/strong> sind hochwertige Materialien, die f\u00fcr hochpr\u00e4zise industrielle und wissenschaftliche Forschungsanwendungen entwickelt wurden. Mit einem Reinheitsgrad von mehr als 99,9 % und einer gleichm\u00e4\u00dfigen Dichte gew\u00e4hrleisten sie stabile mechanische Eigenschaften und eine hervorragende Verarbeitungsleistung des Materials. Sie werden haupts\u00e4chlich zur Herstellung von magnetischen Hochleistungswerkstoffen, funktionellen Legierungen und hochreinen Metallrohstoffen f\u00fcr wissenschaftliche Forschungsexperimente verwendet.<\/p>\n<p data-start=\"599\" data-end=\"970\">Wir bieten <strong data-start=\"610\" data-end=\"666\">ma\u00dfgeschneiderte Erbium-Metallst\u00e4be f\u00fcr die wissenschaftliche Forschung<\/strong> in verschiedenen Spezifikationen und Gr\u00f6\u00dfen an, einschlie\u00dflich runder St\u00e4be und speziell geformter St\u00e4be, die je nach Kundenbedarf angepasst werden k\u00f6nnen. Dar\u00fcber hinaus bieten wir umfassende technische Unterst\u00fctzung und einen Kundendienst an, um einen problemlosen Einsatz von <strong data-start=\"907\" data-end=\"969\">Erbium-Metallst\u00e4ben f\u00fcr industrielle und wissenschaftliche Anwendungen<\/strong> zu gew\u00e4hrleisten.<\/p>\n<h2><span style=\"font-size: 14pt;\">Produkt-Highlights von <strong>Erbium-Metallst\u00e4ben<\/strong><\/span><\/h2>\n<p>Reinheit bis zu 99,9%<br \/>\nGleichm\u00e4\u00dfige Dichte, stabile mechanische Eigenschaften<br \/>\nVerschiedene Gr\u00f6\u00dfen, anpassbare Form und L\u00e4nge<br \/>\nGeeignet f\u00fcr die Herstellung magnetischer Materialien, die Vorbereitung von Legierungen, Hochtemperaturger\u00e4te und wissenschaftliche Forschungsexperimente<\/p>\n<h2><span style=\"font-size: 14pt;\">Anwendung von <strong>Erbium-Metallst\u00e4ben<\/strong><\/span><\/h2>\n<p>Magnetische Werkstoffe: Aufgrund ihrer einzigartigen magnetischen Eigenschaften werden sie h\u00e4ufig f\u00fcr Hochleistungsmagnete und magnetische Legierungen verwendet.<br \/>\nHerstellung von Legierungen: Als wichtiges Legierungselement werden sie zur Herstellung funktioneller Legierungsmaterialien verwendet.<br \/>\nHochtemperaturger\u00e4te: Aufgrund ihrer guten thermischen Stabilit\u00e4t sind sie f\u00fcr den Einsatz in Hochtemperaturumgebungen geeignet.<br \/>\nWissenschaftliche Forschungsexperimente: Der hohe Reinheitsgrad gew\u00e4hrleistet die Genauigkeit und Stabilit\u00e4t der experimentellen Daten.<\/p>\n<h2><span style=\"font-size: 14pt;\">Berichte<\/span><\/h2>\n<p>Jede Produktcharge wird mit einem detaillierten Analysezertifikat (COA), Sicherheitsdatenblatt (MSDS) und anderen relevanten Pr\u00fcfberichten geliefert. Gleichzeitig unterst\u00fctzt das Unternehmen ma\u00dfgebliche Pr\u00fcfungen durch Dritte, um die Produktqualit\u00e4t sicherzustellen.<\/p>\n","protected":false},"excerpt":{"rendered":"<p>Erbium-Metallstab \u00dcbersicht Erbium-Metallst\u00e4bchen f\u00fcr hochpr\u00e4zise industrielle Anwendungen sind hochwertige Materialien, die f\u00fcr hochpr\u00e4zise industrielle und wissenschaftliche Forschungsanwendungen entwickelt wurden. Mit einem Reinheitsgrad von mehr als 99,9 % und einer gleichm\u00e4\u00dfigen Dichte gew\u00e4hrleisten sie stabile mechanische Eigenschaften und eine hervorragende Verarbeitungsleistung des Materials. Sie werden haupts\u00e4chlich zur Herstellung von magnetischen Hochleistungswerkstoffen, funktionellen Legierungen und hochreinen Metallrohstoffen [&hellip;]<\/p>\n","protected":false},"featured_media":6045,"template":"","meta":{"_acf_changed":false},"product_brand":[132],"product_cat":[397],"product_tag":[489,411],"class_list":{"0":"post-10496","1":"product","2":"type-product","3":"status-publish","4":"has-post-thumbnail","6":"product_brand-ulpmat","7":"product_cat-andere-materialien","8":"product_tag-erbium-de","9":"product_tag-stab","11":"first","12":"instock","13":"shipping-taxable","14":"product-type-variable"},"acf":[],"_links":{"self":[{"href":"https:\/\/ulpmat.com\/de\/wp-json\/wp\/v2\/product\/10496","targetHints":{"allow":["GET"]}}],"collection":[{"href":"https:\/\/ulpmat.com\/de\/wp-json\/wp\/v2\/product"}],"about":[{"href":"https:\/\/ulpmat.com\/de\/wp-json\/wp\/v2\/types\/product"}],"wp:featuredmedia":[{"embeddable":true,"href":"https:\/\/ulpmat.com\/de\/wp-json\/wp\/v2\/media\/6045"}],"wp:attachment":[{"href":"https:\/\/ulpmat.com\/de\/wp-json\/wp\/v2\/media?parent=10496"}],"wp:term":[{"taxonomy":"product_brand","embeddable":true,"href":"https:\/\/ulpmat.com\/de\/wp-json\/wp\/v2\/product_brand?post=10496"},{"taxonomy":"product_cat","embeddable":true,"href":"https:\/\/ulpmat.com\/de\/wp-json\/wp\/v2\/product_cat?post=10496"},{"taxonomy":"product_tag","embeddable":true,"href":"https:\/\/ulpmat.com\/de\/wp-json\/wp\/v2\/product_tag?post=10496"}],"curies":[{"name":"wp","href":"https:\/\/api.w.org\/{rel}","templated":true}]}}