{"id":10359,"date":"2025-07-18T17:15:31","date_gmt":"2025-07-18T09:15:31","guid":{"rendered":"https:\/\/ulpmat.com\/product\/erbiumchlorid-hexahydrat\/"},"modified":"2025-07-18T17:15:31","modified_gmt":"2025-07-18T09:15:31","slug":"erbiumchlorid-hexahydrat","status":"publish","type":"product","link":"https:\/\/ulpmat.com\/de\/produkt\/erbiumchlorid-hexahydrat\/","title":{"rendered":"Erbiumchlorid Hexahydrat"},"content":{"rendered":"<h2><span style=\"font-size: 14pt;\"><strong>Erbiumchlorid Hexahydrat Pulver \u00dcbersicht<\/strong><\/span><\/h2>\n<p><span style=\"color: #0000ff;\"><a style=\"color: #0000ff;\" href=\"https:\/\/ulpmat.com\/de\/search\/?type=name&#038;keyword=Erbium+Chloride+Hexahydrate\"><strong>Erbiumchlorid-Hexahydrat-Pulver<\/strong><\/a><\/span> ist ein hochreines Seltenerdchlorid mit einer Reinheit von 99,999 %. Es hat eine gute Kristallinit\u00e4t und Stabilit\u00e4t und ist weit verbreitet in seltenen Erden funktionelle Materialien, Laser-Herstellung, Faser-Dotierung, und Hochleistungs-Keramik Vorbereitung.<\/p>\n<p data-start=\"275\" data-end=\"712\" data-is-last-node=\"\" data-is-only-node=\"\">Wir bieten <strong data-start=\"286\" data-end=\"336\">hochreines Erbiumchlorid-Hexahydrat-Pulver<\/strong> mit gleichm\u00e4\u00dfigen Partikeln und stabilem Wassergehalt an. Wir unterst\u00fctzen Multi-Spezifikations-Verpackungen und Kundenanpassungen, um sicherzustellen, dass das Produkt f\u00fcr eine Vielzahl von wissenschaftlichen Forschungs- und industriellen Anwendungsanforderungen geeignet ist. Perfekter technischer Kundendienst begleitet Ihre Materialforschung und -entwicklung sowie Ihre Produktion mit unserem <strong data-start=\"673\" data-end=\"711\">Erbiumchlorid-Hexahydrat-Pulver<\/strong>.<\/p>\n<h2><span style=\"font-size: 14pt;\">Produkt-Highlights von <strong>Erbiumchlorid-Hexahydrat-Pulver<\/strong><\/span><\/h2>\n<p>Reinheit bis zu 99,999%, extrem niedriger Gehalt an Verunreinigungen, erf\u00fcllt die Anforderungen von High-End-Materialien<br \/>\nGute Kristallinit\u00e4t, stabiler Wassergehalt, der die Konsistenz der chemischen Leistung gew\u00e4hrleistet<br \/>\nGleichm\u00e4\u00dfige Partikelverteilung, leicht aufzul\u00f6sen und zu dosieren<br \/>\nUnterst\u00fctzung kundenspezifischer Verpackungen und Spezifikationen zur Erf\u00fcllung unterschiedlicher Prozessanforderungen<\/p>\n<h2><span style=\"font-size: 14pt;\">Anwendungen <strong>von Erbiumchlorid Hexahydrat Pulver<\/strong><\/span><\/h2>\n<p>Lasermaterialien: Verwendung als Dotierstoff zur Herstellung von Er\u00b3\u207a-dotierten Laserkristallen und optischen Fasern<br \/>\nOptoelektronische Ger\u00e4te: f\u00fcr mit seltenen Erden dotierte optische Fasern, lichtemittierende Ger\u00e4te und optische Beschichtungen<br \/>\nFunktionskeramik: Beteiligung an der Entwicklung von Rezepturen und der Herstellung von keramischen Hochleistungswerkstoffen<br \/>\nMaterialforschung: weit verbreitete Anwendung in der Chemie von Seltenerdmetallen und der Entwicklung neuer funktioneller Materialien<\/p>\n<h2><span style=\"font-size: 14pt;\">Bericht:<\/span><\/h2>\n<article class=\"text-token-text-primary w-full focus:outline-none scroll-mt-[calc(var(--header-height)+min(200px,max(70px,20svh)))]\" dir=\"auto\" tabindex=\"-1\" data-turn-id=\"request-WEB:0cf552fb-ab25-4efd-ab4b-18b4999a1059-29\" data-testid=\"conversation-turn-52\" data-scroll-anchor=\"true\" data-turn=\"assistant\">\n<div class=\"text-base my-auto mx-auto pb-10 [--thread-content-margin:--spacing(4)] @[37rem]:[--thread-content-margin:--spacing(6)] @[72rem]:[--thread-content-margin:--spacing(16)] px-(--thread-content-margin)\">\n<div class=\"[--thread-content-max-width:32rem] @[34rem]:[--thread-content-max-width:40rem] @[64rem]:[--thread-content-max-width:48rem] mx-auto max-w-(--thread-content-max-width) flex-1 group\/turn-messages focus-visible:outline-hidden relative flex w-full min-w-0 flex-col agent-turn\" tabindex=\"-1\">\n<div class=\"flex max-w-full flex-col grow\">\n<div class=\"min-h-8 text-message relative flex w-full flex-col items-end gap-2 text-start break-words whitespace-normal [.text-message+&amp;]:mt-5\" dir=\"auto\" data-message-author-role=\"assistant\" data-message-id=\"cbe53a83-b6cb-4770-82cb-eda9130ec5a7\" data-message-model-slug=\"gpt-5-mini\">\n<div class=\"flex w-full flex-col gap-1 empty:hidden first:pt-[3px]\">\n<div class=\"markdown prose dark:prose-invert w-full break-words light markdown-new-styling\">\n<article class=\"text-token-text-primary w-full focus:outline-none scroll-mt-[calc(var(--header-height)+min(200px,max(70px,20svh)))]\" dir=\"auto\" tabindex=\"-1\" data-turn-id=\"request-WEB:0cf552fb-ab25-4efd-ab4b-18b4999a1059-29\" data-testid=\"conversation-turn-52\" data-scroll-anchor=\"true\" data-turn=\"assistant\">\n<div class=\"text-base my-auto mx-auto pb-10 [--thread-content-margin:--spacing(4)] @[37rem]:[--thread-content-margin:--spacing(6)] @[72rem]:[--thread-content-margin:--spacing(16)] px-(--thread-content-margin)\">\n<div class=\"[--thread-content-max-width:32rem] @[34rem]:[--thread-content-max-width:40rem] @[64rem]:[--thread-content-max-width:48rem] mx-auto max-w-(--thread-content-max-width) flex-1 group\/turn-messages focus-visible:outline-hidden relative flex w-full min-w-0 flex-col agent-turn\" tabindex=\"-1\">\n<div class=\"flex max-w-full flex-col grow\">\n<div class=\"min-h-8 text-message relative flex w-full flex-col items-end gap-2 text-start break-words whitespace-normal [.text-message+&amp;]:mt-5\" dir=\"auto\" data-message-author-role=\"assistant\" data-message-id=\"cbe53a83-b6cb-4770-82cb-eda9130ec5a7\" data-message-model-slug=\"gpt-5-mini\">\n<div class=\"flex w-full flex-col gap-1 empty:hidden first:pt-[3px]\">\n<div class=\"markdown prose dark:prose-invert w-full break-words light markdown-new-styling\">\n<p data-start=\"0\" data-end=\"248\" data-is-last-node=\"\" data-is-only-node=\"\">Jede Charge des Pulvers wird mit einem vollst\u00e4ndigen Analysezertifikat (COA), einem Sicherheitsdatenblatt (MSDS) und den entsprechenden Qualit\u00e4tspr\u00fcfungsberichten geliefert. Wir unterst\u00fctzen ma\u00dfgebliche Tests durch Dritte, um sicherzustellen, dass das Produkt stabil und zuverl\u00e4ssig ist.<\/p>\n<\/div>\n<\/div>\n<\/div>\n<\/div>\n<\/div>\n<\/div>\n<\/article>\n<\/div>\n<\/div>\n<\/div>\n<\/div>\n<\/div>\n<\/div>\n<\/article>\n","protected":false},"excerpt":{"rendered":"<p>Erbiumchlorid Hexahydrat Pulver \u00dcbersicht Erbiumchlorid-Hexahydrat-Pulver ist ein hochreines Seltenerdchlorid mit einer Reinheit von 99,999 %. Es hat eine gute Kristallinit\u00e4t und Stabilit\u00e4t und ist weit verbreitet in seltenen Erden funktionelle Materialien, Laser-Herstellung, Faser-Dotierung, und Hochleistungs-Keramik Vorbereitung. Wir bieten hochreines Erbiumchlorid-Hexahydrat-Pulver mit gleichm\u00e4\u00dfigen Partikeln und stabilem Wassergehalt an. Wir unterst\u00fctzen Multi-Spezifikations-Verpackungen und Kundenanpassungen, um sicherzustellen, dass [&hellip;]<\/p>\n","protected":false},"featured_media":6069,"template":"","meta":{"_acf_changed":false},"product_brand":[132],"product_cat":[318,319],"product_tag":[489,320],"class_list":{"0":"post-10359","1":"product","2":"type-product","3":"status-publish","4":"has-post-thumbnail","6":"product_brand-ulpmat","7":"product_cat-halogenid-materialien","8":"product_cat-materialien-der-seltenen-erden","9":"product_tag-erbium-de","10":"product_tag-halide-materialien","12":"first","13":"instock","14":"shipping-taxable","15":"product-type-variable"},"acf":[],"_links":{"self":[{"href":"https:\/\/ulpmat.com\/de\/wp-json\/wp\/v2\/product\/10359","targetHints":{"allow":["GET"]}}],"collection":[{"href":"https:\/\/ulpmat.com\/de\/wp-json\/wp\/v2\/product"}],"about":[{"href":"https:\/\/ulpmat.com\/de\/wp-json\/wp\/v2\/types\/product"}],"wp:featuredmedia":[{"embeddable":true,"href":"https:\/\/ulpmat.com\/de\/wp-json\/wp\/v2\/media\/6069"}],"wp:attachment":[{"href":"https:\/\/ulpmat.com\/de\/wp-json\/wp\/v2\/media?parent=10359"}],"wp:term":[{"taxonomy":"product_brand","embeddable":true,"href":"https:\/\/ulpmat.com\/de\/wp-json\/wp\/v2\/product_brand?post=10359"},{"taxonomy":"product_cat","embeddable":true,"href":"https:\/\/ulpmat.com\/de\/wp-json\/wp\/v2\/product_cat?post=10359"},{"taxonomy":"product_tag","embeddable":true,"href":"https:\/\/ulpmat.com\/de\/wp-json\/wp\/v2\/product_tag?post=10359"}],"curies":[{"name":"wp","href":"https:\/\/api.w.org\/{rel}","templated":true}]}}