{"id":10347,"date":"2025-07-18T17:15:33","date_gmt":"2025-07-18T09:15:33","guid":{"rendered":"https:\/\/ulpmat.com\/product\/erbiumfluorid\/"},"modified":"2025-07-18T17:15:33","modified_gmt":"2025-07-18T09:15:33","slug":"erbiumfluorid","status":"publish","type":"product","link":"https:\/\/ulpmat.com\/de\/produkt\/erbiumfluorid\/","title":{"rendered":"Erbiumfluorid"},"content":{"rendered":"<h2><span style=\"font-size: 14pt;\"><strong>Erbiumfluorid-Pulver \u00dcbersicht<\/strong><\/span><\/h2>\n<p><span style=\"color: #0000ff;\"><a style=\"color: #0000ff;\" href=\"https:\/\/ulpmat.com\/de\/search\/?type=name&#038;keyword=Erbium+Fluoride\"><strong>Erbiumfluorid-Pulver<\/strong><\/a><\/span> ist ein Seltenerdfluorid, das f\u00fcr Hochleistungs-Funktionsmaterialien entwickelt wurde. Es hat einen Reinheitsgrad von bis zu 99,999 %, einheitliche Partikel und eine ausgezeichnete Stabilit\u00e4t. Seine ausgezeichneten physikalischen und chemischen Eigenschaften gew\u00e4hrleisten die hervorragende Leistung des Materials in optischen Keramiken, Lasermaterialien und elektronischen Ger\u00e4ten.<\/p>\n<div class=\"text-base my-auto mx-auto pb-10 [--thread-content-margin:--spacing(4)] @[37rem]:[--thread-content-margin:--spacing(6)] @[72rem]:[--thread-content-margin:--spacing(16)] px-(--thread-content-margin)\">\n<div class=\"[--thread-content-max-width:32rem] @[34rem]:[--thread-content-max-width:40rem] @[64rem]:[--thread-content-max-width:48rem] mx-auto max-w-(--thread-content-max-width) flex-1 group\/turn-messages focus-visible:outline-hidden relative flex w-full min-w-0 flex-col agent-turn\" tabindex=\"-1\">\n<div class=\"flex max-w-full flex-col grow\">\n<div class=\"min-h-8 text-message relative flex w-full flex-col items-end gap-2 text-start break-words whitespace-normal [.text-message+&amp;]:mt-5\" dir=\"auto\" data-message-author-role=\"assistant\" data-message-id=\"82035e4c-0fdc-46cb-942e-f72a2945be8a\" data-message-model-slug=\"gpt-5\">\n<div class=\"flex w-full flex-col gap-1 empty:hidden first:pt-[3px]\">\n<div class=\"markdown prose dark:prose-invert w-full break-words light markdown-new-styling\">\n<p data-start=\"343\" data-end=\"794\" data-is-last-node=\"\" data-is-only-node=\"\">Wir bieten mehrere Spezifikationen von <strong data-start=\"381\" data-end=\"419\">hochreinem Erbiumfluoridpulver<\/strong> an, und die Partikelgr\u00f6\u00dfe kann je nach Kundenwunsch angepasst werden. Die Verpackung ist versiegelt und feuchtigkeitsdicht, um die Reinheit und Aktivit\u00e4t des Pulvers zu gew\u00e4hrleisten. Ob f\u00fcr die wissenschaftliche Forschung und Entwicklung oder die industrielle Produktion, wir bieten umfassende technische Unterst\u00fctzung und Kundendienst, damit Ihr Projekt mit unserem <strong data-start=\"767\" data-end=\"793\">Erbiumfluorid-Pulver<\/strong> reibungslos verl\u00e4uft.<\/p>\n<\/div>\n<\/div>\n<\/div>\n<\/div>\n<\/div>\n<\/div>\n<h2><span style=\"font-size: 14pt;\">Produkt-Highlights von <strong>Erbiumfluorid-Pulver<\/strong><\/span><\/h2>\n<p>Reinheit: 99,999%, gew\u00e4hrleistet eine leistungsstarke Materialbasis<br \/>\nGleichm\u00e4\u00dfige Partikel, gute Flie\u00dff\u00e4higkeit, geeignet f\u00fcr eine Vielzahl von Materialaufbereitungsprozessen<br \/>\nStabile chemische Eigenschaften, geringe Hygroskopizit\u00e4t, einfach zu lagern und zu verarbeiten<br \/>\nMa\u00dfgeschneiderte Partikelgr\u00f6\u00dfe und Verpackungsl\u00f6sungen zur Erf\u00fcllung unterschiedlicher Prozessanforderungen<\/p>\n<h2><span style=\"font-size: 14pt;\">Anwendungen von <strong>Erbiumfluoridpulver<\/strong><\/span><\/h2>\n<p>Optische Keramiken: als Dotiermaterial zur Verbesserung der Leistung von Lasern und optischen Ger\u00e4ten<br \/>\nLasermaterialien: f\u00fcr die Herstellung von Seltenerd-Laserkristallen wie Er:YAG<br \/>\nElektronische Keramiken: Verbesserung der elektrischen und magnetischen Eigenschaften von Funktionskeramiken<br \/>\nForschung zu Funktionsmaterialien aus Seltenen Erden: weit verbreitet in der Entwicklung von High-End-Materialien und in der wissenschaftlichen Forschung<\/p>\n<h2><span style=\"font-size: 14pt;\">Bericht:<\/span><\/h2>\n<p>Jede Charge Erbiumfluoridpulver wird mit einem detaillierten Analysezertifikat (COA), einem Sicherheitsdatenblatt (MSDS) und anderen relevanten Pr\u00fcfberichten geliefert. Wir unterst\u00fctzen die Qualit\u00e4tspr\u00fcfung durch Dritte, um sicherzustellen, dass die Produkte den internationalen Qualit\u00e4tsanforderungen entsprechen.<\/p>\n","protected":false},"excerpt":{"rendered":"<p>Erbiumfluorid-Pulver \u00dcbersicht Erbiumfluorid-Pulver ist ein Seltenerdfluorid, das f\u00fcr Hochleistungs-Funktionsmaterialien entwickelt wurde. Es hat einen Reinheitsgrad von bis zu 99,999 %, einheitliche Partikel und eine ausgezeichnete Stabilit\u00e4t. Seine ausgezeichneten physikalischen und chemischen Eigenschaften gew\u00e4hrleisten die hervorragende Leistung des Materials in optischen Keramiken, Lasermaterialien und elektronischen Ger\u00e4ten. Wir bieten mehrere Spezifikationen von hochreinem Erbiumfluoridpulver an, und die [&hellip;]<\/p>\n","protected":false},"featured_media":6075,"template":"","meta":{"_acf_changed":false},"product_brand":[132],"product_cat":[318,319],"product_tag":[489,321],"class_list":{"0":"post-10347","1":"product","2":"type-product","3":"status-publish","4":"has-post-thumbnail","6":"product_brand-ulpmat","7":"product_cat-halogenid-materialien","8":"product_cat-materialien-der-seltenen-erden","9":"product_tag-erbium-de","10":"product_tag-optische-materialien","12":"first","13":"instock","14":"shipping-taxable","15":"product-type-variable"},"acf":[],"_links":{"self":[{"href":"https:\/\/ulpmat.com\/de\/wp-json\/wp\/v2\/product\/10347","targetHints":{"allow":["GET"]}}],"collection":[{"href":"https:\/\/ulpmat.com\/de\/wp-json\/wp\/v2\/product"}],"about":[{"href":"https:\/\/ulpmat.com\/de\/wp-json\/wp\/v2\/types\/product"}],"wp:featuredmedia":[{"embeddable":true,"href":"https:\/\/ulpmat.com\/de\/wp-json\/wp\/v2\/media\/6075"}],"wp:attachment":[{"href":"https:\/\/ulpmat.com\/de\/wp-json\/wp\/v2\/media?parent=10347"}],"wp:term":[{"taxonomy":"product_brand","embeddable":true,"href":"https:\/\/ulpmat.com\/de\/wp-json\/wp\/v2\/product_brand?post=10347"},{"taxonomy":"product_cat","embeddable":true,"href":"https:\/\/ulpmat.com\/de\/wp-json\/wp\/v2\/product_cat?post=10347"},{"taxonomy":"product_tag","embeddable":true,"href":"https:\/\/ulpmat.com\/de\/wp-json\/wp\/v2\/product_tag?post=10347"}],"curies":[{"name":"wp","href":"https:\/\/api.w.org\/{rel}","templated":true}]}}