{"id":10323,"date":"2025-07-18T17:15:34","date_gmt":"2025-07-18T09:15:34","guid":{"rendered":"https:\/\/ulpmat.com\/product\/thulium-metall\/"},"modified":"2025-07-18T17:15:34","modified_gmt":"2025-07-18T09:15:34","slug":"thulium-metall","status":"publish","type":"product","link":"https:\/\/ulpmat.com\/de\/produkt\/thulium-metall\/","title":{"rendered":"Thulium-Metall"},"content":{"rendered":"<h2><span style=\"font-size: 14pt;\"><strong>Thulium-Metall-Sputtering-Target \u00dcbersicht<\/strong><\/span><\/h2>\n<p><span style=\"color: #0000ff;\"><a style=\"color: #0000ff;\" href=\"https:\/\/ulpmat.com\/de\/search\/?type=name&#038;keyword=Thulium+metal\"><strong>Thulium-Metall-Sputtertargets<\/strong><\/a><\/span> sind hochreine Materialien aus Seltenerdmetallen, die speziell f\u00fcr fortschrittliche D\u00fcnnschichtabscheidungsverfahren entwickelt wurden. Sie eignen sich f\u00fcr eine Vielzahl von PVD-Verfahren wie Magnetronsputtern, Ionenstrahlabscheidung und Elektronenstrahlverdampfung. Mit einer Reinheit von bis zu 99,9 %, einer dichten Metallstruktur und einer gleichm\u00e4\u00dfigen Filmbildung eignen sich <strong data-start=\"360\" data-end=\"408\" data-is-only-node=\"\">hochreine Thulium-Metallsputtertargets<\/strong> besonders f\u00fcr High-Tech-Bereiche wie magneto-optische Materialien, Infrarotfenster, Laserger\u00e4te und Funktionsfilme f\u00fcr die Forschung.<\/p>\n<p data-start=\"560\" data-end=\"945\" data-is-last-node=\"\" data-is-only-node=\"\">Wir k\u00f6nnen <strong data-start=\"575\" data-end=\"611\">Thulium-Metallsputtertargets<\/strong> in verschiedenen Formen und Gr\u00f6\u00dfen anbieten, einschlie\u00dflich runder, rechteckiger und speziell geformter Targets, und unterst\u00fctzen auch kundenspezifische Spezifikationen zur Anpassung an die Ausr\u00fcstung des Kunden. Wir bieten ein umfassendes Angebot an technischen Unterst\u00fctzungsdiensten, einschlie\u00dflich Targetbindungsdiensten, um unseren Kunden einen reibungslosen \u00dcbergang vom Experiment zur Massenproduktion zu erm\u00f6glichen.<\/p>\n<h2><span style=\"font-size: 14pt;\">Produkt-Highlights der <strong>Thulium-Metall-Sputter-Targets<\/strong><\/span><\/h2>\n<p>Reinheit: 99,9%<br \/>\nHochdichte Struktur: optimiert die Gleichm\u00e4\u00dfigkeit der D\u00fcnnschichtabscheidung<br \/>\nEigenschaften des Seltenerdmetalls: Paramagnetismus, gutes Infrarot-Reflexionsverm\u00f6gen, hohe Ordnungszahl<br \/>\nUnterst\u00fctzung der Kundenanpassung: Gr\u00f6\u00dfe, Form, R\u00fcckwand, Befestigungsl\u00f6cher usw. k\u00f6nnen je nach Bedarf flexibel angepasst werden<br \/>\nHohe Kompatibilit\u00e4t: Anpassung an g\u00e4ngige Vakuumbeschichtungsanlagen und F&amp;E-Plattformen<br \/>\nBindung: kann Target-Bindung und Backplane-Verarbeitung anbieten<\/p>\n<h2><span style=\"font-size: 14pt;\">Anwendungen von <strong>Thulium-Metall-Sputter-Targets<\/strong><\/span><\/h2>\n<p>Magneto-optische Materialien: zur Herstellung von D\u00fcnnschichtmaterialien wie magneto-optische Speicher und optische Isolatoren zur Verbesserung der magneto-optischen Reaktion<br \/>\nInfrarot-Optik: f\u00fcr Fenster und Beschichtungen im mittleren und fernen Infrarotbereich zur Verbesserung der thermischen Reflexion und Absorptionskontrolle<br \/>\nLaser- und Fluoreszenzger\u00e4te: Verwendung als Dotierungselemente oder aktivierte Schichten in Nahinfrarot-Lasern<br \/>\nMaterialwissenschaftliche Forschung: als Quelle f\u00fcr Seltenerdmetalle zur Herstellung von Multielement-Legierungen, \u00dcbergitterstrukturen und funktionalen Verbundschichten<\/p>\n<h2><span style=\"font-size: 14pt;\">Bericht<\/span><\/h2>\n<p>Wir stellen detaillierte Analysezertifikate (COA), Sicherheitsdatenbl\u00e4tter (MSDS) und andere relevante Dokumente f\u00fcr jede Charge von <strong>Thuliummetall-Sputter-Targets<\/strong> zur Verf\u00fcgung, um sicherzustellen, dass die Produkte die Qualit\u00e4tsanforderungen an hohe Reinheit und hohe Konsistenz erf\u00fcllen. Gleichzeitig unterst\u00fctzen wir Pr\u00fcfdienste Dritter, um die Zuverl\u00e4ssigkeit und Transparenz der Projekte zu verbessern.<\/p>\n","protected":false},"excerpt":{"rendered":"<p>Thulium-Metall-Sputtering-Target \u00dcbersicht Thulium-Metall-Sputtertargets sind hochreine Materialien aus Seltenerdmetallen, die speziell f\u00fcr fortschrittliche D\u00fcnnschichtabscheidungsverfahren entwickelt wurden. Sie eignen sich f\u00fcr eine Vielzahl von PVD-Verfahren wie Magnetronsputtern, Ionenstrahlabscheidung und Elektronenstrahlverdampfung. Mit einer Reinheit von bis zu 99,9 %, einer dichten Metallstruktur und einer gleichm\u00e4\u00dfigen Filmbildung eignen sich hochreine Thulium-Metallsputtertargets besonders f\u00fcr High-Tech-Bereiche wie magneto-optische Materialien, Infrarotfenster, Laserger\u00e4te [&hellip;]<\/p>\n","protected":false},"featured_media":6081,"template":"","meta":{"_acf_changed":false},"product_brand":[132],"product_cat":[278],"product_tag":[477,483],"class_list":{"0":"post-10323","1":"product","2":"type-product","3":"status-publish","4":"has-post-thumbnail","6":"product_brand-ulpmat","7":"product_cat-metall-sputtering-target","8":"product_tag-metall-sputtering-target","9":"product_tag-thulium-de","11":"first","12":"instock","13":"shipping-taxable","14":"product-type-variable"},"acf":[],"_links":{"self":[{"href":"https:\/\/ulpmat.com\/de\/wp-json\/wp\/v2\/product\/10323","targetHints":{"allow":["GET"]}}],"collection":[{"href":"https:\/\/ulpmat.com\/de\/wp-json\/wp\/v2\/product"}],"about":[{"href":"https:\/\/ulpmat.com\/de\/wp-json\/wp\/v2\/types\/product"}],"wp:featuredmedia":[{"embeddable":true,"href":"https:\/\/ulpmat.com\/de\/wp-json\/wp\/v2\/media\/6081"}],"wp:attachment":[{"href":"https:\/\/ulpmat.com\/de\/wp-json\/wp\/v2\/media?parent=10323"}],"wp:term":[{"taxonomy":"product_brand","embeddable":true,"href":"https:\/\/ulpmat.com\/de\/wp-json\/wp\/v2\/product_brand?post=10323"},{"taxonomy":"product_cat","embeddable":true,"href":"https:\/\/ulpmat.com\/de\/wp-json\/wp\/v2\/product_cat?post=10323"},{"taxonomy":"product_tag","embeddable":true,"href":"https:\/\/ulpmat.com\/de\/wp-json\/wp\/v2\/product_tag?post=10323"}],"curies":[{"name":"wp","href":"https:\/\/api.w.org\/{rel}","templated":true}]}}