{"id":10299,"date":"2025-07-18T17:15:34","date_gmt":"2025-07-18T09:15:34","guid":{"rendered":"https:\/\/ulpmat.com\/product\/thulium-oxid-2\/"},"modified":"2025-07-18T17:15:34","modified_gmt":"2025-07-18T09:15:34","slug":"thulium-oxid-2","status":"publish","type":"product","link":"https:\/\/ulpmat.com\/de\/produkt\/thulium-oxid-2\/","title":{"rendered":"Thulium-Oxid"},"content":{"rendered":"<h2><span style=\"font-size: 14pt;\"><strong>Thuliumoxid-Pulver \u00dcbersicht<\/strong><\/span><\/h2>\n<p><span style=\"color: #0000ff;\"><a style=\"color: #0000ff;\" href=\"https:\/\/ulpmat.com\/de\/search\/?type=name&#038;keyword=Thulium+Oxide\"><strong>Thuliumoxid-Pulver<\/strong><\/a> <\/span>sind hochreine Seltenerdoxide, die speziell f\u00fcr die Herstellung moderner Materialien verwendet werden. Sie verf\u00fcgen \u00fcber eine ausgezeichnete chemische Stabilit\u00e4t sowie optische und elektrische Eigenschaften. Mit einer Reinheit von bis zu 99,99 % ist die Partikelgr\u00f6\u00dfe von <strong data-start=\"248\" data-end=\"285\" data-is-only-node=\"\">hochreinem Thuliumoxidpulver<\/strong> kontrollierbar und gleichm\u00e4\u00dfig verteilt, so dass es sich ideal f\u00fcr den Einsatz in High-Tech-Bereichen wie optischen Filmen, Keramik, Laserkristallen, magneto-optischen Materialien und elektronischen Komponenten eignet.<\/p>\n<p>Wir bieten <strong data-start=\"11\" data-end=\"48\">hochreine Thuliumoxidpulver<\/strong> in einer Vielzahl von Partikelgr\u00f6\u00dfenbereichen und Spezifikationen an, darunter <strong data-start=\"116\" data-end=\"143\">ultrafeines Thuliumoxid<\/strong> und herk\u00f6mmliche Mikron-Pulver, die je nach Kundenbedarf angepasst werden k\u00f6nnen. Wir bieten auch eine umfassende technische Unterst\u00fctzung nach dem Verkauf, um eine optimale Nutzung unserer Produkte zu gew\u00e4hrleisten. Wenn Sie Fragen haben, k\u00f6nnen Sie sich gerne an uns wenden.<\/p>\n<h2><span style=\"font-size: 14pt;\">Produkt-Highlights von <strong>Thuliumoxid-Pulver<\/strong><\/span><\/h2>\n<p>Reinheitsbereich: 99,99%<br \/>\nKontrollierbare Partikelgr\u00f6\u00dfenverteilung: geeignet f\u00fcr eine Vielzahl von Formgebungs- und Sinterprozessen<br \/>\nHohe thermische Stabilit\u00e4t und Isolierung: geeignet f\u00fcr Hochtemperaturanwendungen<br \/>\nAnpassbare Verpackung und Spezifikationen: f\u00fcr Labor- und Massenproduktionsanforderungen geeignet<br \/>\nAnwendbar f\u00fcr die Entwicklung von optischen, elektronischen, keramischen und energetischen Materialien<\/p>\n<h2><span style=\"font-size: 14pt;\">Anwendungen von <strong>Thuliumoxidpulver<\/strong><\/span><\/h2>\n<p>Optische Materialien: Verwendung f\u00fcr Infrarotfenster, Beschichtungen mit hohem Brechungsindex und aktive Ionenquellen in Laserkristallen<br \/>\nMagneto-optische Materialien: wichtige Anwendungen in der magneto-optischen Speicherung und Lichtmodulation<br \/>\nKeramischer Bereich: Additive oder funktionelle keramische Matrixmaterialien zur Verbesserung der strukturellen Festigkeit und der funktionellen Leistung<br \/>\nElektronische Komponenten: als dielektrische High-k-Materialien oder dielektrische F\u00fcllstoffe f\u00fcr Kondensatoren zur Verbesserung der Ger\u00e4teleistung<br \/>\nWissenschaftliche Forschung und Entwicklung: als wichtiger Vorl\u00e4ufer bei der Synthese von Nanomaterialien und Dotierungssystemen f\u00fcr seltene Erden<\/p>\n<h2><span style=\"font-size: 14pt;\">Bericht<\/span><\/h2>\n<p>Jede Produktcharge wird mit einem Analysezertifikat (COA), einem Sicherheitsdatenblatt (MSDS) und den entsprechenden Konformit\u00e4tsdokumenten geliefert. Wir unterst\u00fctzen Pr\u00fcfdienste von Dritten, um die Qualit\u00e4tstransparenz und das Vertrauen zu verbessern und sicherzustellen, dass Ihre Forschung und Entwicklung sowie Ihre Produktion effizienter und zuverl\u00e4ssiger sind.<\/p>\n","protected":false},"excerpt":{"rendered":"<p>Thuliumoxid-Pulver \u00dcbersicht Thuliumoxid-Pulver sind hochreine Seltenerdoxide, die speziell f\u00fcr die Herstellung moderner Materialien verwendet werden. Sie verf\u00fcgen \u00fcber eine ausgezeichnete chemische Stabilit\u00e4t sowie optische und elektrische Eigenschaften. Mit einer Reinheit von bis zu 99,99 % ist die Partikelgr\u00f6\u00dfe von hochreinem Thuliumoxidpulver kontrollierbar und gleichm\u00e4\u00dfig verteilt, so dass es sich ideal f\u00fcr den Einsatz in High-Tech-Bereichen [&hellip;]<\/p>\n","protected":false},"featured_media":6093,"template":"","meta":{"_acf_changed":false},"product_brand":[132],"product_cat":[319,336],"product_tag":[441,483],"class_list":{"0":"post-10299","1":"product","2":"type-product","3":"status-publish","4":"has-post-thumbnail","6":"product_brand-ulpmat","7":"product_cat-materialien-der-seltenen-erden","8":"product_cat-oxide","9":"product_tag-materialien-der-seltenen-erden","10":"product_tag-thulium-de","12":"first","13":"instock","14":"shipping-taxable","15":"product-type-variable"},"acf":[],"_links":{"self":[{"href":"https:\/\/ulpmat.com\/de\/wp-json\/wp\/v2\/product\/10299","targetHints":{"allow":["GET"]}}],"collection":[{"href":"https:\/\/ulpmat.com\/de\/wp-json\/wp\/v2\/product"}],"about":[{"href":"https:\/\/ulpmat.com\/de\/wp-json\/wp\/v2\/types\/product"}],"wp:featuredmedia":[{"embeddable":true,"href":"https:\/\/ulpmat.com\/de\/wp-json\/wp\/v2\/media\/6093"}],"wp:attachment":[{"href":"https:\/\/ulpmat.com\/de\/wp-json\/wp\/v2\/media?parent=10299"}],"wp:term":[{"taxonomy":"product_brand","embeddable":true,"href":"https:\/\/ulpmat.com\/de\/wp-json\/wp\/v2\/product_brand?post=10299"},{"taxonomy":"product_cat","embeddable":true,"href":"https:\/\/ulpmat.com\/de\/wp-json\/wp\/v2\/product_cat?post=10299"},{"taxonomy":"product_tag","embeddable":true,"href":"https:\/\/ulpmat.com\/de\/wp-json\/wp\/v2\/product_tag?post=10299"}],"curies":[{"name":"wp","href":"https:\/\/api.w.org\/{rel}","templated":true}]}}