{"id":10282,"date":"2025-07-18T17:15:34","date_gmt":"2025-07-18T09:15:34","guid":{"rendered":"https:\/\/ulpmat.com\/product\/thulium-oxid\/"},"modified":"2025-07-18T17:15:34","modified_gmt":"2025-07-18T09:15:34","slug":"thulium-oxid","status":"publish","type":"product","link":"https:\/\/ulpmat.com\/de\/produkt\/thulium-oxid\/","title":{"rendered":"Thulium-Oxid"},"content":{"rendered":"<h2><span style=\"font-size: 14pt;\"> <strong>Thuliumoxid-Sputtering-Target \u00dcbersicht<\/strong><\/span><\/h2>\n<p><span style=\"color: #0000ff;\"><a style=\"color: #0000ff;\" href=\"https:\/\/ulpmat.com\/de\/search\/?type=name&#038;keyword=Thulium+Oxide\"><strong>Thuliumoxid-Sputtertargets<\/strong><\/a><\/span> sind hochleistungsf\u00e4hige Seltenerdoxid-Materialien, die f\u00fcr fortschrittliche D\u00fcnnschichtabscheidungsprozesse entwickelt wurden. Mit einem Reinheitsgrad von bis zu 99,99 % verf\u00fcgen sie \u00fcber eine ausgezeichnete chemische Stabilit\u00e4t und hohe Isolationseigenschaften und finden breite Anwendung in optoelektronischen Ger\u00e4ten, Speichermaterialien, optischen Beschichtungen und anderen Bereichen. <strong data-start=\"342\" data-end=\"390\" data-is-only-node=\"\">Hochreine Thuliumoxid-Sputtertargets<\/strong> weisen eine gute thermische Stabilit\u00e4t unter Hochtemperatur- und Hochvakuumbedingungen auf und eignen sich daher f\u00fcr anspruchsvolle Prozesse.<\/p>\n<article class=\"text-token-text-primary w-full focus:outline-none scroll-mt-[calc(var(--header-height)+min(200px,max(70px,20svh)))]\" dir=\"auto\" tabindex=\"-1\" data-turn-id=\"request-WEB:0cf552fb-ab25-4efd-ab4b-18b4999a1059-15\" data-testid=\"conversation-turn-24\" data-scroll-anchor=\"true\" data-turn=\"assistant\">\n<div class=\"text-base my-auto mx-auto pb-10 [--thread-content-margin:--spacing(4)] @[37rem]:[--thread-content-margin:--spacing(6)] @[72rem]:[--thread-content-margin:--spacing(16)] px-(--thread-content-margin)\">\n<div class=\"[--thread-content-max-width:32rem] @[34rem]:[--thread-content-max-width:40rem] @[64rem]:[--thread-content-max-width:48rem] mx-auto max-w-(--thread-content-max-width) flex-1 group\/turn-messages focus-visible:outline-hidden relative flex w-full min-w-0 flex-col agent-turn\" tabindex=\"-1\">\n<div class=\"flex max-w-full flex-col grow\">\n<div class=\"min-h-8 text-message relative flex w-full flex-col items-end gap-2 text-start break-words whitespace-normal [.text-message+&amp;]:mt-5\" dir=\"auto\" data-message-author-role=\"assistant\" data-message-id=\"cafce732-9f4b-4606-8ea7-710c276c26e9\" data-message-model-slug=\"gpt-5-mini\">\n<div class=\"flex w-full flex-col gap-1 empty:hidden first:pt-[3px]\">\n<div class=\"markdown prose dark:prose-invert w-full break-words light markdown-new-styling\">\n<p data-start=\"521\" data-end=\"877\" data-is-last-node=\"\" data-is-only-node=\"\">Wir bieten <strong data-start=\"530\" data-end=\"566\">Thuliumoxid-Sputtertargets<\/strong> in einer Vielzahl von Formen und Gr\u00f6\u00dfen an, darunter runde, rechteckige und speziell geformte Targets, und k\u00f6nnen je nach Kundenbedarf ma\u00dfgeschneiderte Dienstleistungen anbieten. Gleichzeitig bieten wir einen umfassenden Kundendienst an, um sicherzustellen, dass Sie sich in Bezug auf Auswahl, Verwendung, Prozessanpassung usw. keine Sorgen machen m\u00fcssen.<\/p>\n<\/div>\n<\/div>\n<\/div>\n<\/div>\n<h2 class=\"flex min-h-[46px] justify-start\"><span style=\"font-size: 14pt;\">Produkt-Highlights von <strong>Thuliumoxid-Sputter-Targets<\/strong><\/span><\/h2>\n<\/div>\n<\/div>\n<\/article>\n<p>Reinheit: 99,99%<br \/>\nDichte Struktur: gew\u00e4hrleistet eine gleichm\u00e4\u00dfige und stabile Schichtabscheidung<br \/>\nHohe Isolation und thermische Stabilit\u00e4t: geeignet f\u00fcr Hochleistungs-Dielektrikumsschichten und funktionelle Schichten<br \/>\nAnpassbare Gr\u00f6\u00dfe und Form: erf\u00fcllt die Kompatibilit\u00e4tsanforderungen verschiedener PVD-Anlagen<br \/>\nKompatibel mit den g\u00e4ngigsten Abscheidungssystemen: Anpassung an Anlagen wie Magnetronsputtern und Elektronenstrahlverdampfung<br \/>\nVerbindungsservice: Verarbeitung der Zielr\u00fcckwand und Verbindungsservice k\u00f6nnen angeboten werden<\/p>\n<h2><span style=\"font-size: 14pt;\">Anwendungen von <strong>Thuliumoxid-Sputter-Targets<\/strong><\/span><\/h2>\n<p>Halbleiterbauelemente: als High-K-Dielektrikum optimieren sie die Kapazit\u00e4t und die Leckageleistung von Bauelementen<br \/>\nOptische Beschichtung: f\u00fcr hochwertige optische Komponenten wie Filter, Infrarotfenster und Beschichtungen mit hohem Brechungsindex<br \/>\nInformationsspeicherung: f\u00fcr neue optische Speicher und magneto-optische Speicher-D\u00fcnnschichtmaterialien<br \/>\nLaserger\u00e4te und Leuchtstoffmaterialien: Verbesserung der Anregungseffizienz in Systemen mit Seltenerddotierung<\/p>\n<h2><span style=\"font-size: 14pt;\">Berichte<\/span><\/h2>\n<p>Wir erstellen f\u00fcr jede Charge einen vollst\u00e4ndigen Analysebericht (COA), ein Sicherheitsdatenblatt (MSDS) und Konformit\u00e4tsdokumente (wie RoHS, REACH). Wir unterst\u00fctzen Pr\u00fcfungen durch Dritte, um sicherzustellen, dass die Produktqualit\u00e4t den internationalen Standards entspricht.<\/p>\n","protected":false},"excerpt":{"rendered":"<p>Thuliumoxid-Sputtering-Target \u00dcbersicht Thuliumoxid-Sputtertargets sind hochleistungsf\u00e4hige Seltenerdoxid-Materialien, die f\u00fcr fortschrittliche D\u00fcnnschichtabscheidungsprozesse entwickelt wurden. Mit einem Reinheitsgrad von bis zu 99,99 % verf\u00fcgen sie \u00fcber eine ausgezeichnete chemische Stabilit\u00e4t und hohe Isolationseigenschaften und finden breite Anwendung in optoelektronischen Ger\u00e4ten, Speichermaterialien, optischen Beschichtungen und anderen Bereichen. Hochreine Thuliumoxid-Sputtertargets weisen eine gute thermische Stabilit\u00e4t unter Hochtemperatur- und Hochvakuumbedingungen auf [&hellip;]<\/p>\n","protected":false},"featured_media":6747,"template":"","meta":{"_acf_changed":false},"product_brand":[132],"product_cat":[451],"product_tag":[452,483],"class_list":{"0":"post-10282","1":"product","2":"type-product","3":"status-publish","4":"has-post-thumbnail","6":"product_brand-ulpmat","7":"product_cat-keramisches-sputtering-target","8":"product_tag-keramik-sputtertarget","9":"product_tag-thulium-de","11":"first","12":"instock","13":"shipping-taxable","14":"product-type-variable"},"acf":[],"_links":{"self":[{"href":"https:\/\/ulpmat.com\/de\/wp-json\/wp\/v2\/product\/10282","targetHints":{"allow":["GET"]}}],"collection":[{"href":"https:\/\/ulpmat.com\/de\/wp-json\/wp\/v2\/product"}],"about":[{"href":"https:\/\/ulpmat.com\/de\/wp-json\/wp\/v2\/types\/product"}],"wp:featuredmedia":[{"embeddable":true,"href":"https:\/\/ulpmat.com\/de\/wp-json\/wp\/v2\/media\/6747"}],"wp:attachment":[{"href":"https:\/\/ulpmat.com\/de\/wp-json\/wp\/v2\/media?parent=10282"}],"wp:term":[{"taxonomy":"product_brand","embeddable":true,"href":"https:\/\/ulpmat.com\/de\/wp-json\/wp\/v2\/product_brand?post=10282"},{"taxonomy":"product_cat","embeddable":true,"href":"https:\/\/ulpmat.com\/de\/wp-json\/wp\/v2\/product_cat?post=10282"},{"taxonomy":"product_tag","embeddable":true,"href":"https:\/\/ulpmat.com\/de\/wp-json\/wp\/v2\/product_tag?post=10282"}],"curies":[{"name":"wp","href":"https:\/\/api.w.org\/{rel}","templated":true}]}}