{"id":10107,"date":"2025-07-18T17:15:38","date_gmt":"2025-07-18T09:15:38","guid":{"rendered":"https:\/\/ulpmat.com\/product\/ytterbiumchlorid\/"},"modified":"2025-07-18T17:15:38","modified_gmt":"2025-07-18T09:15:38","slug":"ytterbiumchlorid","status":"publish","type":"product","link":"https:\/\/ulpmat.com\/de\/produkt\/ytterbiumchlorid\/","title":{"rendered":"Ytterbiumchlorid"},"content":{"rendered":"<h2><span style=\"font-size: 14pt;\"><strong>Ytterbiumchlorid-Pulver \u00dcbersicht<\/strong><\/span><\/h2>\n<p><strong><span style=\"color: #0000ff;\"><a style=\"color: #0000ff;\" href=\"https:\/\/ulpmat.com\/de\/search\/?type=name&#038;keyword=Ytterbium+Chloride\">Ytterbiumchlorid-Pulver<\/a><\/span><\/strong> ist eine hochreine Seltene-Erden-Verbindung mit hervorragender chemischer Stabilit\u00e4t und Reaktivit\u00e4t, die sich ideal f\u00fcr <strong data-start=\"197\" data-end=\"251\">hochreine Ytterbiumchlorid-Pulveranwendungen<\/strong> eignet, z. B. f\u00fcr die Dotierung von Laserkristallen, die Herstellung optischer Filme und die Synthese hochleistungsf\u00e4higer Seltenerdkatalysatoren.<\/p>\n<p data-start=\"365\" data-end=\"737\">Unsere hochreinen Pulver sind in anpassbaren Partikelgr\u00f6\u00dfen und Reinheiten erh\u00e4ltlich, die auf Ihre spezifische Anwendung zugeschnitten sind. Wir bieten auch einen umfassenden Kundendienst an. Wenn Sie also Fragen zur <strong>Verwendung unseres Ytterbiumchlorid-Pulvers<\/strong> haben, k\u00f6nnen Sie sich gerne an uns wenden.<\/p>\n<h2><span style=\"font-size: 14pt;\">Produkt-Highlights von <strong>Ytterbiumchlorid-Pulver<\/strong><\/span><\/h2>\n<p>Kontrollierbare Partikelgr\u00f6\u00dfenverteilung, anpassbare Gr\u00f6\u00dfe, geeignet f\u00fcr die Herstellung von transparenten Keramiken, Lasermaterialien, etc.<br \/>\nAnpassbare Verpackung<br \/>\nHohe Reinheit, anpassbar<\/p>\n<h2><span style=\"font-size: 14pt;\">Anwendungen von Ytterbiumchloridpulver<\/span><\/h2>\n<p>Lasermaterialien: f\u00fcr mit Yb\u00b3\u207a dotierte Laserkristalle oder -gl\u00e4ser mit hoher Energieumwandlungseffizienz<br \/>\nElektronische Materialien: geeignet f\u00fcr die Herstellung von Funktionsschichten mit hohem Brechungsindex oder Lumineszenz<br \/>\nKatalyse und chemische Synthese: Verwendung als Lewis-S\u00e4ure in hochselektiven katalytischen Reaktionen und in der organischen Synthese<br \/>\nWissenschaftliche Forschung: wird h\u00e4ufig zur Untersuchung des Verhaltens von Seltenerdionen hoher Ordnung und zur Regulierung der Materialleistung verwendet<\/p>\n<h2><span style=\"font-size: 14pt;\">Berichte<\/span><\/h2>\n<p>Wir stellen detaillierte Analysezertifikate (COA), Sicherheitsdatenbl\u00e4tter (MSDS) und Berichte \u00fcber Partikelgr\u00f6\u00dfen- und Reinheitsanalysen f\u00fcr jede Warenpartie zur Verf\u00fcgung und unterst\u00fctzen unsere Kunden bei der Benennung von externen Pr\u00fcfstellen zur Verifizierung, um Ihre strengen Qualit\u00e4tsanforderungen zu gew\u00e4hrleisten.<\/p>\n","protected":false},"excerpt":{"rendered":"<p>Ytterbiumchlorid-Pulver \u00dcbersicht Ytterbiumchlorid-Pulver ist eine hochreine Seltene-Erden-Verbindung mit hervorragender chemischer Stabilit\u00e4t und Reaktivit\u00e4t, die sich ideal f\u00fcr hochreine Ytterbiumchlorid-Pulveranwendungen eignet, z. B. f\u00fcr die Dotierung von Laserkristallen, die Herstellung optischer Filme und die Synthese hochleistungsf\u00e4higer Seltenerdkatalysatoren. Unsere hochreinen Pulver sind in anpassbaren Partikelgr\u00f6\u00dfen und Reinheiten erh\u00e4ltlich, die auf Ihre spezifische Anwendung zugeschnitten sind. Wir bieten [&hellip;]<\/p>\n","protected":false},"featured_media":6153,"template":"","meta":{"_acf_changed":false},"product_brand":[132],"product_cat":[318,319],"product_tag":[320,441,321,419],"class_list":{"0":"post-10107","1":"product","2":"type-product","3":"status-publish","4":"has-post-thumbnail","6":"product_brand-ulpmat","7":"product_cat-halogenid-materialien","8":"product_cat-materialien-der-seltenen-erden","9":"product_tag-halide-materialien","10":"product_tag-materialien-der-seltenen-erden","11":"product_tag-optische-materialien","12":"product_tag-ytterbium-de","14":"first","15":"instock","16":"shipping-taxable","17":"product-type-variable"},"acf":[],"_links":{"self":[{"href":"https:\/\/ulpmat.com\/de\/wp-json\/wp\/v2\/product\/10107","targetHints":{"allow":["GET"]}}],"collection":[{"href":"https:\/\/ulpmat.com\/de\/wp-json\/wp\/v2\/product"}],"about":[{"href":"https:\/\/ulpmat.com\/de\/wp-json\/wp\/v2\/types\/product"}],"wp:featuredmedia":[{"embeddable":true,"href":"https:\/\/ulpmat.com\/de\/wp-json\/wp\/v2\/media\/6153"}],"wp:attachment":[{"href":"https:\/\/ulpmat.com\/de\/wp-json\/wp\/v2\/media?parent=10107"}],"wp:term":[{"taxonomy":"product_brand","embeddable":true,"href":"https:\/\/ulpmat.com\/de\/wp-json\/wp\/v2\/product_brand?post=10107"},{"taxonomy":"product_cat","embeddable":true,"href":"https:\/\/ulpmat.com\/de\/wp-json\/wp\/v2\/product_cat?post=10107"},{"taxonomy":"product_tag","embeddable":true,"href":"https:\/\/ulpmat.com\/de\/wp-json\/wp\/v2\/product_tag?post=10107"}],"curies":[{"name":"wp","href":"https:\/\/api.w.org\/{rel}","templated":true}]}}