{"id":10056,"date":"2025-07-18T17:15:38","date_gmt":"2025-07-18T09:15:38","guid":{"rendered":"https:\/\/ulpmat.com\/product\/ytterbiumii-jodid\/"},"modified":"2025-07-18T17:15:38","modified_gmt":"2025-07-18T09:15:38","slug":"ytterbiumii-jodid","status":"publish","type":"product","link":"https:\/\/ulpmat.com\/de\/produkt\/ytterbiumii-jodid\/","title":{"rendered":"Ytterbium(II)-Jodid"},"content":{"rendered":"<h2><span style=\"font-size: 14pt;\"><strong>Ytterbiumjodid-Pulver \u00dcbersicht<\/strong><\/span><\/h2>\n<p><span style=\"color: #0000ff;\"><a style=\"color: #0000ff;\" href=\"https:\/\/ulpmat.com\/de\/search\/?type=name&#038;keyword=Ytterbium+%28II%29+Iodide\"><strong>Ytterbium-Iodid-Pulver<\/strong> <span style=\"color: #000000;\">i<\/span><\/a><\/span>ist eine leistungsstarke Seltenerdverbindung mit hervorragenden optischen und elektrischen Eigenschaften. Dieses <strong data-start=\"218\" data-end=\"320\">hochreine Ytterbiumjodid-Pulver (YbI2)<\/strong> f\u00fcr Laserdotierung und Infrarot-Lumineszenz-Anwendungen wird h\u00e4ufig f\u00fcr die Vakuumverdampfungsbeschichtung und die Herstellung moderner Funktionsmaterialien verwendet. Wir setzen fortschrittliche Reinigungs- und Kontrollverfahren ein, um sicherzustellen, dass das Produkt extrem geringe Verunreinigungen, eine hohe thermische Stabilit\u00e4t und eine gleichbleibende Chargenleistung von<strong data-start=\"548\" data-end=\"648\"> Ytterbiumjodid f\u00fcr Forschung und industrielle Anwendungen<\/strong> aufweist.<\/p>\n<p>Wir k\u00f6nnen hochreines <strong data-start=\"115\" data-end=\"197\">Ytterbiumjodid f\u00fcr die Synthese hochentwickelter funktioneller Materialien<\/strong> mit verschiedenen Partikelgr\u00f6\u00dfenbereichen anbieten und unterst\u00fctzen personalisierte Verpackungen, um Ihre spezifischen Forschungs- oder Industrieanforderungen zu erf\u00fcllen.<\/p>\n<h2><span style=\"font-size: 14pt;\">Produkt-Highlights von <strong>Ytterbiumjodid-Pulver<\/strong><\/span><\/h2>\n<p>Hohe thermische Stabilit\u00e4t, geeignet f\u00fcr Aufdampfbeschichtung<br \/>\nAnpassbare Partikelgr\u00f6\u00dfe und Verpackung<br \/>\nSpezielle versiegelte Verpackung zur Gew\u00e4hrleistung der Transportstabilit\u00e4t<br \/>\nGeringe Mindestbestellmenge der Produkte<\/p>\n<h2><span style=\"font-size: 14pt;\">Anwendungen von <strong>Ytterbiumjodid-Pulver<\/strong> <\/span><\/h2>\n<p>Halbleiter und optoelektronische Ger\u00e4te: kann f\u00fcr Infrarot-Fenster, dotierte lumineszierende D\u00fcnnschichtmaterialien, insbesondere f\u00fcr Nahinfrarot-Laserger\u00e4te verwendet werden.<br \/>\nOptische D\u00fcnnfilmmaterialien: werden als Aufdampfmaterial zur Herstellung funktioneller reflektierender oder leitender Schichten verwendet.<br \/>\nLasermaterial-Dotierstoffe: Yb\u00b3\u207a-Ionen haben eine einfache Energieniveaustruktur und sind h\u00e4ufig verwendete Aktivierungsionen in hocheffizienten Lasergewinnungsmedien.<br \/>\nWissenschaftliche Forschung und Kristallz\u00fcchtung: zur Herstellung von Seltenerdkristallen, Seltenerdgl\u00e4sern oder dotierten Oxidkeramiken usw.<\/p>\n<h2><span style=\"font-size: 14pt;\">Berichte<\/span><\/h2>\n<p>Wir bieten Analysezertifikate (COA), Sicherheitsdatenbl\u00e4tter (MSDS) und andere relevante Berichte f\u00fcr<strong> Ytterbium(II)-Jodidpulver <\/strong>. Dar\u00fcber hinaus unterst\u00fctzen wir auch die Pr\u00fcfung durch Dritte, um die Qualit\u00e4t zu sichern.<\/p>\n","protected":false},"excerpt":{"rendered":"<p>Ytterbiumjodid-Pulver \u00dcbersicht Ytterbium-Iodid-Pulver iist eine leistungsstarke Seltenerdverbindung mit hervorragenden optischen und elektrischen Eigenschaften. Dieses hochreine Ytterbiumjodid-Pulver (YbI2) f\u00fcr Laserdotierung und Infrarot-Lumineszenz-Anwendungen wird h\u00e4ufig f\u00fcr die Vakuumverdampfungsbeschichtung und die Herstellung moderner Funktionsmaterialien verwendet. Wir setzen fortschrittliche Reinigungs- und Kontrollverfahren ein, um sicherzustellen, dass das Produkt extrem geringe Verunreinigungen, eine hohe thermische Stabilit\u00e4t und eine gleichbleibende Chargenleistung [&hellip;]<\/p>\n","protected":false},"featured_media":6177,"template":"","meta":{"_acf_changed":false},"product_brand":[132],"product_cat":[319],"product_tag":[337,382,320,321,419],"class_list":{"0":"post-10056","1":"product","2":"type-product","3":"status-publish","4":"has-post-thumbnail","6":"product_brand-ulpmat","7":"product_cat-materialien-der-seltenen-erden","8":"product_tag-anorganische-pulver","9":"product_tag-halbleiter-materialien","10":"product_tag-halide-materialien","11":"product_tag-optische-materialien","12":"product_tag-ytterbium-de","14":"first","15":"instock","16":"shipping-taxable","17":"product-type-variable"},"acf":[],"_links":{"self":[{"href":"https:\/\/ulpmat.com\/de\/wp-json\/wp\/v2\/product\/10056","targetHints":{"allow":["GET"]}}],"collection":[{"href":"https:\/\/ulpmat.com\/de\/wp-json\/wp\/v2\/product"}],"about":[{"href":"https:\/\/ulpmat.com\/de\/wp-json\/wp\/v2\/types\/product"}],"wp:featuredmedia":[{"embeddable":true,"href":"https:\/\/ulpmat.com\/de\/wp-json\/wp\/v2\/media\/6177"}],"wp:attachment":[{"href":"https:\/\/ulpmat.com\/de\/wp-json\/wp\/v2\/media?parent=10056"}],"wp:term":[{"taxonomy":"product_brand","embeddable":true,"href":"https:\/\/ulpmat.com\/de\/wp-json\/wp\/v2\/product_brand?post=10056"},{"taxonomy":"product_cat","embeddable":true,"href":"https:\/\/ulpmat.com\/de\/wp-json\/wp\/v2\/product_cat?post=10056"},{"taxonomy":"product_tag","embeddable":true,"href":"https:\/\/ulpmat.com\/de\/wp-json\/wp\/v2\/product_tag?post=10056"}],"curies":[{"name":"wp","href":"https:\/\/api.w.org\/{rel}","templated":true}]}}