{"id":9149,"date":"2025-06-09T13:22:16","date_gmt":"2025-06-09T05:22:16","guid":{"rendered":"https:\/\/ulpmat.com\/anwendung\/photovoltaische-solaranlagen\/"},"modified":"2025-11-19T17:20:04","modified_gmt":"2025-11-19T09:20:04","slug":"photovoltaische-solaranlagen","status":"publish","type":"page","link":"https:\/\/ulpmat.com\/de\/anwendung\/photovoltaische-solaranlagen\/","title":{"rendered":"Photovoltaische Solaranlagen"},"content":{"rendered":"\t\t<div data-elementor-type=\"wp-page\" data-elementor-id=\"9149\" class=\"elementor elementor-9149 elementor-1051\" data-elementor-post-type=\"page\">\n\t\t\t\t<div class=\"elementor-element elementor-element-f262791 e-flex e-con-boxed e-con e-parent\" data-id=\"f262791\" data-element_type=\"container\" data-e-type=\"container\">\n\t\t\t\t\t<div class=\"e-con-inner\">\n\t\t<div class=\"elementor-element elementor-element-e1ff56c e-con-full e-flex e-con e-child\" data-id=\"e1ff56c\" data-element_type=\"container\" data-e-type=\"container\" data-settings=\"{&quot;background_background&quot;:&quot;classic&quot;}\">\n\t\t\t\t<div class=\"elementor-element elementor-element-6deeb0f elementor-widget elementor-widget-heading\" data-id=\"6deeb0f\" data-element_type=\"widget\" data-e-type=\"widget\" data-widget_type=\"heading.default\">\n\t\t\t\t<div class=\"elementor-widget-container\">\n\t\t\t\t\t<h1 class=\"elementor-heading-title elementor-size-default\">Photovoltaische Solaranlagen<\/h1>\t\t\t\t<\/div>\n\t\t\t\t<\/div>\n\t\t\t\t<div class=\"elementor-element elementor-element-9481ca2 elementor-widget elementor-widget-text-editor\" data-id=\"9481ca2\" data-element_type=\"widget\" data-e-type=\"widget\" data-widget_type=\"text-editor.default\">\n\t\t\t\t<div class=\"elementor-widget-container\">\n\t\t\t\t\t\t\t\t\t<p>Mit modernen Solarl\u00f6sungen die Zukunft gestalten<\/p>\t\t\t\t\t\t\t\t<\/div>\n\t\t\t\t<\/div>\n\t\t\t\t<\/div>\n\t\t\t\t\t<\/div>\n\t\t\t\t<\/div>\n\t\t<div class=\"elementor-element elementor-element-733cefd e-flex e-con-boxed e-con e-parent\" data-id=\"733cefd\" data-element_type=\"container\" data-e-type=\"container\">\n\t\t\t\t\t<div class=\"e-con-inner\">\n\t\t<div class=\"elementor-element elementor-element-2f387db e-con-full e-flex e-con e-child\" data-id=\"2f387db\" data-element_type=\"container\" data-e-type=\"container\" data-settings=\"{&quot;background_background&quot;:&quot;classic&quot;}\">\n\t\t\t\t<div class=\"elementor-element elementor-element-ae2685e elementor-widget elementor-widget-text-editor\" data-id=\"ae2685e\" data-element_type=\"widget\" data-e-type=\"widget\" data-widget_type=\"text-editor.default\">\n\t\t\t\t<div class=\"elementor-widget-container\">\n\t\t\t\t\t\t\t\t\t<p style=\"font-weight: bold; font-size: 20px; color: #0e58cf;\">Solar-Photovoltaik (PV)-Materialien im \u00dcberblick<\/p>\n<p>Photovoltaische Materialien sind das Herzst\u00fcck von Solarzellen und erm\u00f6glichen die direkte Umwandlung von Sonnenlicht in Strom durch den photovoltaischen Effekt. Da die weltweite Nachfrage nach sauberer Energie steigt, spielen fortschrittliche PV-Materialien eine entscheidende Rolle bei der Verbesserung der Umwandlungseffizienz, Haltbarkeit und Skalierbarkeit.<\/p>\n\n<p><strong>Wie photovoltaische Materialien funktionieren<\/strong><\/p>\n<p>Wenn Sonnenlicht auf eine Solarzelle trifft, regen Photonen Elektronen in P- und N-Silizium an und bilden Elektron-Loch-Paare. Diese Ladungstr\u00e4ger werden dann gesammelt, um Strom zu erzeugen. Die Effizienz dieses Prozesses h\u00e4ngt stark von den verwendeten Materialien ab.<\/p>\n\n\n<p style=\"font-weight: bold; color: #0e58cf;\">Typen von Photovoltaik-Materialien<\/p>\n\n<p><strong>Photovoltaische Materialien auf Siliziumbasis<\/strong><\/p>\n<ul>\n  <li>Monokristallines Silizium (Mono-Si)<\/li>\n  <li>Polykristallines Silizium (Poly-Si)<\/li>\n  <li>Amorphes Silizium (a-Si)<\/li>\n<\/ul>\n\n<img decoding=\"async\" src=\"https:\/\/ulpmat.com\/wp-content\/uploads\/2025\/06\/In2S3-Target-_W_1920px-300x300.webp\" alt=\"In2S3 Target\" style=\"width:300px; display:block; margin-bottom:20px;\" \/>\n\n<p><strong>Verbund-D\u00fcnnschicht-Photovoltaik-Materialien<\/strong><\/p>\n<ul>\n  <li>Kupfer-Indium-Gallium-Selenid (CIGS)<\/li>\n  <li>Cadmiumtellurid (CdTe)<\/li>\n<\/ul>\n\n<p><strong>Perowskit-Photovoltaik-Materialien<\/strong><\/p>\n<ul>\n  <li>C\u00e4sium-Blei-Iodid (CsPbI<sub>3<\/sub>) und andere anorganische Perowskite<\/li>\n<\/ul>\n\n<p><strong>Leitf\u00e4hige D\u00fcnnschichtmaterialien (TCO)<\/strong><\/p>\n<ul>\n  <li>Indium-Zinn-Oxid (ITO)<\/li>\n  <li>Fluor-dotiertes Zinnoxid (FTO)<\/li>\n  <li>Aluminium-dotiertes Zinkoxid (AZO)<\/li>\n<\/ul>\n\n<img decoding=\"async\" src=\"https:\/\/ulpmat.com\/wp-content\/uploads\/2025\/06\/CZTS-Target_W_1920px-300x300.webp\" alt=\"CZTS Target\" style=\"width:300px; display:block; margin-bottom:20px;\" \/>\n\n<p><strong>Beschichtungs- und Dotierungsmaterialien<\/strong><\/p>\n<ul>\n  <li><strong>Beschichtung:<\/strong> SiO<sub>2<\/sub>, Al<sub>2<\/sub>O<sub>3<\/sub>, TiO<sub>2<\/sub>, MgF<sub>2<\/sub><\/li>\n  <li><strong>Dotierung:<\/strong> Phosphor (P), Bor (B), Silber (Ag), Lithium (Li), Natrium (Na)<\/li>\n<\/ul>\n\n\n<p style=\"font-weight: bold; color: #0e58cf;\">Gro\u00dfe Auswahl an PV-Materialien<\/p>\n<p>Wir bieten kundenspezifische und standardm\u00e4\u00dfige Materialien an, darunter:<\/p>\n<ul style=\"columns:2;\">\n  <li>Monokristallines Silizium (c-Si)<\/li>\n  <li>Polykristallines Silizium (Poly-Si)<\/li>\n  <li>Amorphes Silizium (a-Si)<\/li>\n  <li>AZO, CdTe, CdSe, CdS, CdZnTe<\/li>\n  <li>CsPbI<sub>3<\/sub>, CsPbBr<sub>3<\/sub><\/li>\n  <li>CIGS, CuInSe<sub>2<\/sub>, CZTS<\/li>\n  <li>GaAs, InP, In<sub>2<\/sub>S<sub>3<\/sub>, ITO<\/li>\n  <li>ZnS, CdWO<sub>4<\/sub>, Cd<sub>2<\/sub>SnO<sub>4<\/sub><\/li>\n<\/ul>\n\n<img decoding=\"async\" src=\"https:\/\/ulpmat.com\/wp-content\/uploads\/2025\/06\/ITO-Pellets-Granules_W_1920px-300x238.webp\" alt=\"ITO Pellets\" style=\"width:300px; display:block; margin-bottom:20px;\" \/>\n\n\n<p style=\"font-weight: bold; color: #0e58cf;\">Schl\u00fcsseleigenschaften von photovoltaischen Materialien<\/p>\n<ol style=\"line-height:1.6;\">\n  <li><strong>Bandl\u00fcckenenergie:<\/strong> Idealer Bereich: 1,1-1,6 eV, was eine hohe solare Umwandlungseffizienz erm\u00f6glicht.<\/li>\n  <li><strong>Absorptionskoeffizient:<\/strong> Ein h\u00f6herer Koeffizient erm\u00f6glicht d\u00fcnnere Schichten und niedrigere Kosten.<\/li>\n  <li><strong>Lebensdauer der Ladungstr\u00e4ger:<\/strong> L\u00e4ngere Lebensdauer verbessert die Ladungssammlung und den Wirkungsgrad.<\/li>\n  <li><strong>Tr\u00e4germobilit\u00e4t:<\/strong> Hohe Mobilit\u00e4t reduziert Verluste und erh\u00f6ht die Ausgangsleistung.<\/li>\n  <li><strong>Fehlertoleranz:<\/strong> Tolerantere Materialien sind leichter in der Massenproduktion herzustellen.<\/li>\n  <li><strong>Chemische und thermische Stabilit\u00e4t:<\/strong> Gew\u00e4hrleistet langfristige Leistung und Zuverl\u00e4ssigkeit.<\/li>\n  <li><strong>Verarbeitbarkeit:<\/strong> Geeignet f\u00fcr Sputtern, Aufdampfen, Drucken, etc.<\/li>\n  <li><strong>Umweltfreundlichkeit:<\/strong> Bevorzugt ungiftige und recycelbare Materialien.<\/li>\n<\/ol>\n\n\n<p style=\"font-weight: bold; font-size: 18px; color: #0e58cf;\">St\u00e4rkung Ihrer Solar-Innovation<\/p>\n<p>Von Silizium im Wafer-Ma\u00dfstab und CIGS-Targets bis hin zu Nanomaterialien und Verkapselungsmitteln ist ULPMAT Ihr zuverl\u00e4ssiger Partner bei der Entwicklung von Solarl\u00f6sungen der n\u00e4chsten Generation.<\/p>\n<p><strong>Kontaktieren Sie uns noch heute<\/strong>, um unser komplettes Portfolio an PV-Materialien kennenzulernen und das volle Potenzial der sauberen Energie zu erschlie\u00dfen.<\/p>\n\t\t\t\t\t\t\t\t<\/div>\n\t\t\t\t<\/div>\n\t\t\t\t<\/div>\n\t\t<div class=\"elementor-element elementor-element-5665a66 e-con-full e-flex e-con e-child\" data-id=\"5665a66\" data-element_type=\"container\" data-e-type=\"container\" data-settings=\"{&quot;background_background&quot;:&quot;classic&quot;}\">\n\t\t\t\t<div class=\"elementor-element elementor-element-844ee58 elementor-widget elementor-widget-heading\" data-id=\"844ee58\" data-element_type=\"widget\" data-e-type=\"widget\" data-widget_type=\"heading.default\">\n\t\t\t\t<div class=\"elementor-widget-container\">\n\t\t\t\t\t<h2 class=\"elementor-heading-title elementor-size-default\">Kontakt<\/h2>\t\t\t\t<\/div>\n\t\t\t\t<\/div>\n\t\t\t\t<div class=\"elementor-element elementor-element-5bee371 elementor-button-align-stretch elementor-widget elementor-widget-global elementor-global-13316 elementor-global-130 elementor-widget-form\" data-id=\"5bee371\" data-element_type=\"widget\" data-e-type=\"widget\" data-settings=\"{&quot;step_next_label&quot;:&quot;N\\u00e4chste&quot;,&quot;step_previous_label&quot;:&quot;Vorherige&quot;,&quot;button_width&quot;:&quot;100&quot;,&quot;step_type&quot;:&quot;number_text&quot;,&quot;step_icon_shape&quot;:&quot;circle&quot;}\" data-widget_type=\"form.default\">\n\t\t\t\t<div class=\"elementor-widget-container\">\n\t\t\t\t\t\t\t<form class=\"elementor-form\" method=\"post\" name=\"Kontakt-Formular\" aria-label=\"Kontakt-Formular\">\n\t\t\t<input type=\"hidden\" name=\"post_id\" value=\"9149\"\/>\n\t\t\t<input type=\"hidden\" name=\"form_id\" value=\"5bee371\"\/>\n\t\t\t<input type=\"hidden\" name=\"referer_title\" value=\"\" \/>\n\n\t\t\t\n\t\t\t<div class=\"elementor-form-fields-wrapper elementor-labels-above\">\n\t\t\t\t\t\t\t\t<div class=\"elementor-field-type-hidden elementor-field-group elementor-column elementor-field-group-p_image elementor-col-100\">\n\t\t\t\t\t\t\t\t\t\t\t\t\t<input size=\"1\" type=\"hidden\" name=\"form_fields[p_image]\" id=\"form-field-p_image\" class=\"elementor-field elementor-size-sm  elementor-field-textual\" value=\"&lt;img src=&quot;[field id=&quot;p_image&quot;]&quot; style=&quot;max-width:200px;max-height:200px&quot;&gt;\">\n\t\t\t\t\t\t\t\t\t\t\t<\/div>\n\t\t\t\t\t\t\t\t<div class=\"elementor-field-type-hidden elementor-field-group elementor-column elementor-field-group-p_name elementor-col-100\">\n\t\t\t\t\t\t\t\t\t\t\t\t\t<input size=\"1\" type=\"hidden\" name=\"form_fields[p_name]\" id=\"form-field-p_name\" class=\"elementor-field elementor-size-sm  elementor-field-textual\" value=\"&lt;img src=&quot;[field id=&quot;p_image&quot;]&quot; style=&quot;max-width:200px;max-height:200px&quot;&gt;\">\n\t\t\t\t\t\t\t\t\t\t\t<\/div>\n\t\t\t\t\t\t\t\t<div class=\"elementor-field-type-hidden elementor-field-group elementor-column elementor-field-group-p_purity elementor-col-100\">\n\t\t\t\t\t\t\t\t\t\t\t\t\t<input size=\"1\" type=\"hidden\" name=\"form_fields[p_purity]\" id=\"form-field-p_purity\" class=\"elementor-field elementor-size-sm  elementor-field-textual\">\n\t\t\t\t\t\t\t\t\t\t\t<\/div>\n\t\t\t\t\t\t\t\t<div class=\"elementor-field-type-hidden elementor-field-group elementor-column elementor-field-group-p_dimension elementor-col-100\">\n\t\t\t\t\t\t\t\t\t\t\t\t\t<input size=\"1\" type=\"hidden\" name=\"form_fields[p_dimension]\" id=\"form-field-p_dimension\" class=\"elementor-field elementor-size-sm  elementor-field-textual\">\n\t\t\t\t\t\t\t\t\t\t\t<\/div>\n\t\t\t\t\t\t\t\t<div class=\"elementor-field-type-text elementor-field-group elementor-column elementor-field-group-name elementor-col-50 elementor-field-required elementor-mark-required\">\n\t\t\t\t\t\t\t\t\t\t\t\t<label for=\"form-field-name\" class=\"elementor-field-label\">\n\t\t\t\t\t\t\t\tName\t\t\t\t\t\t\t<\/label>\n\t\t\t\t\t\t\t\t\t\t\t\t\t\t<input size=\"1\" type=\"text\" name=\"form_fields[name]\" id=\"form-field-name\" class=\"elementor-field elementor-size-sm  elementor-field-textual\" required=\"required\">\n\t\t\t\t\t\t\t\t\t\t\t<\/div>\n\t\t\t\t\t\t\t\t<div class=\"elementor-field-type-email elementor-field-group elementor-column elementor-field-group-email elementor-col-50 elementor-field-required elementor-mark-required\">\n\t\t\t\t\t\t\t\t\t\t\t\t<label for=\"form-field-email\" class=\"elementor-field-label\">\n\t\t\t\t\t\t\t\tE-Mail\t\t\t\t\t\t\t<\/label>\n\t\t\t\t\t\t\t\t\t\t\t\t\t\t<input size=\"1\" type=\"email\" name=\"form_fields[email]\" id=\"form-field-email\" class=\"elementor-field elementor-size-sm  elementor-field-textual\" required=\"required\">\n\t\t\t\t\t\t\t\t\t\t\t<\/div>\n\t\t\t\t\t\t\t\t<div class=\"elementor-field-type-tel elementor-field-group elementor-column elementor-field-group-tel elementor-col-50\">\n\t\t\t\t\t\t\t\t\t\t\t\t<label for=\"form-field-tel\" class=\"elementor-field-label\">\n\t\t\t\t\t\t\t\tTelefon\t\t\t\t\t\t\t<\/label>\n\t\t\t\t\t\t\t\t<input size=\"1\" type=\"tel\" name=\"form_fields[tel]\" id=\"form-field-tel\" class=\"elementor-field elementor-size-sm  elementor-field-textual\" pattern=\"[0-9()#&amp;+*-=.]+\" title=\"Nur Nummern oder Telefon-Zeichen (#, -, *, etc) werden akzeptiert.\">\n\n\t\t\t\t\t\t<\/div>\n\t\t\t\t\t\t\t\t<div class=\"elementor-field-type-text elementor-field-group elementor-column elementor-field-group-country elementor-col-50\">\n\t\t\t\t\t\t\t\t\t\t\t\t<label for=\"form-field-country\" class=\"elementor-field-label\">\n\t\t\t\t\t\t\t\tLand\t\t\t\t\t\t\t<\/label>\n\t\t\t\t\t\t\t\t\t\t\t\t\t\t<input size=\"1\" type=\"text\" name=\"form_fields[country]\" id=\"form-field-country\" class=\"elementor-field elementor-size-sm  elementor-field-textual\">\n\t\t\t\t\t\t\t\t\t\t\t<\/div>\n\t\t\t\t\t\t\t\t<div class=\"elementor-field-type-text elementor-field-group elementor-column elementor-field-group-company elementor-col-100\">\n\t\t\t\t\t\t\t\t\t\t\t\t<label for=\"form-field-company\" class=\"elementor-field-label\">\n\t\t\t\t\t\t\t\tUnternehmen\t\t\t\t\t\t\t<\/label>\n\t\t\t\t\t\t\t\t\t\t\t\t\t\t<input size=\"1\" type=\"text\" name=\"form_fields[company]\" id=\"form-field-company\" class=\"elementor-field elementor-size-sm  elementor-field-textual\">\n\t\t\t\t\t\t\t\t\t\t\t<\/div>\n\t\t\t\t\t\t\t\t<div class=\"elementor-field-type-textarea elementor-field-group elementor-column elementor-field-group-message elementor-col-100 elementor-field-required elementor-mark-required\">\n\t\t\t\t\t\t\t\t\t\t\t\t<label for=\"form-field-message\" class=\"elementor-field-label\">\n\t\t\t\t\t\t\t\tNachricht\t\t\t\t\t\t\t<\/label>\n\t\t\t\t\t\t<textarea class=\"elementor-field-textual elementor-field  elementor-size-sm\" name=\"form_fields[message]\" id=\"form-field-message\" rows=\"4\" required=\"required\"><\/textarea>\t\t\t\t<\/div>\n\t\t\t\t\t\t\t\t<div class=\"elementor-field-group elementor-column elementor-field-type-submit elementor-col-100 e-form__buttons\">\n\t\t\t\t\t<button class=\"elementor-button elementor-size-sm\" type=\"submit\">\n\t\t\t\t\t\t<span class=\"elementor-button-content-wrapper\">\n\t\t\t\t\t\t\t\t\t\t\t\t\t\t\t\t\t\t\t\t\t\t<span class=\"elementor-button-text\">Einreichen<\/span>\n\t\t\t\t\t\t\t\t\t\t\t\t\t<\/span>\n\t\t\t\t\t<\/button>\n\t\t\t\t<\/div>\n\t\t\t<\/div>\n\t\t<\/form>\n\t\t\t\t\t\t<\/div>\n\t\t\t\t<\/div>\n\t\t\t\t<div class=\"elementor-element elementor-element-3d886dc elementor-widget elementor-widget-heading\" data-id=\"3d886dc\" data-element_type=\"widget\" data-e-type=\"widget\" data-widget_type=\"heading.default\">\n\t\t\t\t<div class=\"elementor-widget-container\">\n\t\t\t\t\t<h2 class=\"elementor-heading-title elementor-size-default\">Mehr Informationen<\/h2>\t\t\t\t<\/div>\n\t\t\t\t<\/div>\n\t\t\t\t<div class=\"elementor-element elementor-element-98656e3 elementor-icon-list--layout-traditional elementor-list-item-link-full_width elementor-widget elementor-widget-icon-list\" data-id=\"98656e3\" data-element_type=\"widget\" data-e-type=\"widget\" data-widget_type=\"icon-list.default\">\n\t\t\t\t<div class=\"elementor-widget-container\">\n\t\t\t\t\t\t\t<ul class=\"elementor-icon-list-items\">\n\t\t\t\t\t\t\t<li class=\"elementor-icon-list-item\">\n\t\t\t\t\t\t\t\t\t\t\t<a href=\"tel:+862988993870\">\n\n\t\t\t\t\t\t\t\t\t\t\t\t<span class=\"elementor-icon-list-icon\">\n\t\t\t\t\t\t\t<svg aria-hidden=\"true\" class=\"e-font-icon-svg e-fas-mobile-alt\" viewBox=\"0 0 320 512\" xmlns=\"http:\/\/www.w3.org\/2000\/svg\"><path d=\"M272 0H48C21.5 0 0 21.5 0 48v416c0 26.5 21.5 48 48 48h224c26.5 0 48-21.5 48-48V48c0-26.5-21.5-48-48-48zM160 480c-17.7 0-32-14.3-32-32s14.3-32 32-32 32 14.3 32 32-14.3 32-32 32zm112-108c0 6.6-5.4 12-12 12H60c-6.6 0-12-5.4-12-12V60c0-6.6 5.4-12 12-12h200c6.6 0 12 5.4 12 12v312z\"><\/path><\/svg>\t\t\t\t\t\t<\/span>\n\t\t\t\t\t\t\t\t\t\t<span class=\"elementor-icon-list-text\"><b>PHONE\uff1a<\/b>+86-29-88993870<\/span>\n\t\t\t\t\t\t\t\t\t\t\t<\/a>\n\t\t\t\t\t\t\t\t\t<\/li>\n\t\t\t\t\t\t\t\t<li class=\"elementor-icon-list-item\">\n\t\t\t\t\t\t\t\t\t\t\t<a href=\"tel:+8618291498609\">\n\n\t\t\t\t\t\t\t\t\t\t\t\t<span class=\"elementor-icon-list-icon\">\n\t\t\t\t\t\t\t<svg aria-hidden=\"true\" class=\"e-font-icon-svg e-fab-whatsapp\" viewBox=\"0 0 448 512\" xmlns=\"http:\/\/www.w3.org\/2000\/svg\"><path d=\"M380.9 97.1C339 55.1 283.2 32 223.9 32c-122.4 0-222 99.6-222 222 0 39.1 10.2 77.3 29.6 111L0 480l117.7-30.9c32.4 17.7 68.9 27 106.1 27h.1c122.3 0 224.1-99.6 224.1-222 0-59.3-25.2-115-67.1-157zm-157 341.6c-33.2 0-65.7-8.9-94-25.7l-6.7-4-69.8 18.3L72 359.2l-4.4-7c-18.5-29.4-28.2-63.3-28.2-98.2 0-101.7 82.8-184.5 184.6-184.5 49.3 0 95.6 19.2 130.4 54.1 34.8 34.9 56.2 81.2 56.1 130.5 0 101.8-84.9 184.6-186.6 184.6zm101.2-138.2c-5.5-2.8-32.8-16.2-37.9-18-5.1-1.9-8.8-2.8-12.5 2.8-3.7 5.6-14.3 18-17.6 21.8-3.2 3.7-6.5 4.2-12 1.4-32.6-16.3-54-29.1-75.5-66-5.7-9.8 5.7-9.1 16.3-30.3 1.8-3.7.9-6.9-.5-9.7-1.4-2.8-12.5-30.1-17.1-41.2-4.5-10.8-9.1-9.3-12.5-9.5-3.2-.2-6.9-.2-10.6-.2-3.7 0-9.7 1.4-14.8 6.9-5.1 5.6-19.4 19-19.4 46.3 0 27.3 19.9 53.7 22.6 57.4 2.8 3.7 39.1 59.7 94.8 83.8 35.2 15.2 49 16.5 66.6 13.9 10.7-1.6 32.8-13.4 37.4-26.4 4.6-13 4.6-24.1 3.2-26.4-1.3-2.5-5-3.9-10.5-6.6z\"><\/path><\/svg>\t\t\t\t\t\t<\/span>\n\t\t\t\t\t\t\t\t\t\t<span class=\"elementor-icon-list-text\"><b>WHATSAPP\uff1a<\/b>+8618291498609<\/span>\n\t\t\t\t\t\t\t\t\t\t\t<\/a>\n\t\t\t\t\t\t\t\t\t<\/li>\n\t\t\t\t\t\t\t\t<li class=\"elementor-icon-list-item\">\n\t\t\t\t\t\t\t\t\t\t\t<a href=\"mailto:sales@funcmater.com\">\n\n\t\t\t\t\t\t\t\t\t\t\t\t<span class=\"elementor-icon-list-icon\">\n\t\t\t\t\t\t\t<svg aria-hidden=\"true\" class=\"e-font-icon-svg e-far-envelope\" viewBox=\"0 0 512 512\" xmlns=\"http:\/\/www.w3.org\/2000\/svg\"><path d=\"M464 64H48C21.49 64 0 85.49 0 112v288c0 26.51 21.49 48 48 48h416c26.51 0 48-21.49 48-48V112c0-26.51-21.49-48-48-48zm0 48v40.805c-22.422 18.259-58.168 46.651-134.587 106.49-16.841 13.247-50.201 45.072-73.413 44.701-23.208.375-56.579-31.459-73.413-44.701C106.18 199.465 70.425 171.067 48 152.805V112h416zM48 400V214.398c22.914 18.251 55.409 43.862 104.938 82.646 21.857 17.205 60.134 55.186 103.062 54.955 42.717.231 80.509-37.199 103.053-54.947 49.528-38.783 82.032-64.401 104.947-82.653V400H48z\"><\/path><\/svg>\t\t\t\t\t\t<\/span>\n\t\t\t\t\t\t\t\t\t\t<span class=\"elementor-icon-list-text\"><b>E-MAIL\uff1a<\/b>sales@funcmater.com<\/span>\n\t\t\t\t\t\t\t\t\t\t\t<\/a>\n\t\t\t\t\t\t\t\t\t<\/li>\n\t\t\t\t\t\t\t\t<li class=\"elementor-icon-list-item\">\n\t\t\t\t\t\t\t\t\t\t\t<span class=\"elementor-icon-list-icon\">\n\t\t\t\t\t\t\t<svg aria-hidden=\"true\" class=\"e-font-icon-svg e-fas-map-marker-alt\" viewBox=\"0 0 384 512\" xmlns=\"http:\/\/www.w3.org\/2000\/svg\"><path d=\"M172.268 501.67C26.97 291.031 0 269.413 0 192 0 85.961 85.961 0 192 0s192 85.961 192 192c0 77.413-26.97 99.031-172.268 309.67-9.535 13.774-29.93 13.773-39.464 0zM192 272c44.183 0 80-35.817 80-80s-35.817-80-80-80-80 35.817-80 80 35.817 80 80 80z\"><\/path><\/svg>\t\t\t\t\t\t<\/span>\n\t\t\t\t\t\t\t\t\t\t<span class=\"elementor-icon-list-text\"><b>ADRESSE\uff1a<\/b>A11, 5. Stock, Geb\u00e4ude 5, Digital China Xi'an Science Park, Nr. 20 Zhangba 4th Road, High-Tech Zone, Xi'an, Shaanxi, China.  <\/span>\n\t\t\t\t\t\t\t\t\t<\/li>\n\t\t\t\t\t\t<\/ul>\n\t\t\t\t\t\t<\/div>\n\t\t\t\t<\/div>\n\t\t\t\t<\/div>\n\t\t\t\t\t<\/div>\n\t\t\t\t<\/div>\n\t\t\t\t<\/div>\n\t\t","protected":false},"excerpt":{"rendered":"<p>Photovoltaische Solaranlagen Mit modernen Solarl\u00f6sungen die Zukunft gestalten Solar-Photovoltaik (PV)-Materialien im \u00dcberblick Photovoltaische Materialien sind das Herzst\u00fcck von Solarzellen und erm\u00f6glichen die direkte Umwandlung von Sonnenlicht in Strom durch den photovoltaischen Effekt. Da die weltweite Nachfrage nach sauberer Energie steigt, spielen fortschrittliche PV-Materialien eine entscheidende Rolle bei der Verbesserung der Umwandlungseffizienz, Haltbarkeit und Skalierbarkeit. Wie [&hellip;]<\/p>\n","protected":false},"author":2,"featured_media":0,"parent":7105,"menu_order":0,"comment_status":"closed","ping_status":"closed","template":"","meta":{"_acf_changed":false,"footnotes":""},"class_list":["post-9149","page","type-page","status-publish","hentry"],"acf":[],"_links":{"self":[{"href":"https:\/\/ulpmat.com\/de\/wp-json\/wp\/v2\/pages\/9149","targetHints":{"allow":["GET"]}}],"collection":[{"href":"https:\/\/ulpmat.com\/de\/wp-json\/wp\/v2\/pages"}],"about":[{"href":"https:\/\/ulpmat.com\/de\/wp-json\/wp\/v2\/types\/page"}],"author":[{"embeddable":true,"href":"https:\/\/ulpmat.com\/de\/wp-json\/wp\/v2\/users\/2"}],"replies":[{"embeddable":true,"href":"https:\/\/ulpmat.com\/de\/wp-json\/wp\/v2\/comments?post=9149"}],"version-history":[{"count":2,"href":"https:\/\/ulpmat.com\/de\/wp-json\/wp\/v2\/pages\/9149\/revisions"}],"predecessor-version":[{"id":9151,"href":"https:\/\/ulpmat.com\/de\/wp-json\/wp\/v2\/pages\/9149\/revisions\/9151"}],"up":[{"embeddable":true,"href":"https:\/\/ulpmat.com\/de\/wp-json\/wp\/v2\/pages\/7105"}],"wp:attachment":[{"href":"https:\/\/ulpmat.com\/de\/wp-json\/wp\/v2\/media?parent=9149"}],"curies":[{"name":"wp","href":"https:\/\/api.w.org\/{rel}","templated":true}]}}