{"id":24964,"date":"2025-06-09T10:42:17","date_gmt":"2025-06-09T02:42:17","guid":{"rendered":"https:\/\/ulpmat.com\/service\/ziel-bindung\/"},"modified":"2025-11-19T17:20:02","modified_gmt":"2025-11-19T09:20:02","slug":"ziel-bindung","status":"publish","type":"page","link":"https:\/\/ulpmat.com\/de\/service\/ziel-bindung\/","title":{"rendered":"Ziel Bindung"},"content":{"rendered":"\t\t<div data-elementor-type=\"wp-page\" data-elementor-id=\"24964\" class=\"elementor elementor-24964 elementor-994\" data-elementor-post-type=\"page\">\n\t\t\t\t<div class=\"elementor-element elementor-element-8cab688 e-flex e-con-boxed e-con e-parent\" data-id=\"8cab688\" data-element_type=\"container\" data-e-type=\"container\">\n\t\t\t\t\t<div class=\"e-con-inner\">\n\t\t<div class=\"elementor-element elementor-element-49c4c98 e-con-full e-flex e-con e-child\" data-id=\"49c4c98\" data-element_type=\"container\" data-e-type=\"container\" data-settings=\"{&quot;background_background&quot;:&quot;classic&quot;}\">\n\t\t\t\t<div class=\"elementor-element elementor-element-719bb36 elementor-widget elementor-widget-heading\" data-id=\"719bb36\" data-element_type=\"widget\" data-e-type=\"widget\" data-widget_type=\"heading.default\">\n\t\t\t\t<div class=\"elementor-widget-container\">\n\t\t\t\t\t<h1 class=\"elementor-heading-title elementor-size-default\">Ziel Bindung<\/h1>\t\t\t\t<\/div>\n\t\t\t\t<\/div>\n\t\t\t\t<\/div>\n\t\t\t\t\t<\/div>\n\t\t\t\t<\/div>\n\t\t<div class=\"elementor-element elementor-element-1238d3d e-flex e-con-boxed e-con e-parent\" data-id=\"1238d3d\" data-element_type=\"container\" data-e-type=\"container\">\n\t\t\t\t\t<div class=\"e-con-inner\">\n\t\t<div class=\"elementor-element elementor-element-03472b3 e-con-full e-flex e-con e-child\" data-id=\"03472b3\" data-element_type=\"container\" data-e-type=\"container\" data-settings=\"{&quot;background_background&quot;:&quot;classic&quot;}\">\n\t\t\t\t<div class=\"elementor-element elementor-element-0deb2a3 elementor-widget elementor-widget-text-editor\" data-id=\"0deb2a3\" data-element_type=\"widget\" data-e-type=\"widget\" data-widget_type=\"text-editor.default\">\n\t\t\t\t<div class=\"elementor-widget-container\">\n\t\t\t\t\t\t\t\t\t<p>Beim Target-Bonding wird ein Sputtertarget mit einer thermisch und mechanisch stabilen Haftschicht auf einer Backplane befestigt. Dies ist ein entscheidender Schritt bei der Vorbereitung von Sputtertargets, insbesondere bei solchen, die in Hochleistungs- oder Hochtemperatur-Beschichtungssystemen verwendet werden.<\/p><p> <\/p><p>Das Bonden gew\u00e4hrleistet eine optimale W\u00e4rmeleitf\u00e4higkeit, mechanische Unterst\u00fctzung und Betriebssicherheit w\u00e4hrend der D\u00fcnnschichtabscheidung.<\/p>\t\t\t\t\t\t\t\t<\/div>\n\t\t\t\t<\/div>\n\t\t\t\t<div class=\"elementor-element elementor-element-28b17a4 elementor-widget elementor-widget-heading\" data-id=\"28b17a4\" data-element_type=\"widget\" data-e-type=\"widget\" data-widget_type=\"heading.default\">\n\t\t\t\t<div class=\"elementor-widget-container\">\n\t\t\t\t\t<h2 class=\"elementor-heading-title elementor-size-default\">Warum ist die Zielbindung so wichtig?<\/h2>\t\t\t\t<\/div>\n\t\t\t\t<\/div>\n\t\t\t\t<div class=\"elementor-element elementor-element-9532bf6 elementor-widget elementor-widget-text-editor\" data-id=\"9532bf6\" data-element_type=\"widget\" data-e-type=\"widget\" data-widget_type=\"text-editor.default\">\n\t\t\t\t<div class=\"elementor-widget-container\">\n\t\t\t\t\t\t\t\t\t<p>Viele hochreine und zerbrechliche Targets (z. B. Keramiken und einige Metalle) neigen bei thermischer Belastung oder mechanischem Schock zu Rissen oder Delamination. Das Kleben von Targets hilft dabei:<\/p><p>Verbesserung der W\u00e4rmeableitung w\u00e4hrend des Sputterns<\/p><p>Verbesserung der mechanischen Stabilit\u00e4t von zerbrechlichen Targets<\/p><p>Verringerung des Risikos von Lichtbogenbildung, Rissbildung und vorzeitigem Versagen<\/p><p>Verl\u00e4ngerung der Lebensdauer der Targets und Verbesserung der Prozesskonsistenz<\/p><p>Sicherstellung einer gleichm\u00e4\u00dfigen Schichtabscheidung und einer stabilen Plasmaleistung <\/p>\t\t\t\t\t\t\t\t<\/div>\n\t\t\t\t<\/div>\n\t\t\t\t<div class=\"elementor-element elementor-element-40ca353 elementor-widget elementor-widget-image\" data-id=\"40ca353\" data-element_type=\"widget\" data-e-type=\"widget\" data-widget_type=\"image.default\">\n\t\t\t\t<div class=\"elementor-widget-container\">\n\t\t\t\t\t\t\t\t\t\t\t\t\t\t\t<img fetchpriority=\"high\" decoding=\"async\" width=\"443\" height=\"300\" src=\"https:\/\/ulpmat.com\/wp-content\/uploads\/2025\/09\/ITO-TARGET.jpg\" class=\"attachment-large size-large wp-image-13446\" alt=\"ITO Zielverklebung - VIMATERIAL\" srcset=\"https:\/\/ulpmat.com\/wp-content\/uploads\/2025\/09\/ITO-TARGET.jpg 443w, https:\/\/ulpmat.com\/wp-content\/uploads\/2025\/09\/ITO-TARGET-300x203.jpg 300w\" sizes=\"(max-width: 443px) 100vw, 443px\" \/>\t\t\t\t\t\t\t\t\t\t\t\t\t\t\t<\/div>\n\t\t\t\t<\/div>\n\t\t\t\t<div class=\"elementor-element elementor-element-0043e06 elementor-widget elementor-widget-heading\" data-id=\"0043e06\" data-element_type=\"widget\" data-e-type=\"widget\" data-widget_type=\"heading.default\">\n\t\t\t\t<div class=\"elementor-widget-container\">\n\t\t\t\t\t<h2 class=\"elementor-heading-title elementor-size-default\">Auswahl der Gegenhalteplatte<\/h2>\t\t\t\t<\/div>\n\t\t\t\t<\/div>\n\t\t\t\t<div class=\"elementor-element elementor-element-0fe1afd elementor-widget elementor-widget-text-editor\" data-id=\"0fe1afd\" data-element_type=\"widget\" data-e-type=\"widget\" data-widget_type=\"text-editor.default\">\n\t\t\t\t<div class=\"elementor-widget-container\">\n\t\t\t\t\t\t\t\t\t<p><strong>Materialanforderungen<\/strong><\/p><p>Zu den gebr\u00e4uchlichen Tr\u00e4germaterialien geh\u00f6ren sauerstofffreies Kupfer (OFC), rostfreier Stahl und Molybd\u00e4n. Die typische Dicke liegt zwischen 2 und 3 mm.<\/p><p><strong>Gute elektrische Leitf\u00e4higkeit<\/strong><\/p><p>Sauerstofffreies Kupfer wird h\u00e4ufig verwendet, da es im Vergleich zu Standardkupfer eine bessere thermische und elektrische Leitf\u00e4higkeit aufweist.<\/p><p><strong>Ausreichende Festigkeit<\/strong><\/p><p>Wenn die Tr\u00e4gerplatte zu d\u00fcnn ist, kann sie sich leicht verformen und eine ordnungsgem\u00e4\u00dfe Vakuumabdichtung nicht erreichen.<\/p><p><strong>Strukturelle Optionen<\/strong><\/p><p>Grundplatten k\u00f6nnen je nach Anwendung entweder massiv oder mit internen K\u00fchlkan\u00e4len ausgef\u00fchrt sein.<\/p><p><strong>Optimale Dicke<\/strong><\/p><p>Im Allgemeinen ist eine Dicke von etwa 3 mm ideal &#8211; eine zu dicke Platte kann die Magnetfeldst\u00e4rke verringern, w\u00e4hrend eine zu d\u00fcnne Platte die Gefahr des Verziehens erh\u00f6ht.<\/p>\t\t\t\t\t\t\t\t<\/div>\n\t\t\t\t<\/div>\n\t\t\t\t<div class=\"elementor-element elementor-element-b580486 elementor-widget elementor-widget-heading\" data-id=\"b580486\" data-element_type=\"widget\" data-e-type=\"widget\" data-widget_type=\"heading.default\">\n\t\t\t\t<div class=\"elementor-widget-container\">\n\t\t\t\t\t<h2 class=\"elementor-heading-title elementor-size-default\">Welche Zielbindungsmethoden wir anbieten\uff1f<\/h2>\t\t\t\t<\/div>\n\t\t\t\t<\/div>\n\t\t\t\t<div class=\"elementor-element elementor-element-8581112 elementor-widget elementor-widget-text-editor\" data-id=\"8581112\" data-element_type=\"widget\" data-e-type=\"widget\" data-widget_type=\"text-editor.default\">\n\t\t\t\t<div class=\"elementor-widget-container\">\n\t\t\t\t\t\t\t\t\t<p><strong>1. Klemmen (mechanisches Pressen)<\/strong><\/p><p>Bei dieser Methode werden Druckstangen verwendet und h\u00e4ufig Materialien wie Graphitfolie, Blei (Pb) oder Indiumfolie (In) eingesetzt, um den Kontakt zu verbessern. Allerdings wird diese Methode heute aufgrund der geringen Zuverl\u00e4ssigkeit und der geringen Marktakzeptanz nur noch selten angewandt.<\/p><p><strong>2. L\u00f6ten (Hartl\u00f6ten)<\/strong><\/p><p>Weichl\u00f6ten ist die g\u00e4ngigste Methode, insbesondere bei Indium-, Zinn- oder In-Sn-Legierungen. Es bietet eine gute W\u00e4rmeleitf\u00e4higkeit und wird in der Regel verwendet, wenn die Sputterleistung unter 20 W\/cm\u00b2 liegt. Es ist besonders effektiv zur Verbesserung der W\u00e4rmeableitung bei keramischen Targets.<\/p><p><strong>3. Leitf\u00e4higes Silber-Epoxid<\/strong><\/p><p>Wird verwendet, wenn eine h\u00f6here Sputterleistung erforderlich ist und herk\u00f6mmliches Indiumlot aufgrund seines niedrigen Schmelzpunkts der Hitze nicht standh\u00e4lt. Silber-Epoxid kann hohen Temperaturen standhalten und wird in sehr d\u00fcnnen Schichten (0,02-0,05 mm) aufgetragen. Es wird in der Regel f\u00fcr spezielle Prozesse gew\u00e4hlt, bei denen eine h\u00f6here W\u00e4rmebest\u00e4ndigkeit erforderlich ist.<\/p>\t\t\t\t\t\t\t\t<\/div>\n\t\t\t\t<\/div>\n\t\t\t\t<div class=\"elementor-element elementor-element-b49d5f2 elementor-widget elementor-widget-heading\" data-id=\"b49d5f2\" data-element_type=\"widget\" data-e-type=\"widget\" data-widget_type=\"heading.default\">\n\t\t\t\t<div class=\"elementor-widget-container\">\n\t\t\t\t\t<h2 class=\"elementor-heading-title elementor-size-default\">Unsere Vorteile<\/h2>\t\t\t\t<\/div>\n\t\t\t\t<\/div>\n\t\t\t\t<div class=\"elementor-element elementor-element-bbf4d3e elementor-widget elementor-widget-text-editor\" data-id=\"bbf4d3e\" data-element_type=\"widget\" data-e-type=\"widget\" data-widget_type=\"text-editor.default\">\n\t\t\t\t<div class=\"elementor-widget-container\">\n\t\t\t\t\t\t\t\t\t<p>\u2705 Umfassende Kompatibilit\u00e4t<\/p><p>Wir unterst\u00fctzen planare Targets, rotierende (r\u00f6hrenf\u00f6rmige) Targets und komplexe Formen f\u00fcr Metalle, Keramiken und Verbundwerkstoffe.<\/p><p>\u2705 Kleben von Targets unter Reinraumbedingungen<\/p><p>Um Verunreinigungen zu vermeiden und die Integrit\u00e4t der Klebung zu gew\u00e4hrleisten, werden unsere Klebevorg\u00e4nge unter kontrollierten Reinraumbedingungen durchgef\u00fchrt.<\/p><p>\u2705 Pr\u00e4zisionsanpassung<\/p><p>Wir stellen sicher, dass die thermische Ausdehnung zwischen Target und Backplate genau aufeinander abgestimmt ist, um Verzug oder Delamination w\u00e4hrend des Gebrauchs zu vermeiden.<\/p><p>\u2705 Interne Verarbeitung und Pr\u00fcfung<\/p><p>Alle Schritte, von der Plattenvorbereitung bis zur abschlie\u00dfenden Qualit\u00e4tskontrolle, werden intern unter strenger Qualit\u00e4tskontrolle durchgef\u00fchrt, um R\u00fcckverfolgbarkeit und Wiederholbarkeit zu gew\u00e4hrleisten.<\/p><p>\u2705 Verklebung und Entklebung<\/p><p>F\u00fcr Kunden, die Backplates wiederverwenden oder Targets austauschen m\u00f6chten, bieten wir auch Entklebungs- und Wiederverklebungsdienste an.<\/p><p>\u2705 Weltweite Unterst\u00fctzung und schnelle Lieferung<\/p><p>Wir bieten internationale Klebeservices mit kurzen Vorlaufzeiten und schneller technischer Beratung.<\/p>\t\t\t\t\t\t\t\t<\/div>\n\t\t\t\t<\/div>\n\t\t\t\t<div class=\"elementor-element elementor-element-e825b32 elementor-widget elementor-widget-heading\" data-id=\"e825b32\" data-element_type=\"widget\" data-e-type=\"widget\" data-widget_type=\"heading.default\">\n\t\t\t\t<div class=\"elementor-widget-container\">\n\t\t\t\t\t<h2 class=\"elementor-heading-title elementor-size-default\">Warum trennt sich die Montageplatte\uff1f<\/h2>\t\t\t\t<\/div>\n\t\t\t\t<\/div>\n\t\t\t\t<div class=\"elementor-element elementor-element-8c3ec0f elementor-widget elementor-widget-text-editor\" data-id=\"8c3ec0f\" data-element_type=\"widget\" data-e-type=\"widget\" data-widget_type=\"text-editor.default\">\n\t\t\t\t<div class=\"elementor-widget-container\">\n\t\t\t\t\t\t\t\t\t<p>\u00dcberh\u00f6hte Sputtering-Temperatur<\/p><p>Hohe Temperaturen k\u00f6nnen sauerstofffreies Kupfer oxidieren und verformen. Keramische Targets k\u00f6nnen unter thermischer Belastung rei\u00dfen, was zu Delamination f\u00fchrt.<\/p><p>\u00dcberm\u00e4\u00dfiger Strom<\/p><p>Ein hoher Strom kann einen schnellen Temperaturanstieg verursachen. Wenn das Lot ungleichm\u00e4\u00dfig schmilzt, kann dies zu einer schlechten Verbindung und schlie\u00dflich zu einer Trennung f\u00fchren.<\/p><p>Unzureichende K\u00fchlung<\/p><p>Wenn die Austrittstemperatur des zirkulierenden K\u00fchlwassers 35 \u00b0C \u00fcbersteigt, wird die W\u00e4rmeabfuhr ineffizient, was das Risiko einer Delaminierung erh\u00f6ht.<\/p>\t\t\t\t\t\t\t\t<\/div>\n\t\t\t\t<\/div>\n\t\t\t\t<div class=\"elementor-element elementor-element-b5778b0 elementor-widget elementor-widget-heading\" data-id=\"b5778b0\" data-element_type=\"widget\" data-e-type=\"widget\" data-widget_type=\"heading.default\">\n\t\t\t\t<div class=\"elementor-widget-container\">\n\t\t\t\t\t<h2 class=\"elementor-heading-title elementor-size-default\">Typische Anwendungen<\/h2>\t\t\t\t<\/div>\n\t\t\t\t<\/div>\n\t\t\t\t<div class=\"elementor-element elementor-element-ee8ad90 elementor-widget elementor-widget-text-editor\" data-id=\"ee8ad90\" data-element_type=\"widget\" data-e-type=\"widget\" data-widget_type=\"text-editor.default\">\n\t\t\t\t<div class=\"elementor-widget-container\">\n\t\t\t\t\t\t\t\t\t<p>Halbleiter und Mikroelektronik<\/p><p>Anzeigetechnik<a href=\"https:\/\/en.wikipedia.org\/wiki\/OLED\" target=\"_blank\" rel=\"noopener\">(OLED<\/a>, LCD, LED)<\/p><p>Optische und dekorative Beschichtungen<\/p><p>Fotovoltaik (Solarzellen)<\/p><p>Datenspeicherung (HDD, Blu-ray)<\/p><p>Sie haben ein Zielobjekt, das geklebt werden muss? Unsere Experten helfen Ihnen bei der Auswahl der richtigen Backplate und Klebemethode, um Leistung und Zuverl\u00e4ssigkeit zu maximieren.<\/p><p><a href=\"https:\/\/ulpmat.com\/de\/kontakt-us\/\"><strong>Kontaktieren Sie uns<\/strong><\/a> heute, um Ihr Projekt zu besprechen!<\/p>\t\t\t\t\t\t\t\t<\/div>\n\t\t\t\t<\/div>\n\t\t\t\t<\/div>\n\t\t<div class=\"elementor-element elementor-element-3da7888 e-con-full e-flex e-con e-child\" data-id=\"3da7888\" data-element_type=\"container\" data-e-type=\"container\" data-settings=\"{&quot;background_background&quot;:&quot;classic&quot;}\">\n\t\t\t\t<div class=\"elementor-element elementor-element-6202aaa elementor-widget elementor-widget-heading\" data-id=\"6202aaa\" data-element_type=\"widget\" data-e-type=\"widget\" data-widget_type=\"heading.default\">\n\t\t\t\t<div class=\"elementor-widget-container\">\n\t\t\t\t\t<h2 class=\"elementor-heading-title elementor-size-default\">Kontakt<\/h2>\t\t\t\t<\/div>\n\t\t\t\t<\/div>\n\t\t\t\t<div class=\"elementor-element elementor-element-30a050d elementor-button-align-stretch elementor-widget elementor-widget-global elementor-global-13316 elementor-global-130 elementor-widget-form\" data-id=\"30a050d\" data-element_type=\"widget\" data-e-type=\"widget\" data-settings=\"{&quot;step_next_label&quot;:&quot;N\\u00e4chste&quot;,&quot;step_previous_label&quot;:&quot;Vorherige&quot;,&quot;button_width&quot;:&quot;100&quot;,&quot;step_type&quot;:&quot;number_text&quot;,&quot;step_icon_shape&quot;:&quot;circle&quot;}\" data-widget_type=\"form.default\">\n\t\t\t\t<div class=\"elementor-widget-container\">\n\t\t\t\t\t\t\t<form class=\"elementor-form\" method=\"post\" name=\"Kontakt-Formular\" aria-label=\"Kontakt-Formular\">\n\t\t\t<input type=\"hidden\" name=\"post_id\" value=\"24964\"\/>\n\t\t\t<input type=\"hidden\" name=\"form_id\" value=\"30a050d\"\/>\n\t\t\t<input type=\"hidden\" name=\"referer_title\" value=\"\" \/>\n\n\t\t\t\n\t\t\t<div class=\"elementor-form-fields-wrapper elementor-labels-above\">\n\t\t\t\t\t\t\t\t<div class=\"elementor-field-type-hidden elementor-field-group elementor-column elementor-field-group-p_image elementor-col-100\">\n\t\t\t\t\t\t\t\t\t\t\t\t\t<input size=\"1\" type=\"hidden\" name=\"form_fields[p_image]\" id=\"form-field-p_image\" class=\"elementor-field elementor-size-sm  elementor-field-textual\" value=\"&lt;img src=&quot;[field id=&quot;p_image&quot;]&quot; style=&quot;max-width:200px;max-height:200px&quot;&gt;\">\n\t\t\t\t\t\t\t\t\t\t\t<\/div>\n\t\t\t\t\t\t\t\t<div class=\"elementor-field-type-hidden elementor-field-group elementor-column elementor-field-group-p_name elementor-col-100\">\n\t\t\t\t\t\t\t\t\t\t\t\t\t<input size=\"1\" type=\"hidden\" name=\"form_fields[p_name]\" id=\"form-field-p_name\" class=\"elementor-field elementor-size-sm  elementor-field-textual\" value=\"&lt;img src=&quot;[field id=&quot;p_image&quot;]&quot; style=&quot;max-width:200px;max-height:200px&quot;&gt;\">\n\t\t\t\t\t\t\t\t\t\t\t<\/div>\n\t\t\t\t\t\t\t\t<div class=\"elementor-field-type-hidden elementor-field-group elementor-column elementor-field-group-p_purity elementor-col-100\">\n\t\t\t\t\t\t\t\t\t\t\t\t\t<input size=\"1\" type=\"hidden\" name=\"form_fields[p_purity]\" id=\"form-field-p_purity\" class=\"elementor-field elementor-size-sm  elementor-field-textual\">\n\t\t\t\t\t\t\t\t\t\t\t<\/div>\n\t\t\t\t\t\t\t\t<div class=\"elementor-field-type-hidden elementor-field-group elementor-column elementor-field-group-p_dimension elementor-col-100\">\n\t\t\t\t\t\t\t\t\t\t\t\t\t<input size=\"1\" type=\"hidden\" name=\"form_fields[p_dimension]\" id=\"form-field-p_dimension\" class=\"elementor-field elementor-size-sm  elementor-field-textual\">\n\t\t\t\t\t\t\t\t\t\t\t<\/div>\n\t\t\t\t\t\t\t\t<div class=\"elementor-field-type-text elementor-field-group elementor-column elementor-field-group-name elementor-col-50 elementor-field-required elementor-mark-required\">\n\t\t\t\t\t\t\t\t\t\t\t\t<label for=\"form-field-name\" class=\"elementor-field-label\">\n\t\t\t\t\t\t\t\tName\t\t\t\t\t\t\t<\/label>\n\t\t\t\t\t\t\t\t\t\t\t\t\t\t<input size=\"1\" type=\"text\" name=\"form_fields[name]\" id=\"form-field-name\" class=\"elementor-field elementor-size-sm  elementor-field-textual\" required=\"required\">\n\t\t\t\t\t\t\t\t\t\t\t<\/div>\n\t\t\t\t\t\t\t\t<div class=\"elementor-field-type-email elementor-field-group elementor-column elementor-field-group-email elementor-col-50 elementor-field-required elementor-mark-required\">\n\t\t\t\t\t\t\t\t\t\t\t\t<label for=\"form-field-email\" class=\"elementor-field-label\">\n\t\t\t\t\t\t\t\tE-Mail\t\t\t\t\t\t\t<\/label>\n\t\t\t\t\t\t\t\t\t\t\t\t\t\t<input size=\"1\" type=\"email\" name=\"form_fields[email]\" id=\"form-field-email\" class=\"elementor-field elementor-size-sm  elementor-field-textual\" required=\"required\">\n\t\t\t\t\t\t\t\t\t\t\t<\/div>\n\t\t\t\t\t\t\t\t<div class=\"elementor-field-type-tel elementor-field-group elementor-column elementor-field-group-tel elementor-col-50\">\n\t\t\t\t\t\t\t\t\t\t\t\t<label for=\"form-field-tel\" class=\"elementor-field-label\">\n\t\t\t\t\t\t\t\tTelefon\t\t\t\t\t\t\t<\/label>\n\t\t\t\t\t\t\t\t<input size=\"1\" type=\"tel\" name=\"form_fields[tel]\" id=\"form-field-tel\" class=\"elementor-field elementor-size-sm  elementor-field-textual\" pattern=\"[0-9()#&amp;+*-=.]+\" title=\"Nur Nummern oder Telefon-Zeichen (#, -, *, etc) werden akzeptiert.\">\n\n\t\t\t\t\t\t<\/div>\n\t\t\t\t\t\t\t\t<div class=\"elementor-field-type-text elementor-field-group elementor-column elementor-field-group-country elementor-col-50\">\n\t\t\t\t\t\t\t\t\t\t\t\t<label for=\"form-field-country\" class=\"elementor-field-label\">\n\t\t\t\t\t\t\t\tLand\t\t\t\t\t\t\t<\/label>\n\t\t\t\t\t\t\t\t\t\t\t\t\t\t<input size=\"1\" type=\"text\" name=\"form_fields[country]\" id=\"form-field-country\" class=\"elementor-field elementor-size-sm  elementor-field-textual\">\n\t\t\t\t\t\t\t\t\t\t\t<\/div>\n\t\t\t\t\t\t\t\t<div class=\"elementor-field-type-text elementor-field-group elementor-column elementor-field-group-company elementor-col-100\">\n\t\t\t\t\t\t\t\t\t\t\t\t<label for=\"form-field-company\" class=\"elementor-field-label\">\n\t\t\t\t\t\t\t\tUnternehmen\t\t\t\t\t\t\t<\/label>\n\t\t\t\t\t\t\t\t\t\t\t\t\t\t<input size=\"1\" type=\"text\" name=\"form_fields[company]\" id=\"form-field-company\" class=\"elementor-field elementor-size-sm  elementor-field-textual\">\n\t\t\t\t\t\t\t\t\t\t\t<\/div>\n\t\t\t\t\t\t\t\t<div class=\"elementor-field-type-textarea elementor-field-group elementor-column elementor-field-group-message elementor-col-100 elementor-field-required elementor-mark-required\">\n\t\t\t\t\t\t\t\t\t\t\t\t<label for=\"form-field-message\" class=\"elementor-field-label\">\n\t\t\t\t\t\t\t\tNachricht\t\t\t\t\t\t\t<\/label>\n\t\t\t\t\t\t<textarea class=\"elementor-field-textual elementor-field  elementor-size-sm\" name=\"form_fields[message]\" id=\"form-field-message\" rows=\"4\" required=\"required\"><\/textarea>\t\t\t\t<\/div>\n\t\t\t\t\t\t\t\t<div class=\"elementor-field-group elementor-column elementor-field-type-submit elementor-col-100 e-form__buttons\">\n\t\t\t\t\t<button class=\"elementor-button elementor-size-sm\" type=\"submit\">\n\t\t\t\t\t\t<span class=\"elementor-button-content-wrapper\">\n\t\t\t\t\t\t\t\t\t\t\t\t\t\t\t\t\t\t\t\t\t\t<span class=\"elementor-button-text\">Einreichen<\/span>\n\t\t\t\t\t\t\t\t\t\t\t\t\t<\/span>\n\t\t\t\t\t<\/button>\n\t\t\t\t<\/div>\n\t\t\t<\/div>\n\t\t<\/form>\n\t\t\t\t\t\t<\/div>\n\t\t\t\t<\/div>\n\t\t\t\t<div class=\"elementor-element elementor-element-442d182 elementor-widget elementor-widget-heading\" data-id=\"442d182\" data-element_type=\"widget\" data-e-type=\"widget\" data-widget_type=\"heading.default\">\n\t\t\t\t<div class=\"elementor-widget-container\">\n\t\t\t\t\t<h2 class=\"elementor-heading-title elementor-size-default\">Mehr Informationen<\/h2>\t\t\t\t<\/div>\n\t\t\t\t<\/div>\n\t\t\t\t<div class=\"elementor-element elementor-element-6a96e6b elementor-icon-list--layout-traditional elementor-list-item-link-full_width elementor-widget elementor-widget-icon-list\" data-id=\"6a96e6b\" data-element_type=\"widget\" data-e-type=\"widget\" data-widget_type=\"icon-list.default\">\n\t\t\t\t<div class=\"elementor-widget-container\">\n\t\t\t\t\t\t\t<ul class=\"elementor-icon-list-items\">\n\t\t\t\t\t\t\t<li class=\"elementor-icon-list-item\">\n\t\t\t\t\t\t\t\t\t\t\t<a href=\"tel:+862988993870\">\n\n\t\t\t\t\t\t\t\t\t\t\t\t<span class=\"elementor-icon-list-icon\">\n\t\t\t\t\t\t\t<svg aria-hidden=\"true\" class=\"e-font-icon-svg e-fas-mobile-alt\" viewBox=\"0 0 320 512\" xmlns=\"http:\/\/www.w3.org\/2000\/svg\"><path d=\"M272 0H48C21.5 0 0 21.5 0 48v416c0 26.5 21.5 48 48 48h224c26.5 0 48-21.5 48-48V48c0-26.5-21.5-48-48-48zM160 480c-17.7 0-32-14.3-32-32s14.3-32 32-32 32 14.3 32 32-14.3 32-32 32zm112-108c0 6.6-5.4 12-12 12H60c-6.6 0-12-5.4-12-12V60c0-6.6 5.4-12 12-12h200c6.6 0 12 5.4 12 12v312z\"><\/path><\/svg>\t\t\t\t\t\t<\/span>\n\t\t\t\t\t\t\t\t\t\t<span class=\"elementor-icon-list-text\"><b>PHONE\uff1a+86-29-88993870<\/b><\/span>\n\t\t\t\t\t\t\t\t\t\t\t<\/a>\n\t\t\t\t\t\t\t\t\t<\/li>\n\t\t\t\t\t\t\t\t<li class=\"elementor-icon-list-item\">\n\t\t\t\t\t\t\t\t\t\t\t<a href=\"tel:+8618291498609\">\n\n\t\t\t\t\t\t\t\t\t\t\t\t<span class=\"elementor-icon-list-icon\">\n\t\t\t\t\t\t\t<svg aria-hidden=\"true\" class=\"e-font-icon-svg e-fab-whatsapp\" viewBox=\"0 0 448 512\" xmlns=\"http:\/\/www.w3.org\/2000\/svg\"><path d=\"M380.9 97.1C339 55.1 283.2 32 223.9 32c-122.4 0-222 99.6-222 222 0 39.1 10.2 77.3 29.6 111L0 480l117.7-30.9c32.4 17.7 68.9 27 106.1 27h.1c122.3 0 224.1-99.6 224.1-222 0-59.3-25.2-115-67.1-157zm-157 341.6c-33.2 0-65.7-8.9-94-25.7l-6.7-4-69.8 18.3L72 359.2l-4.4-7c-18.5-29.4-28.2-63.3-28.2-98.2 0-101.7 82.8-184.5 184.6-184.5 49.3 0 95.6 19.2 130.4 54.1 34.8 34.9 56.2 81.2 56.1 130.5 0 101.8-84.9 184.6-186.6 184.6zm101.2-138.2c-5.5-2.8-32.8-16.2-37.9-18-5.1-1.9-8.8-2.8-12.5 2.8-3.7 5.6-14.3 18-17.6 21.8-3.2 3.7-6.5 4.2-12 1.4-32.6-16.3-54-29.1-75.5-66-5.7-9.8 5.7-9.1 16.3-30.3 1.8-3.7.9-6.9-.5-9.7-1.4-2.8-12.5-30.1-17.1-41.2-4.5-10.8-9.1-9.3-12.5-9.5-3.2-.2-6.9-.2-10.6-.2-3.7 0-9.7 1.4-14.8 6.9-5.1 5.6-19.4 19-19.4 46.3 0 27.3 19.9 53.7 22.6 57.4 2.8 3.7 39.1 59.7 94.8 83.8 35.2 15.2 49 16.5 66.6 13.9 10.7-1.6 32.8-13.4 37.4-26.4 4.6-13 4.6-24.1 3.2-26.4-1.3-2.5-5-3.9-10.5-6.6z\"><\/path><\/svg>\t\t\t\t\t\t<\/span>\n\t\t\t\t\t\t\t\t\t\t<span class=\"elementor-icon-list-text\"><b>WHATSAPP\uff1a+8618291498609<\/b><\/span>\n\t\t\t\t\t\t\t\t\t\t\t<\/a>\n\t\t\t\t\t\t\t\t\t<\/li>\n\t\t\t\t\t\t\t\t<li class=\"elementor-icon-list-item\">\n\t\t\t\t\t\t\t\t\t\t\t<a href=\"mailto:sales@funcmater.com\">\n\n\t\t\t\t\t\t\t\t\t\t\t\t<span class=\"elementor-icon-list-icon\">\n\t\t\t\t\t\t\t<svg aria-hidden=\"true\" class=\"e-font-icon-svg e-far-envelope\" viewBox=\"0 0 512 512\" xmlns=\"http:\/\/www.w3.org\/2000\/svg\"><path d=\"M464 64H48C21.49 64 0 85.49 0 112v288c0 26.51 21.49 48 48 48h416c26.51 0 48-21.49 48-48V112c0-26.51-21.49-48-48-48zm0 48v40.805c-22.422 18.259-58.168 46.651-134.587 106.49-16.841 13.247-50.201 45.072-73.413 44.701-23.208.375-56.579-31.459-73.413-44.701C106.18 199.465 70.425 171.067 48 152.805V112h416zM48 400V214.398c22.914 18.251 55.409 43.862 104.938 82.646 21.857 17.205 60.134 55.186 103.062 54.955 42.717.231 80.509-37.199 103.053-54.947 49.528-38.783 82.032-64.401 104.947-82.653V400H48z\"><\/path><\/svg>\t\t\t\t\t\t<\/span>\n\t\t\t\t\t\t\t\t\t\t<span class=\"elementor-icon-list-text\"><b>E-MAIL\uff1asales@funcmater.com<\/b><\/span>\n\t\t\t\t\t\t\t\t\t\t\t<\/a>\n\t\t\t\t\t\t\t\t\t<\/li>\n\t\t\t\t\t\t\t\t<li class=\"elementor-icon-list-item\">\n\t\t\t\t\t\t\t\t\t\t\t<span class=\"elementor-icon-list-icon\">\n\t\t\t\t\t\t\t<svg aria-hidden=\"true\" class=\"e-font-icon-svg e-fas-map-marker-alt\" viewBox=\"0 0 384 512\" xmlns=\"http:\/\/www.w3.org\/2000\/svg\"><path d=\"M172.268 501.67C26.97 291.031 0 269.413 0 192 0 85.961 85.961 0 192 0s192 85.961 192 192c0 77.413-26.97 99.031-172.268 309.67-9.535 13.774-29.93 13.773-39.464 0zM192 272c44.183 0 80-35.817 80-80s-35.817-80-80-80-80 35.817-80 80 35.817 80 80 80z\"><\/path><\/svg>\t\t\t\t\t\t<\/span>\n\t\t\t\t\t\t\t\t\t\t<span class=\"elementor-icon-list-text\"><b>ADRESSE\uff1aA11<\/b>, 5. Stock, Geb\u00e4ude 5, Digital China Xi'an Science Park, Nr. 20 Zhangba 4th Road, High-Tech Zone, Xi'an, Shaanxi, China.  <\/span>\n\t\t\t\t\t\t\t\t\t<\/li>\n\t\t\t\t\t\t<\/ul>\n\t\t\t\t\t\t<\/div>\n\t\t\t\t<\/div>\n\t\t\t\t<\/div>\n\t\t\t\t\t<\/div>\n\t\t\t\t<\/div>\n\t\t\t\t<\/div>\n\t\t","protected":false},"excerpt":{"rendered":"<p>Ziel Bindung Beim Target-Bonding wird ein Sputtertarget mit einer thermisch und mechanisch stabilen Haftschicht auf einer Backplane befestigt. Dies ist ein entscheidender Schritt bei der Vorbereitung von Sputtertargets, insbesondere bei solchen, die in Hochleistungs- oder Hochtemperatur-Beschichtungssystemen verwendet werden. Das Bonden gew\u00e4hrleistet eine optimale W\u00e4rmeleitf\u00e4higkeit, mechanische Unterst\u00fctzung und Betriebssicherheit w\u00e4hrend der D\u00fcnnschichtabscheidung. Warum ist die Zielbindung [&hellip;]<\/p>\n","protected":false},"author":2,"featured_media":0,"parent":7172,"menu_order":0,"comment_status":"closed","ping_status":"closed","template":"","meta":{"_acf_changed":false,"footnotes":""},"class_list":["post-24964","page","type-page","status-publish","hentry"],"acf":[],"_links":{"self":[{"href":"https:\/\/ulpmat.com\/de\/wp-json\/wp\/v2\/pages\/24964","targetHints":{"allow":["GET"]}}],"collection":[{"href":"https:\/\/ulpmat.com\/de\/wp-json\/wp\/v2\/pages"}],"about":[{"href":"https:\/\/ulpmat.com\/de\/wp-json\/wp\/v2\/types\/page"}],"author":[{"embeddable":true,"href":"https:\/\/ulpmat.com\/de\/wp-json\/wp\/v2\/users\/2"}],"replies":[{"embeddable":true,"href":"https:\/\/ulpmat.com\/de\/wp-json\/wp\/v2\/comments?post=24964"}],"version-history":[{"count":2,"href":"https:\/\/ulpmat.com\/de\/wp-json\/wp\/v2\/pages\/24964\/revisions"}],"predecessor-version":[{"id":24967,"href":"https:\/\/ulpmat.com\/de\/wp-json\/wp\/v2\/pages\/24964\/revisions\/24967"}],"up":[{"embeddable":true,"href":"https:\/\/ulpmat.com\/de\/wp-json\/wp\/v2\/pages\/7172"}],"wp:attachment":[{"href":"https:\/\/ulpmat.com\/de\/wp-json\/wp\/v2\/media?parent=24964"}],"curies":[{"name":"wp","href":"https:\/\/api.w.org\/{rel}","templated":true}]}}