{"id":24929,"date":"2025-06-09T10:57:14","date_gmt":"2025-06-09T02:57:14","guid":{"rendered":"https:\/\/ulpmat.com\/service\/service-nach-dem-verkauf\/"},"modified":"2025-11-19T17:20:03","modified_gmt":"2025-11-19T09:20:03","slug":"service-nach-dem-verkauf","status":"publish","type":"page","link":"https:\/\/ulpmat.com\/de\/service\/service-nach-dem-verkauf\/","title":{"rendered":"Service nach dem Verkauf"},"content":{"rendered":"\t\t<div data-elementor-type=\"wp-page\" data-elementor-id=\"24929\" class=\"elementor elementor-24929 elementor-1005\" data-elementor-post-type=\"page\">\n\t\t\t\t<div class=\"elementor-element elementor-element-00a7d45 e-flex e-con-boxed e-con e-parent\" data-id=\"00a7d45\" data-element_type=\"container\" data-e-type=\"container\">\n\t\t\t\t\t<div class=\"e-con-inner\">\n\t\t<div class=\"elementor-element elementor-element-e4d380d e-con-full e-flex e-con e-child\" data-id=\"e4d380d\" data-element_type=\"container\" data-e-type=\"container\" data-settings=\"{&quot;background_background&quot;:&quot;classic&quot;}\">\n\t\t\t\t<div class=\"elementor-element elementor-element-5c274f7 elementor-widget elementor-widget-heading\" data-id=\"5c274f7\" data-element_type=\"widget\" data-e-type=\"widget\" data-widget_type=\"heading.default\">\n\t\t\t\t<div class=\"elementor-widget-container\">\n\t\t\t\t\t<h2 class=\"elementor-heading-title elementor-size-default\">Service nach dem Verkauf<\/h2>\t\t\t\t<\/div>\n\t\t\t\t<\/div>\n\t\t\t\t<\/div>\n\t\t\t\t\t<\/div>\n\t\t\t\t<\/div>\n\t\t<div class=\"elementor-element elementor-element-e2bea9a e-flex e-con-boxed e-con e-parent\" data-id=\"e2bea9a\" data-element_type=\"container\" data-e-type=\"container\">\n\t\t\t\t\t<div class=\"e-con-inner\">\n\t\t<div class=\"elementor-element elementor-element-c04f0c9 e-con-full e-flex e-con e-child\" data-id=\"c04f0c9\" data-element_type=\"container\" data-e-type=\"container\" data-settings=\"{&quot;background_background&quot;:&quot;classic&quot;}\">\n\t\t\t\t<div class=\"elementor-element elementor-element-9268d56 elementor-widget elementor-widget-text-editor\" data-id=\"9268d56\" data-element_type=\"widget\" data-e-type=\"widget\" data-widget_type=\"text-editor.default\">\n\t\t\t\t<div class=\"elementor-widget-container\">\n\t\t\t\t\t\t\t\t\t<p>ULPMAT legt Wert auf langfristige Partnerschaften mit seinen Kunden, und unser Engagement geht \u00fcber die Produktlieferung hinaus &#8211; wir verpflichten uns, einen zuverl\u00e4ssigen, reaktionsschnellen und professionellen Kundendienst zu bieten. Wir wissen, dass unsere Materialien f\u00fcr Ihren Prozess von entscheidender Bedeutung sind. Daher setzen wir uns daf\u00fcr ein, dass Ihre Erfahrungen stets reibungslos, effizient und erfolgreich sind.<\/p>\t\t\t\t\t\t\t\t<\/div>\n\t\t\t\t<\/div>\n\t\t\t\t<div class=\"elementor-element elementor-element-6462b66 elementor-widget elementor-widget-heading\" data-id=\"6462b66\" data-element_type=\"widget\" data-e-type=\"widget\" data-widget_type=\"heading.default\">\n\t\t\t\t<div class=\"elementor-widget-container\">\n\t\t\t\t\t<h2 class=\"elementor-heading-title elementor-size-default\">Was bieten wir?<\/h2>\t\t\t\t<\/div>\n\t\t\t\t<\/div>\n\t\t\t\t<div class=\"elementor-element elementor-element-75e82d0 elementor-widget elementor-widget-text-editor\" data-id=\"75e82d0\" data-element_type=\"widget\" data-e-type=\"widget\" data-widget_type=\"text-editor.default\">\n\t\t\t\t<div class=\"elementor-widget-container\">\n\t\t\t\t\t\t\t\t\t<p><strong>Technische Nachbereitung<\/strong><\/p><p>Wir setzen uns nach der Lieferung proaktiv mit unseren Kunden in Verbindung, um sicherzustellen, dass das Material die Leistungserwartungen erf\u00fcllt. Sollten w\u00e4hrend der Nutzung Probleme auftreten, stehen unsere technischen Experten bereit, um Sie bei der Fehlersuche und Probleml\u00f6sung zu unterst\u00fctzen.<\/p><p><strong>Dokumentation und Unterst\u00fctzung bei der Einhaltung von Vorschriften<\/strong><\/p><p>Wir stellen eine vollst\u00e4ndige und transparente Dokumentation zur Verf\u00fcgung &#8211; einschlie\u00dflich <a href=\"https:\/\/ulpmat.com\/de\/dokumente\/zertifikat-der-analyse\/\">Analysezertifikaten (COA)<\/a>, <a href=\"https:\/\/ulpmat.com\/de\/dokumente\/sicherheitsdatenblatt\/\">Sicherheitsdatenbl\u00e4ttern (MSDS)<\/a>, RoHS\/REACH-Konformit\u00e4tserkl\u00e4rungen und Pr\u00fcfberichten Dritter, falls erforderlich.<\/p><p><strong>Feedback-Schleife zur Produktleistung<\/strong><\/p><p>Ihr Feedback ist entscheidend. Wir zeichnen Leistungsdaten und Kundenkommentare auf, um unsere Materialien und Prozesse kontinuierlich zu verbessern und so sicherzustellen, dass wir Ihre sich \u00e4ndernden Anforderungen besser erf\u00fcllen k\u00f6nnen.<\/p><p><strong> R\u00fcckgabe- und Umtauschbestimmungen<\/strong><\/p><p>F\u00fcr den unwahrscheinlichen Fall von Materialabweichungen oder -m\u00e4ngeln bieten wir ein klares R\u00fcckgabe- und Umtauschverfahren, das internationalen Standards entspricht und die Unterbrechung Ihrer Arbeitsabl\u00e4ufe auf ein Minimum reduziert.<\/p><p><strong>Kundenspezifische Bestandsverwaltung<\/strong><\/p><p>F\u00fcr Nachbestellungen bieten wir Unterst\u00fctzung bei der Terminplanung, Vorbestellung und kundenspezifische Verpackungen, um eine p\u00fcnktliche Lieferung und gleichbleibende Qualit\u00e4t zu gew\u00e4hrleisten.<\/p>\t\t\t\t\t\t\t\t<\/div>\n\t\t\t\t<\/div>\n\t\t\t\t<div class=\"elementor-element elementor-element-ac2e897 elementor-widget elementor-widget-heading\" data-id=\"ac2e897\" data-element_type=\"widget\" data-e-type=\"widget\" data-widget_type=\"heading.default\">\n\t\t\t\t<div class=\"elementor-widget-container\">\n\t\t\t\t\t<h2 class=\"elementor-heading-title elementor-size-default\">Support-Kan\u00e4le<\/h2>\t\t\t\t<\/div>\n\t\t\t\t<\/div>\n\t\t\t\t<div class=\"elementor-element elementor-element-67599b7 elementor-widget elementor-widget-text-editor\" data-id=\"67599b7\" data-element_type=\"widget\" data-e-type=\"widget\" data-widget_type=\"text-editor.default\">\n\t\t\t\t<div class=\"elementor-widget-container\">\n\t\t\t\t\t\t\t\t\t<p><strong>\ud83d\udcde Direkte Kommunikation<\/strong><\/p><p>Sie haben einen festen Ansprechpartner f\u00fcr Ihre Unterst\u00fctzungsdienste, und diese Beziehung bleibt auch nach Abschluss Ihres Auftrags bestehen, denn wir wollen f\u00fcr Sie da sein, wenn Sie weitere Unterst\u00fctzung ben\u00f6tigen.<\/p><p>Wenn Sie mit Ihrem Kundenbetreuer sprechen m\u00f6chten, rufen Sie bitte +86-29-88993870 an.<\/p><p><strong>\ud83d\udce7 E-Mail und virtuelle Unterst\u00fctzung<\/strong><\/p><p>Schnelle Reaktion innerhalb von 24 Stunden. Bei Problemen mit den von uns angebotenen Materialien stehen unsere technischen Experten jederzeit zur Verf\u00fcgung, um Sie zu unterst\u00fctzen und Ihnen die Unterschiede zwischen den Produkten zu erl\u00e4utern.<\/p><p>F\u00fcr Produkt- und technischen Support senden Sie bitte eine E-Mail an <a href=\"mailto:sales@funcmater.com\">sales@funcmater.com<\/a> oder rufen Sie +86-29-88993870 an.<\/p><p><strong>\ud83e\uddea Neubewertung und erneute Pr\u00fcfung im Labor<\/strong><\/p><p>Bei Bedarf k\u00f6nnen wir Materialien intern oder durch ein Drittlabor erneut testen, um Probleme zu validieren oder zu beheben.<\/p><p>F\u00fcr diesbez\u00fcgliche Anfragen senden Sie bitte eine E-Mail an sales@funcmater.com oder rufen Sie +86-29-88993870 an.<\/p><p><strong>\ud83d\udce6 Logistische Unterst\u00fctzung<\/strong><\/p><p>Wir unterst\u00fctzen Sie bei der logistischen Verfolgung, der Verpackungsberatung, der Import-\/Exportdokumentation und der L\u00f6sung von Problemen im Zusammenhang mit dem Versand.<\/p><p>Wenn Sie Fragen dazu haben, senden Sie bitte eine E-Mail an sales@funcmater.com oder rufen Sie +86-29-88993870 an.<\/p>\t\t\t\t\t\t\t\t<\/div>\n\t\t\t\t<\/div>\n\t\t\t\t<div class=\"elementor-element elementor-element-ad39e4c elementor-widget elementor-widget-heading\" data-id=\"ad39e4c\" data-element_type=\"widget\" data-e-type=\"widget\" data-widget_type=\"heading.default\">\n\t\t\t\t<div class=\"elementor-widget-container\">\n\t\t\t\t\t<h2 class=\"elementor-heading-title elementor-size-default\">Warum die technische Unterst\u00fctzung von ULPMAT?<\/h2>\t\t\t\t<\/div>\n\t\t\t\t<\/div>\n\t\t\t\t<div class=\"elementor-element elementor-element-df618c2 elementor-widget elementor-widget-text-editor\" data-id=\"df618c2\" data-element_type=\"widget\" data-e-type=\"widget\" data-widget_type=\"text-editor.default\">\n\t\t\t\t<div class=\"elementor-widget-container\">\n\t\t\t\t\t\t\t\t\t<p><strong>\ud83d\udd2c Starkes internes Fachwissen<\/strong><\/p><p>Zu unserem Team geh\u00f6ren promovierte Materialwissenschaftler und erfahrene Anwendungstechniker mit Kenntnissen in anorganischer Chemie, D\u00fcnnschichtabscheidung, Festk\u00f6rperphysik und Pulververarbeitung.<\/p><p><strong>\ud83c\udf0d Weltweite Erfahrung<\/strong><\/p><p>Wir unterst\u00fctzen Kunden in einer Vielzahl von Branchen und auf allen Kontinenten &#8211; wir kennen die Anforderungen von Spitzenlabors ebenso wie die von Gro\u00dfserienproduktionen.<\/p><p><strong>\ud83d\udcca Datengesteuert und l\u00f6sungsorientiert<\/strong><\/p><p>Wir liefern nicht nur Antworten, wir analysieren sie. Unsere Unterst\u00fctzung basiert auf realen Daten, Testergebnissen und bew\u00e4hrten Optimierungsstrategien.<\/p><p><strong>\ud83d\udd17 Enge Zusammenarbeit mit F&amp;E und Produktion<\/strong><\/p><p>Dank der engen Zusammenarbeit unseres Support-Teams mit F&amp;E-Labors und Produktionslinien k\u00f6nnen wir Feedback schnell in die Tat umsetzen.<\/p>\t\t\t\t\t\t\t\t<\/div>\n\t\t\t\t<\/div>\n\t\t\t\t<div class=\"elementor-element elementor-element-17af1ac elementor-widget elementor-widget-heading\" data-id=\"17af1ac\" data-element_type=\"widget\" data-e-type=\"widget\" data-widget_type=\"heading.default\">\n\t\t\t\t<div class=\"elementor-widget-container\">\n\t\t\t\t\t<h2 class=\"elementor-heading-title elementor-size-default\">Was zeichnet unsere Kundendienstleistungen aus?<\/h2>\t\t\t\t<\/div>\n\t\t\t\t<\/div>\n\t\t\t\t<div class=\"elementor-element elementor-element-9119ecb elementor-widget elementor-widget-text-editor\" data-id=\"9119ecb\" data-element_type=\"widget\" data-e-type=\"widget\" data-widget_type=\"text-editor.default\">\n\t\t\t\t<div class=\"elementor-widget-container\">\n\t\t\t\t\t\t\t\t\t<p>\u2714\ufe0f Reaktionsf\u00e4higkeit &#8211; Schnelle und freundliche Unterst\u00fctzung mit minimaler Reaktionszeit.<\/p><p>\u2714\ufe0f Verantwortlichkeit &#8211; Klare Richtlinien und ein professioneller Ansatz zur Probleml\u00f6sung.<\/p><p>\u2714\ufe0f Technische Tiefe &#8211; Integrierter Zugang zu unseren internen F&amp;E- und QC-Teams.<\/p><p>\u2714\ufe0f Kundenorientierung &#8211; Ihre Zufriedenheit und Ihr langfristiger Erfolg haben f\u00fcr uns Priorit\u00e4t. <\/p>\t\t\t\t\t\t\t\t<\/div>\n\t\t\t\t<\/div>\n\t\t\t\t<div class=\"elementor-element elementor-element-fec7e6a elementor-widget elementor-widget-heading\" data-id=\"fec7e6a\" data-element_type=\"widget\" data-e-type=\"widget\" data-widget_type=\"heading.default\">\n\t\t\t\t<div class=\"elementor-widget-container\">\n\t\t\t\t\t<h2 class=\"elementor-heading-title elementor-size-default\">Ihr zuverl\u00e4ssiger Partner f\u00fcr Materialien<\/h2>\t\t\t\t<\/div>\n\t\t\t\t<\/div>\n\t\t\t\t<div class=\"elementor-element elementor-element-72ed804 elementor-widget elementor-widget-text-editor\" data-id=\"72ed804\" data-element_type=\"widget\" data-e-type=\"widget\" data-widget_type=\"text-editor.default\">\n\t\t\t\t<div class=\"elementor-widget-container\">\n\t\t\t\t\t\t\t\t\t<p>ULPMAT ist bestrebt, langfristige Beziehungen aufzubauen und nicht nur einmalige Produkte zu liefern. Deshalb behandeln wir jede Anfrage nach dem Verkauf genauso ernsthaft und verantwortungsbewusst wie den Erstauftrag.<\/p><p>\ud83d\udcac Ben\u00f6tigen Sie Hilfe, Feedback oder technische Beratung? <strong><a href=\"https:\/\/ulpmat.com\/de\/kontakt-us\/\">Kontaktieren Sie uns<\/a><\/strong> &#8211; wir sind f\u00fcr Sie da.<\/p>\t\t\t\t\t\t\t\t<\/div>\n\t\t\t\t<\/div>\n\t\t\t\t<\/div>\n\t\t<div class=\"elementor-element elementor-element-a6809c4 e-con-full e-flex e-con e-child\" data-id=\"a6809c4\" data-element_type=\"container\" data-e-type=\"container\" data-settings=\"{&quot;background_background&quot;:&quot;classic&quot;}\">\n\t\t\t\t<div class=\"elementor-element elementor-element-19fc8a5 elementor-widget elementor-widget-heading\" data-id=\"19fc8a5\" data-element_type=\"widget\" data-e-type=\"widget\" data-widget_type=\"heading.default\">\n\t\t\t\t<div class=\"elementor-widget-container\">\n\t\t\t\t\t<h2 class=\"elementor-heading-title elementor-size-default\">Kontakt<\/h2>\t\t\t\t<\/div>\n\t\t\t\t<\/div>\n\t\t\t\t<div class=\"elementor-element elementor-element-51d4f9d elementor-button-align-stretch elementor-widget elementor-widget-global elementor-global-13316 elementor-global-130 elementor-widget-form\" data-id=\"51d4f9d\" data-element_type=\"widget\" data-e-type=\"widget\" data-settings=\"{&quot;step_next_label&quot;:&quot;N\\u00e4chste&quot;,&quot;step_previous_label&quot;:&quot;Vorherige&quot;,&quot;button_width&quot;:&quot;100&quot;,&quot;step_type&quot;:&quot;number_text&quot;,&quot;step_icon_shape&quot;:&quot;circle&quot;}\" data-widget_type=\"form.default\">\n\t\t\t\t<div class=\"elementor-widget-container\">\n\t\t\t\t\t\t\t<form class=\"elementor-form\" method=\"post\" name=\"Kontakt-Formular\" aria-label=\"Kontakt-Formular\">\n\t\t\t<input type=\"hidden\" name=\"post_id\" value=\"24929\"\/>\n\t\t\t<input type=\"hidden\" name=\"form_id\" value=\"51d4f9d\"\/>\n\t\t\t<input type=\"hidden\" name=\"referer_title\" value=\"\" \/>\n\n\t\t\t\n\t\t\t<div class=\"elementor-form-fields-wrapper elementor-labels-above\">\n\t\t\t\t\t\t\t\t<div class=\"elementor-field-type-hidden elementor-field-group elementor-column elementor-field-group-p_image elementor-col-100\">\n\t\t\t\t\t\t\t\t\t\t\t\t\t<input size=\"1\" type=\"hidden\" name=\"form_fields[p_image]\" id=\"form-field-p_image\" class=\"elementor-field elementor-size-sm  elementor-field-textual\" value=\"&lt;img src=&quot;[field id=&quot;p_image&quot;]&quot; style=&quot;max-width:200px;max-height:200px&quot;&gt;\">\n\t\t\t\t\t\t\t\t\t\t\t<\/div>\n\t\t\t\t\t\t\t\t<div class=\"elementor-field-type-hidden elementor-field-group elementor-column elementor-field-group-p_name elementor-col-100\">\n\t\t\t\t\t\t\t\t\t\t\t\t\t<input size=\"1\" type=\"hidden\" name=\"form_fields[p_name]\" id=\"form-field-p_name\" class=\"elementor-field elementor-size-sm  elementor-field-textual\" value=\"&lt;img src=&quot;[field id=&quot;p_image&quot;]&quot; style=&quot;max-width:200px;max-height:200px&quot;&gt;\">\n\t\t\t\t\t\t\t\t\t\t\t<\/div>\n\t\t\t\t\t\t\t\t<div class=\"elementor-field-type-hidden elementor-field-group elementor-column elementor-field-group-p_purity elementor-col-100\">\n\t\t\t\t\t\t\t\t\t\t\t\t\t<input size=\"1\" type=\"hidden\" name=\"form_fields[p_purity]\" id=\"form-field-p_purity\" class=\"elementor-field elementor-size-sm  elementor-field-textual\">\n\t\t\t\t\t\t\t\t\t\t\t<\/div>\n\t\t\t\t\t\t\t\t<div class=\"elementor-field-type-hidden elementor-field-group elementor-column elementor-field-group-p_dimension elementor-col-100\">\n\t\t\t\t\t\t\t\t\t\t\t\t\t<input size=\"1\" type=\"hidden\" name=\"form_fields[p_dimension]\" id=\"form-field-p_dimension\" class=\"elementor-field elementor-size-sm  elementor-field-textual\">\n\t\t\t\t\t\t\t\t\t\t\t<\/div>\n\t\t\t\t\t\t\t\t<div class=\"elementor-field-type-text elementor-field-group elementor-column elementor-field-group-name elementor-col-50 elementor-field-required elementor-mark-required\">\n\t\t\t\t\t\t\t\t\t\t\t\t<label for=\"form-field-name\" class=\"elementor-field-label\">\n\t\t\t\t\t\t\t\tName\t\t\t\t\t\t\t<\/label>\n\t\t\t\t\t\t\t\t\t\t\t\t\t\t<input size=\"1\" type=\"text\" name=\"form_fields[name]\" id=\"form-field-name\" class=\"elementor-field elementor-size-sm  elementor-field-textual\" required=\"required\">\n\t\t\t\t\t\t\t\t\t\t\t<\/div>\n\t\t\t\t\t\t\t\t<div class=\"elementor-field-type-email elementor-field-group elementor-column elementor-field-group-email elementor-col-50 elementor-field-required elementor-mark-required\">\n\t\t\t\t\t\t\t\t\t\t\t\t<label for=\"form-field-email\" class=\"elementor-field-label\">\n\t\t\t\t\t\t\t\tE-Mail\t\t\t\t\t\t\t<\/label>\n\t\t\t\t\t\t\t\t\t\t\t\t\t\t<input size=\"1\" type=\"email\" name=\"form_fields[email]\" id=\"form-field-email\" class=\"elementor-field elementor-size-sm  elementor-field-textual\" required=\"required\">\n\t\t\t\t\t\t\t\t\t\t\t<\/div>\n\t\t\t\t\t\t\t\t<div class=\"elementor-field-type-tel elementor-field-group elementor-column elementor-field-group-tel elementor-col-50\">\n\t\t\t\t\t\t\t\t\t\t\t\t<label for=\"form-field-tel\" class=\"elementor-field-label\">\n\t\t\t\t\t\t\t\tTelefon\t\t\t\t\t\t\t<\/label>\n\t\t\t\t\t\t\t\t<input size=\"1\" type=\"tel\" name=\"form_fields[tel]\" id=\"form-field-tel\" class=\"elementor-field elementor-size-sm  elementor-field-textual\" pattern=\"[0-9()#&amp;+*-=.]+\" title=\"Nur Nummern oder Telefon-Zeichen (#, -, *, etc) werden akzeptiert.\">\n\n\t\t\t\t\t\t<\/div>\n\t\t\t\t\t\t\t\t<div class=\"elementor-field-type-text elementor-field-group elementor-column elementor-field-group-country elementor-col-50\">\n\t\t\t\t\t\t\t\t\t\t\t\t<label for=\"form-field-country\" class=\"elementor-field-label\">\n\t\t\t\t\t\t\t\tLand\t\t\t\t\t\t\t<\/label>\n\t\t\t\t\t\t\t\t\t\t\t\t\t\t<input size=\"1\" type=\"text\" name=\"form_fields[country]\" id=\"form-field-country\" class=\"elementor-field elementor-size-sm  elementor-field-textual\">\n\t\t\t\t\t\t\t\t\t\t\t<\/div>\n\t\t\t\t\t\t\t\t<div class=\"elementor-field-type-text elementor-field-group elementor-column elementor-field-group-company elementor-col-100\">\n\t\t\t\t\t\t\t\t\t\t\t\t<label for=\"form-field-company\" class=\"elementor-field-label\">\n\t\t\t\t\t\t\t\tUnternehmen\t\t\t\t\t\t\t<\/label>\n\t\t\t\t\t\t\t\t\t\t\t\t\t\t<input size=\"1\" type=\"text\" name=\"form_fields[company]\" id=\"form-field-company\" class=\"elementor-field elementor-size-sm  elementor-field-textual\">\n\t\t\t\t\t\t\t\t\t\t\t<\/div>\n\t\t\t\t\t\t\t\t<div class=\"elementor-field-type-textarea elementor-field-group elementor-column elementor-field-group-message elementor-col-100 elementor-field-required elementor-mark-required\">\n\t\t\t\t\t\t\t\t\t\t\t\t<label for=\"form-field-message\" class=\"elementor-field-label\">\n\t\t\t\t\t\t\t\tNachricht\t\t\t\t\t\t\t<\/label>\n\t\t\t\t\t\t<textarea class=\"elementor-field-textual elementor-field  elementor-size-sm\" name=\"form_fields[message]\" id=\"form-field-message\" rows=\"4\" required=\"required\"><\/textarea>\t\t\t\t<\/div>\n\t\t\t\t\t\t\t\t<div class=\"elementor-field-group elementor-column elementor-field-type-submit elementor-col-100 e-form__buttons\">\n\t\t\t\t\t<button class=\"elementor-button elementor-size-sm\" type=\"submit\">\n\t\t\t\t\t\t<span class=\"elementor-button-content-wrapper\">\n\t\t\t\t\t\t\t\t\t\t\t\t\t\t\t\t\t\t\t\t\t\t<span class=\"elementor-button-text\">Einreichen<\/span>\n\t\t\t\t\t\t\t\t\t\t\t\t\t<\/span>\n\t\t\t\t\t<\/button>\n\t\t\t\t<\/div>\n\t\t\t<\/div>\n\t\t<\/form>\n\t\t\t\t\t\t<\/div>\n\t\t\t\t<\/div>\n\t\t\t\t<div class=\"elementor-element elementor-element-b44c79f elementor-widget elementor-widget-heading\" data-id=\"b44c79f\" data-element_type=\"widget\" data-e-type=\"widget\" data-widget_type=\"heading.default\">\n\t\t\t\t<div class=\"elementor-widget-container\">\n\t\t\t\t\t<h2 class=\"elementor-heading-title elementor-size-default\">Mehr Informationen<\/h2>\t\t\t\t<\/div>\n\t\t\t\t<\/div>\n\t\t\t\t<div class=\"elementor-element elementor-element-886a676 elementor-icon-list--layout-traditional elementor-list-item-link-full_width elementor-widget elementor-widget-icon-list\" data-id=\"886a676\" data-element_type=\"widget\" data-e-type=\"widget\" data-widget_type=\"icon-list.default\">\n\t\t\t\t<div class=\"elementor-widget-container\">\n\t\t\t\t\t\t\t<ul class=\"elementor-icon-list-items\">\n\t\t\t\t\t\t\t<li class=\"elementor-icon-list-item\">\n\t\t\t\t\t\t\t\t\t\t\t<a href=\"tel:+862988993870\">\n\n\t\t\t\t\t\t\t\t\t\t\t\t<span class=\"elementor-icon-list-icon\">\n\t\t\t\t\t\t\t<svg aria-hidden=\"true\" class=\"e-font-icon-svg e-fas-mobile-alt\" viewBox=\"0 0 320 512\" xmlns=\"http:\/\/www.w3.org\/2000\/svg\"><path d=\"M272 0H48C21.5 0 0 21.5 0 48v416c0 26.5 21.5 48 48 48h224c26.5 0 48-21.5 48-48V48c0-26.5-21.5-48-48-48zM160 480c-17.7 0-32-14.3-32-32s14.3-32 32-32 32 14.3 32 32-14.3 32-32 32zm112-108c0 6.6-5.4 12-12 12H60c-6.6 0-12-5.4-12-12V60c0-6.6 5.4-12 12-12h200c6.6 0 12 5.4 12 12v312z\"><\/path><\/svg>\t\t\t\t\t\t<\/span>\n\t\t\t\t\t\t\t\t\t\t<span class=\"elementor-icon-list-text\"><b>PHONE\uff1a+86-29-88993870<\/b><\/span>\n\t\t\t\t\t\t\t\t\t\t\t<\/a>\n\t\t\t\t\t\t\t\t\t<\/li>\n\t\t\t\t\t\t\t\t<li class=\"elementor-icon-list-item\">\n\t\t\t\t\t\t\t\t\t\t\t<a href=\"tel:+8618291498609\">\n\n\t\t\t\t\t\t\t\t\t\t\t\t<span class=\"elementor-icon-list-icon\">\n\t\t\t\t\t\t\t<svg aria-hidden=\"true\" class=\"e-font-icon-svg e-fab-whatsapp\" viewBox=\"0 0 448 512\" xmlns=\"http:\/\/www.w3.org\/2000\/svg\"><path d=\"M380.9 97.1C339 55.1 283.2 32 223.9 32c-122.4 0-222 99.6-222 222 0 39.1 10.2 77.3 29.6 111L0 480l117.7-30.9c32.4 17.7 68.9 27 106.1 27h.1c122.3 0 224.1-99.6 224.1-222 0-59.3-25.2-115-67.1-157zm-157 341.6c-33.2 0-65.7-8.9-94-25.7l-6.7-4-69.8 18.3L72 359.2l-4.4-7c-18.5-29.4-28.2-63.3-28.2-98.2 0-101.7 82.8-184.5 184.6-184.5 49.3 0 95.6 19.2 130.4 54.1 34.8 34.9 56.2 81.2 56.1 130.5 0 101.8-84.9 184.6-186.6 184.6zm101.2-138.2c-5.5-2.8-32.8-16.2-37.9-18-5.1-1.9-8.8-2.8-12.5 2.8-3.7 5.6-14.3 18-17.6 21.8-3.2 3.7-6.5 4.2-12 1.4-32.6-16.3-54-29.1-75.5-66-5.7-9.8 5.7-9.1 16.3-30.3 1.8-3.7.9-6.9-.5-9.7-1.4-2.8-12.5-30.1-17.1-41.2-4.5-10.8-9.1-9.3-12.5-9.5-3.2-.2-6.9-.2-10.6-.2-3.7 0-9.7 1.4-14.8 6.9-5.1 5.6-19.4 19-19.4 46.3 0 27.3 19.9 53.7 22.6 57.4 2.8 3.7 39.1 59.7 94.8 83.8 35.2 15.2 49 16.5 66.6 13.9 10.7-1.6 32.8-13.4 37.4-26.4 4.6-13 4.6-24.1 3.2-26.4-1.3-2.5-5-3.9-10.5-6.6z\"><\/path><\/svg>\t\t\t\t\t\t<\/span>\n\t\t\t\t\t\t\t\t\t\t<span class=\"elementor-icon-list-text\"><b>WHATSAPP\uff1a+8618291498609<\/b><\/span>\n\t\t\t\t\t\t\t\t\t\t\t<\/a>\n\t\t\t\t\t\t\t\t\t<\/li>\n\t\t\t\t\t\t\t\t<li class=\"elementor-icon-list-item\">\n\t\t\t\t\t\t\t\t\t\t\t<a href=\"mailto:sales@funcmater.com\">\n\n\t\t\t\t\t\t\t\t\t\t\t\t<span class=\"elementor-icon-list-icon\">\n\t\t\t\t\t\t\t<svg aria-hidden=\"true\" class=\"e-font-icon-svg e-far-envelope\" viewBox=\"0 0 512 512\" xmlns=\"http:\/\/www.w3.org\/2000\/svg\"><path d=\"M464 64H48C21.49 64 0 85.49 0 112v288c0 26.51 21.49 48 48 48h416c26.51 0 48-21.49 48-48V112c0-26.51-21.49-48-48-48zm0 48v40.805c-22.422 18.259-58.168 46.651-134.587 106.49-16.841 13.247-50.201 45.072-73.413 44.701-23.208.375-56.579-31.459-73.413-44.701C106.18 199.465 70.425 171.067 48 152.805V112h416zM48 400V214.398c22.914 18.251 55.409 43.862 104.938 82.646 21.857 17.205 60.134 55.186 103.062 54.955 42.717.231 80.509-37.199 103.053-54.947 49.528-38.783 82.032-64.401 104.947-82.653V400H48z\"><\/path><\/svg>\t\t\t\t\t\t<\/span>\n\t\t\t\t\t\t\t\t\t\t<span class=\"elementor-icon-list-text\"><b>E-MAIL\uff1asales@funcmater.com<\/b><\/span>\n\t\t\t\t\t\t\t\t\t\t\t<\/a>\n\t\t\t\t\t\t\t\t\t<\/li>\n\t\t\t\t\t\t\t\t<li class=\"elementor-icon-list-item\">\n\t\t\t\t\t\t\t\t\t\t\t<span class=\"elementor-icon-list-icon\">\n\t\t\t\t\t\t\t<svg aria-hidden=\"true\" class=\"e-font-icon-svg e-fas-map-marker-alt\" viewBox=\"0 0 384 512\" xmlns=\"http:\/\/www.w3.org\/2000\/svg\"><path d=\"M172.268 501.67C26.97 291.031 0 269.413 0 192 0 85.961 85.961 0 192 0s192 85.961 192 192c0 77.413-26.97 99.031-172.268 309.67-9.535 13.774-29.93 13.773-39.464 0zM192 272c44.183 0 80-35.817 80-80s-35.817-80-80-80-80 35.817-80 80 35.817 80 80 80z\"><\/path><\/svg>\t\t\t\t\t\t<\/span>\n\t\t\t\t\t\t\t\t\t\t<span class=\"elementor-icon-list-text\"><b>ADRESSE\uff1aA11<\/b>, 5. Stock, Geb\u00e4ude 5, Digital China Xi'an Science Park, Nr. 20 Zhangba 4th Road, High-Tech Zone, Xi'an, Shaanxi, China.  <\/span>\n\t\t\t\t\t\t\t\t\t<\/li>\n\t\t\t\t\t\t<\/ul>\n\t\t\t\t\t\t<\/div>\n\t\t\t\t<\/div>\n\t\t\t\t<\/div>\n\t\t\t\t\t<\/div>\n\t\t\t\t<\/div>\n\t\t\t\t<\/div>\n\t\t","protected":false},"excerpt":{"rendered":"<p>Service nach dem Verkauf ULPMAT legt Wert auf langfristige Partnerschaften mit seinen Kunden, und unser Engagement geht \u00fcber die Produktlieferung hinaus &#8211; wir verpflichten uns, einen zuverl\u00e4ssigen, reaktionsschnellen und professionellen Kundendienst zu bieten. Wir wissen, dass unsere Materialien f\u00fcr Ihren Prozess von entscheidender Bedeutung sind. Daher setzen wir uns daf\u00fcr ein, dass Ihre Erfahrungen stets [&hellip;]<\/p>\n","protected":false},"author":2,"featured_media":0,"parent":7172,"menu_order":0,"comment_status":"closed","ping_status":"closed","template":"","meta":{"_acf_changed":false,"footnotes":""},"class_list":["post-24929","page","type-page","status-publish","hentry"],"acf":[],"_links":{"self":[{"href":"https:\/\/ulpmat.com\/de\/wp-json\/wp\/v2\/pages\/24929","targetHints":{"allow":["GET"]}}],"collection":[{"href":"https:\/\/ulpmat.com\/de\/wp-json\/wp\/v2\/pages"}],"about":[{"href":"https:\/\/ulpmat.com\/de\/wp-json\/wp\/v2\/types\/page"}],"author":[{"embeddable":true,"href":"https:\/\/ulpmat.com\/de\/wp-json\/wp\/v2\/users\/2"}],"replies":[{"embeddable":true,"href":"https:\/\/ulpmat.com\/de\/wp-json\/wp\/v2\/comments?post=24929"}],"version-history":[{"count":2,"href":"https:\/\/ulpmat.com\/de\/wp-json\/wp\/v2\/pages\/24929\/revisions"}],"predecessor-version":[{"id":24931,"href":"https:\/\/ulpmat.com\/de\/wp-json\/wp\/v2\/pages\/24929\/revisions\/24931"}],"up":[{"embeddable":true,"href":"https:\/\/ulpmat.com\/de\/wp-json\/wp\/v2\/pages\/7172"}],"wp:attachment":[{"href":"https:\/\/ulpmat.com\/de\/wp-json\/wp\/v2\/media?parent=24929"}],"curies":[{"name":"wp","href":"https:\/\/api.w.org\/{rel}","templated":true}]}}