{"id":24860,"date":"2025-06-09T14:20:54","date_gmt":"2025-06-09T06:20:54","guid":{"rendered":"https:\/\/ulpmat.com\/anwendung\/3d-druck\/"},"modified":"2025-11-19T17:20:06","modified_gmt":"2025-11-19T09:20:06","slug":"3d-druck","status":"publish","type":"page","link":"https:\/\/ulpmat.com\/de\/anwendung\/3d-druck\/","title":{"rendered":"3D-Druck"},"content":{"rendered":"\t\t<div data-elementor-type=\"wp-page\" data-elementor-id=\"24860\" class=\"elementor elementor-24860 elementor-1069\" data-elementor-post-type=\"page\">\n\t\t\t\t<div class=\"elementor-element elementor-element-25500dc e-flex e-con-boxed e-con e-parent\" data-id=\"25500dc\" data-element_type=\"container\" data-e-type=\"container\">\n\t\t\t\t\t<div class=\"e-con-inner\">\n\t\t<div class=\"elementor-element elementor-element-459f0ca e-con-full e-flex e-con e-child\" data-id=\"459f0ca\" data-element_type=\"container\" data-e-type=\"container\" data-settings=\"{&quot;background_background&quot;:&quot;classic&quot;}\">\n\t\t\t\t<div class=\"elementor-element elementor-element-f722f52 elementor-widget elementor-widget-heading\" data-id=\"f722f52\" data-element_type=\"widget\" data-e-type=\"widget\" data-widget_type=\"heading.default\">\n\t\t\t\t<div class=\"elementor-widget-container\">\n\t\t\t\t\t<h1 class=\"elementor-heading-title elementor-size-default\">3D-Druck<\/h1>\t\t\t\t<\/div>\n\t\t\t\t<\/div>\n\t\t\t\t<div class=\"elementor-element elementor-element-96fbeaf elementor-widget elementor-widget-text-editor\" data-id=\"96fbeaf\" data-element_type=\"widget\" data-e-type=\"widget\" data-widget_type=\"text-editor.default\">\n\t\t\t\t<div class=\"elementor-widget-container\">\n\t\t\t\t\t\t\t\t\t<p>Additive Pr\u00e4zisionsfertigung<\/p>\t\t\t\t\t\t\t\t<\/div>\n\t\t\t\t<\/div>\n\t\t\t\t<\/div>\n\t\t\t\t\t<\/div>\n\t\t\t\t<\/div>\n\t\t<div class=\"elementor-element elementor-element-1b5a06f e-flex e-con-boxed e-con e-parent\" data-id=\"1b5a06f\" data-element_type=\"container\" data-e-type=\"container\">\n\t\t\t\t\t<div class=\"e-con-inner\">\n\t\t<div class=\"elementor-element elementor-element-a55b7d4 e-con-full e-flex e-con e-child\" data-id=\"a55b7d4\" data-element_type=\"container\" data-e-type=\"container\" data-settings=\"{&quot;background_background&quot;:&quot;classic&quot;}\">\n\t\t\t\t<div class=\"elementor-element elementor-element-a62f65d elementor-widget elementor-widget-heading\" data-id=\"a62f65d\" data-element_type=\"widget\" data-e-type=\"widget\" data-widget_type=\"heading.default\">\n\t\t\t\t<div class=\"elementor-widget-container\">\n\t\t\t\t\t<h2 class=\"elementor-heading-title elementor-size-default\">3D-Druck<\/h2>\t\t\t\t<\/div>\n\t\t\t\t<\/div>\n\t\t\t\t<div class=\"elementor-element elementor-element-f3681a9 elementor-widget elementor-widget-text-editor\" data-id=\"f3681a9\" data-element_type=\"widget\" data-e-type=\"widget\" data-widget_type=\"text-editor.default\">\n\t\t\t\t<div class=\"elementor-widget-container\">\n\t\t\t\t\t\t\t\t\t<p style=\"font-weight: bold; font-size: 20px; color: #0e58cf;\">Leistungsstarke sph\u00e4rische Pulver f\u00fcr die additive Fertigung<\/p><p>sph\u00e4rische Pulver f\u00fcr den 3D-Druck, auch bekannt als <strong>sph\u00e4rische Pulver f\u00fcr die additive Fertigung (SPM)<\/strong>, beziehen sich auf hochflie\u00dff\u00e4hige, hochreine Metall- oder Legierungspulver mit hervorragenden Verdichtungseigenschaften.<\/p><p>Dank ihrer kugelf\u00f6rmigen Form verteilen sich diese Pulver gleichm\u00e4\u00dfig, schmelzen gleichm\u00e4\u00dfig und formen beim Druck hochwertige Teile. Sie sind unverzichtbare Materialien f\u00fcr die Herstellung von pr\u00e4zisen und leistungsstarken 3D-gedruckten Bauteilen.<\/p><p style=\"font-weight: bold; font-size: 18px; color: #0e58cf;\">H\u00e4ufig verwendete Materialien f\u00fcr kugelf\u00f6rmige 3D-Druck-Pulver<\/p><p><strong>1. Reine Metallpulver:<\/strong> Titan (Ti), <span style=\"color: #0000ff;\"><a style=\"color: #0000ff;\" href=\"https:\/\/ulpmat.com\/de\/produkt\/aluminium-metall-7\/\">Aluminium (Al)<\/a><\/span>kupfer (Cu), Wolfram (W), Nickel (Ni)<br \/>\u2192 Ideal f\u00fcr Anwendungen, die eine hohe Reinheit oder kundenspezifische Legierungen erfordern.<\/p><p><strong>2. Hochtemperatur-Legierungen:<\/strong> Inconel 718, Inconel 625, CoCrMo<br \/>\u2192 Einsatz in der Luft- und Raumfahrt, im Energiesektor und in Hochtemperaturumgebungen.<\/p><p><strong>3. Titan und Titan-Legierungen:<\/strong> Ti6Al4V (Grad 5), Ti64ELI (Grad 23)<\/p><p><strong>4. Aluminium-Legierungen:<\/strong> AlSi10Mg, AlSi9Cu3<br \/>\u2192 Leicht und hochfest, geeignet f\u00fcr Struktur- und Raumfahrtteile.<\/p><p><strong>5. Kupfer und Kupferlegierungen:<\/strong> Reines Kupfer, CuCrZr<br \/>\u2192 Hervorragende thermische und elektrische Leitf\u00e4higkeit, verwendet f\u00fcr K\u00fchlk\u00f6rper und Elektroden.<\/p><p><strong>6. Spezialmetalle und Sonderlegierungen:<\/strong> Wolfram, Molybd\u00e4n, Tantal, Niob<br \/>\u2192 F\u00fcr extreme Umgebungen mit hoher Temperatur, Dichte und Korrosionsbest\u00e4ndigkeit.<\/p><p><img decoding=\"async\" style=\"width: 300px; margin: 20px 0;\" src=\"https:\/\/ulpmat.com\/wp-content\/uploads\/2025\/06\/Spherical-powder-1_W_1920px-300x237.webp\" alt=\"Spherical Powder for 3D Printing\" \/><\/p><p style=\"font-weight: bold; font-size: 18px; color: #0e58cf;\">Wichtigste Leistungsanforderungen<\/p><ul><li>\u2714\ufe0f Hohe Sph\u00e4rizit\u00e4t f\u00fcr gleichm\u00e4\u00dfiges Flie\u00dfen und Aufschichten des Pulvers<\/li><li>\u2714\ufe0f Enge Partikelgr\u00f6\u00dfenverteilung f\u00fcr Laser\/E-Strahl-Kompatibilit\u00e4t<\/li><li>\u2714\ufe0f Hohe Reinheit und niedriger Sauerstoffgehalt zur Reduzierung von Defekten<\/li><li>\u2714\ufe0f Hohe Sch\u00fctt- und Klopfdichte f\u00fcr eine dichte Teilebildung<\/li><li>\u2714\ufe0f Hervorragende Flie\u00dff\u00e4higkeit f\u00fcr stabiles Drucken bei hoher Geschwindigkeit<\/li><li>\u2714\ufe0f Keine Hohl-\/Satellitenpartikel f\u00fcr gleichbleibende Qualit\u00e4t und Nutzungseffizienz<\/li><\/ul><p><img decoding=\"async\" style=\"width: 300px; margin: 20px 0;\" src=\"https:\/\/ulpmat.com\/wp-content\/uploads\/2025\/06\/LLZO-Powder_W_1920px-300x300.webp\" alt=\"Spherical Powder Microstructure\" \/><\/p><p style=\"font-weight: bold; font-size: 18px; color: #0e58cf;\">Anwendungsbereiche<\/p><ul style=\"line-height: 1.8;\"><li><strong>Luft- und Raumfahrt:<\/strong> Strukturbauteile, Turbinenschaufeln und Halterungen, die geringes Gewicht und hohe Festigkeit erfordern.<\/li><li><strong>Medizinische Ger\u00e4te:<\/strong> <a href=\"https:\/\/en.wikipedia.org\/wiki\/List_of_orthopedic_implants#:~:text=An%20orthopedic%20implant%20is%20a,acts%20as%20an%20artificial%20cartilage.\" target=\"_blank\" rel=\"noopener\">Orthop\u00e4dische Implantate<\/a> und zahnmedizinische Teile aus Titanlegierungen oder Edelstahlpulvern f\u00fcr Biokompatibilit\u00e4t und Passgenauigkeit.<\/li><li><strong>Automobilbau:<\/strong> Leichte Strukturteile, W\u00e4rmetauscher und komplexe Werkzeuge zur Steigerung der Effizienz.<\/li><li><strong>Energie- und Industrieanlagen:<\/strong> Teile aus Hochtemperaturlegierungen, die in der Nukleartechnik, der \u00d6l- und Gasindustrie und der Energieerzeugung eingesetzt werden.<\/li><li><strong>Elektronik und thermische Systeme:<\/strong> Kupferpulver f\u00fcr 3D-gedruckte W\u00e4rmesenken und w\u00e4rmeleitende Komponenten.<\/li><\/ul><p style=\"font-weight: bold; font-size: 18px; color: #0e58cf;\">Warum sph\u00e4risches Pulver f\u00fcr die additive Fertigung wichtig ist<\/p><p>Da die additive Fertigung vom Prototyping zur Massenproduktion \u00fcbergeht, wirkt sich die Qualit\u00e4t des sph\u00e4rischen 3D-Druckpulvers direkt auf die Pr\u00e4zision, Festigkeit und Wiederholbarkeit der Teile aus. Stabilit\u00e4t, eine einheitliche Zusammensetzung und eine saubere Mikrostruktur sind der Schl\u00fcssel zum Erreichen konsistenter Hochleistungsergebnisse.<\/p><p style=\"font-weight: bold; font-size: 18px; color: #0e58cf;\">Entscheiden Sie sich f\u00fcr <span style=\"color: #000;\">ULPMAT<\/span>, entscheiden Sie sich f\u00fcr Verl\u00e4sslichkeit<\/p><ul style=\"line-height: 1.8;\"><li>\u2705 <strong>Hohe Reinheit und Sph\u00e4rizit\u00e4t:<\/strong> Ma\u00dfgeschneiderte Produktion f\u00fcr anspruchsvolle Anwendungen<\/li><li>\u2705 <strong>Kundenspezifische Partikelgr\u00f6\u00dfe:<\/strong> Kompatibel mit SLM-, DED-, EBM- und Binder-Jetting-Systemen<\/li><li>\u2705 <strong>Konsistente Chargenversorgung:<\/strong> Zuverl\u00e4ssige Logistik und strenge Qualit\u00e4tskontrolle f\u00fcr jede Charge<\/li><li>\u2705 <strong>Anwendungsunterst\u00fctzung:<\/strong> Kompetente technische Unterst\u00fctzung bei der Parameteroptimierung<\/li><\/ul><p>\ud83d\udce9 <a href=\"https:\/\/ulpmat.com\/de\/kontakt-us\/\"><strong>Kontaktieren Sie uns<\/strong><\/a> um Muster anzufordern oder Ihre Druckanforderungen zu besprechen. Lassen Sie uns Ihnen helfen, die n\u00e4chste Stufe der additiven Fertigung zu erreichen.<\/p>\t\t\t\t\t\t\t\t<\/div>\n\t\t\t\t<\/div>\n\t\t\t\t<\/div>\n\t\t<div class=\"elementor-element elementor-element-6aec947 e-con-full e-flex e-con e-child\" data-id=\"6aec947\" data-element_type=\"container\" data-e-type=\"container\" data-settings=\"{&quot;background_background&quot;:&quot;classic&quot;}\">\n\t\t\t\t<div class=\"elementor-element elementor-element-f291b8d elementor-widget elementor-widget-heading\" data-id=\"f291b8d\" data-element_type=\"widget\" data-e-type=\"widget\" data-widget_type=\"heading.default\">\n\t\t\t\t<div class=\"elementor-widget-container\">\n\t\t\t\t\t<h2 class=\"elementor-heading-title elementor-size-default\">Kontakt<\/h2>\t\t\t\t<\/div>\n\t\t\t\t<\/div>\n\t\t\t\t<div class=\"elementor-element elementor-element-c43c1eb elementor-button-align-stretch elementor-widget elementor-widget-global elementor-global-13316 elementor-global-130 elementor-widget-form\" data-id=\"c43c1eb\" data-element_type=\"widget\" data-e-type=\"widget\" data-settings=\"{&quot;step_next_label&quot;:&quot;N\\u00e4chste&quot;,&quot;step_previous_label&quot;:&quot;Vorherige&quot;,&quot;button_width&quot;:&quot;100&quot;,&quot;step_type&quot;:&quot;number_text&quot;,&quot;step_icon_shape&quot;:&quot;circle&quot;}\" data-widget_type=\"form.default\">\n\t\t\t\t<div class=\"elementor-widget-container\">\n\t\t\t\t\t\t\t<form class=\"elementor-form\" method=\"post\" name=\"Kontakt-Formular\" aria-label=\"Kontakt-Formular\">\n\t\t\t<input type=\"hidden\" name=\"post_id\" value=\"24860\"\/>\n\t\t\t<input type=\"hidden\" name=\"form_id\" value=\"c43c1eb\"\/>\n\t\t\t<input type=\"hidden\" name=\"referer_title\" value=\"\" \/>\n\n\t\t\t\n\t\t\t<div class=\"elementor-form-fields-wrapper elementor-labels-above\">\n\t\t\t\t\t\t\t\t<div class=\"elementor-field-type-hidden elementor-field-group elementor-column elementor-field-group-p_image elementor-col-100\">\n\t\t\t\t\t\t\t\t\t\t\t\t\t<input size=\"1\" type=\"hidden\" name=\"form_fields[p_image]\" id=\"form-field-p_image\" class=\"elementor-field elementor-size-sm  elementor-field-textual\" value=\"&lt;img src=&quot;[field id=&quot;p_image&quot;]&quot; style=&quot;max-width:200px;max-height:200px&quot;&gt;\">\n\t\t\t\t\t\t\t\t\t\t\t<\/div>\n\t\t\t\t\t\t\t\t<div class=\"elementor-field-type-hidden elementor-field-group elementor-column elementor-field-group-p_name elementor-col-100\">\n\t\t\t\t\t\t\t\t\t\t\t\t\t<input size=\"1\" type=\"hidden\" name=\"form_fields[p_name]\" id=\"form-field-p_name\" class=\"elementor-field elementor-size-sm  elementor-field-textual\" value=\"&lt;img src=&quot;[field id=&quot;p_image&quot;]&quot; style=&quot;max-width:200px;max-height:200px&quot;&gt;\">\n\t\t\t\t\t\t\t\t\t\t\t<\/div>\n\t\t\t\t\t\t\t\t<div class=\"elementor-field-type-hidden elementor-field-group elementor-column elementor-field-group-p_purity elementor-col-100\">\n\t\t\t\t\t\t\t\t\t\t\t\t\t<input size=\"1\" type=\"hidden\" name=\"form_fields[p_purity]\" id=\"form-field-p_purity\" class=\"elementor-field elementor-size-sm  elementor-field-textual\">\n\t\t\t\t\t\t\t\t\t\t\t<\/div>\n\t\t\t\t\t\t\t\t<div class=\"elementor-field-type-hidden elementor-field-group elementor-column elementor-field-group-p_dimension elementor-col-100\">\n\t\t\t\t\t\t\t\t\t\t\t\t\t<input size=\"1\" type=\"hidden\" name=\"form_fields[p_dimension]\" id=\"form-field-p_dimension\" class=\"elementor-field elementor-size-sm  elementor-field-textual\">\n\t\t\t\t\t\t\t\t\t\t\t<\/div>\n\t\t\t\t\t\t\t\t<div class=\"elementor-field-type-text elementor-field-group elementor-column elementor-field-group-name elementor-col-50 elementor-field-required elementor-mark-required\">\n\t\t\t\t\t\t\t\t\t\t\t\t<label for=\"form-field-name\" class=\"elementor-field-label\">\n\t\t\t\t\t\t\t\tName\t\t\t\t\t\t\t<\/label>\n\t\t\t\t\t\t\t\t\t\t\t\t\t\t<input size=\"1\" type=\"text\" name=\"form_fields[name]\" id=\"form-field-name\" class=\"elementor-field elementor-size-sm  elementor-field-textual\" required=\"required\">\n\t\t\t\t\t\t\t\t\t\t\t<\/div>\n\t\t\t\t\t\t\t\t<div class=\"elementor-field-type-email elementor-field-group elementor-column elementor-field-group-email elementor-col-50 elementor-field-required elementor-mark-required\">\n\t\t\t\t\t\t\t\t\t\t\t\t<label for=\"form-field-email\" class=\"elementor-field-label\">\n\t\t\t\t\t\t\t\tE-Mail\t\t\t\t\t\t\t<\/label>\n\t\t\t\t\t\t\t\t\t\t\t\t\t\t<input size=\"1\" type=\"email\" name=\"form_fields[email]\" id=\"form-field-email\" class=\"elementor-field elementor-size-sm  elementor-field-textual\" required=\"required\">\n\t\t\t\t\t\t\t\t\t\t\t<\/div>\n\t\t\t\t\t\t\t\t<div class=\"elementor-field-type-tel elementor-field-group elementor-column elementor-field-group-tel elementor-col-50\">\n\t\t\t\t\t\t\t\t\t\t\t\t<label for=\"form-field-tel\" class=\"elementor-field-label\">\n\t\t\t\t\t\t\t\tTelefon\t\t\t\t\t\t\t<\/label>\n\t\t\t\t\t\t\t\t<input size=\"1\" type=\"tel\" name=\"form_fields[tel]\" id=\"form-field-tel\" class=\"elementor-field elementor-size-sm  elementor-field-textual\" pattern=\"[0-9()#&amp;+*-=.]+\" title=\"Nur Nummern oder Telefon-Zeichen (#, -, *, etc) werden akzeptiert.\">\n\n\t\t\t\t\t\t<\/div>\n\t\t\t\t\t\t\t\t<div class=\"elementor-field-type-text elementor-field-group elementor-column elementor-field-group-country elementor-col-50\">\n\t\t\t\t\t\t\t\t\t\t\t\t<label for=\"form-field-country\" class=\"elementor-field-label\">\n\t\t\t\t\t\t\t\tLand\t\t\t\t\t\t\t<\/label>\n\t\t\t\t\t\t\t\t\t\t\t\t\t\t<input size=\"1\" type=\"text\" name=\"form_fields[country]\" id=\"form-field-country\" class=\"elementor-field elementor-size-sm  elementor-field-textual\">\n\t\t\t\t\t\t\t\t\t\t\t<\/div>\n\t\t\t\t\t\t\t\t<div class=\"elementor-field-type-text elementor-field-group elementor-column elementor-field-group-company elementor-col-100\">\n\t\t\t\t\t\t\t\t\t\t\t\t<label for=\"form-field-company\" class=\"elementor-field-label\">\n\t\t\t\t\t\t\t\tUnternehmen\t\t\t\t\t\t\t<\/label>\n\t\t\t\t\t\t\t\t\t\t\t\t\t\t<input size=\"1\" type=\"text\" name=\"form_fields[company]\" id=\"form-field-company\" class=\"elementor-field elementor-size-sm  elementor-field-textual\">\n\t\t\t\t\t\t\t\t\t\t\t<\/div>\n\t\t\t\t\t\t\t\t<div class=\"elementor-field-type-textarea elementor-field-group elementor-column elementor-field-group-message elementor-col-100 elementor-field-required elementor-mark-required\">\n\t\t\t\t\t\t\t\t\t\t\t\t<label for=\"form-field-message\" class=\"elementor-field-label\">\n\t\t\t\t\t\t\t\tNachricht\t\t\t\t\t\t\t<\/label>\n\t\t\t\t\t\t<textarea class=\"elementor-field-textual elementor-field  elementor-size-sm\" name=\"form_fields[message]\" id=\"form-field-message\" rows=\"4\" required=\"required\"><\/textarea>\t\t\t\t<\/div>\n\t\t\t\t\t\t\t\t<div class=\"elementor-field-group elementor-column elementor-field-type-submit elementor-col-100 e-form__buttons\">\n\t\t\t\t\t<button class=\"elementor-button elementor-size-sm\" type=\"submit\">\n\t\t\t\t\t\t<span class=\"elementor-button-content-wrapper\">\n\t\t\t\t\t\t\t\t\t\t\t\t\t\t\t\t\t\t\t\t\t\t<span class=\"elementor-button-text\">Einreichen<\/span>\n\t\t\t\t\t\t\t\t\t\t\t\t\t<\/span>\n\t\t\t\t\t<\/button>\n\t\t\t\t<\/div>\n\t\t\t<\/div>\n\t\t<\/form>\n\t\t\t\t\t\t<\/div>\n\t\t\t\t<\/div>\n\t\t\t\t<div class=\"elementor-element elementor-element-0ae7787 elementor-widget elementor-widget-heading\" data-id=\"0ae7787\" data-element_type=\"widget\" data-e-type=\"widget\" data-widget_type=\"heading.default\">\n\t\t\t\t<div class=\"elementor-widget-container\">\n\t\t\t\t\t<h2 class=\"elementor-heading-title elementor-size-default\">Mehr Informationen<\/h2>\t\t\t\t<\/div>\n\t\t\t\t<\/div>\n\t\t\t\t<div class=\"elementor-element elementor-element-d311fbc elementor-icon-list--layout-traditional elementor-list-item-link-full_width elementor-widget elementor-widget-icon-list\" data-id=\"d311fbc\" data-element_type=\"widget\" data-e-type=\"widget\" data-widget_type=\"icon-list.default\">\n\t\t\t\t<div class=\"elementor-widget-container\">\n\t\t\t\t\t\t\t<ul class=\"elementor-icon-list-items\">\n\t\t\t\t\t\t\t<li class=\"elementor-icon-list-item\">\n\t\t\t\t\t\t\t\t\t\t\t<a href=\"tel:+862988993870\">\n\n\t\t\t\t\t\t\t\t\t\t\t\t<span class=\"elementor-icon-list-icon\">\n\t\t\t\t\t\t\t<svg aria-hidden=\"true\" class=\"e-font-icon-svg e-fas-mobile-alt\" viewBox=\"0 0 320 512\" xmlns=\"http:\/\/www.w3.org\/2000\/svg\"><path d=\"M272 0H48C21.5 0 0 21.5 0 48v416c0 26.5 21.5 48 48 48h224c26.5 0 48-21.5 48-48V48c0-26.5-21.5-48-48-48zM160 480c-17.7 0-32-14.3-32-32s14.3-32 32-32 32 14.3 32 32-14.3 32-32 32zm112-108c0 6.6-5.4 12-12 12H60c-6.6 0-12-5.4-12-12V60c0-6.6 5.4-12 12-12h200c6.6 0 12 5.4 12 12v312z\"><\/path><\/svg>\t\t\t\t\t\t<\/span>\n\t\t\t\t\t\t\t\t\t\t<span class=\"elementor-icon-list-text\"><b>PHONE\uff1a+86-29-88993870<\/b><\/span>\n\t\t\t\t\t\t\t\t\t\t\t<\/a>\n\t\t\t\t\t\t\t\t\t<\/li>\n\t\t\t\t\t\t\t\t<li class=\"elementor-icon-list-item\">\n\t\t\t\t\t\t\t\t\t\t\t<a href=\"tel:+8618291498609\">\n\n\t\t\t\t\t\t\t\t\t\t\t\t<span class=\"elementor-icon-list-icon\">\n\t\t\t\t\t\t\t<svg aria-hidden=\"true\" class=\"e-font-icon-svg e-fab-whatsapp\" viewBox=\"0 0 448 512\" xmlns=\"http:\/\/www.w3.org\/2000\/svg\"><path d=\"M380.9 97.1C339 55.1 283.2 32 223.9 32c-122.4 0-222 99.6-222 222 0 39.1 10.2 77.3 29.6 111L0 480l117.7-30.9c32.4 17.7 68.9 27 106.1 27h.1c122.3 0 224.1-99.6 224.1-222 0-59.3-25.2-115-67.1-157zm-157 341.6c-33.2 0-65.7-8.9-94-25.7l-6.7-4-69.8 18.3L72 359.2l-4.4-7c-18.5-29.4-28.2-63.3-28.2-98.2 0-101.7 82.8-184.5 184.6-184.5 49.3 0 95.6 19.2 130.4 54.1 34.8 34.9 56.2 81.2 56.1 130.5 0 101.8-84.9 184.6-186.6 184.6zm101.2-138.2c-5.5-2.8-32.8-16.2-37.9-18-5.1-1.9-8.8-2.8-12.5 2.8-3.7 5.6-14.3 18-17.6 21.8-3.2 3.7-6.5 4.2-12 1.4-32.6-16.3-54-29.1-75.5-66-5.7-9.8 5.7-9.1 16.3-30.3 1.8-3.7.9-6.9-.5-9.7-1.4-2.8-12.5-30.1-17.1-41.2-4.5-10.8-9.1-9.3-12.5-9.5-3.2-.2-6.9-.2-10.6-.2-3.7 0-9.7 1.4-14.8 6.9-5.1 5.6-19.4 19-19.4 46.3 0 27.3 19.9 53.7 22.6 57.4 2.8 3.7 39.1 59.7 94.8 83.8 35.2 15.2 49 16.5 66.6 13.9 10.7-1.6 32.8-13.4 37.4-26.4 4.6-13 4.6-24.1 3.2-26.4-1.3-2.5-5-3.9-10.5-6.6z\"><\/path><\/svg>\t\t\t\t\t\t<\/span>\n\t\t\t\t\t\t\t\t\t\t<span class=\"elementor-icon-list-text\"><b>WHATSAPP\uff1a+8618291498609<\/b><\/span>\n\t\t\t\t\t\t\t\t\t\t\t<\/a>\n\t\t\t\t\t\t\t\t\t<\/li>\n\t\t\t\t\t\t\t\t<li class=\"elementor-icon-list-item\">\n\t\t\t\t\t\t\t\t\t\t\t<a href=\"mailto:sales@funcmater.com\">\n\n\t\t\t\t\t\t\t\t\t\t\t\t<span class=\"elementor-icon-list-icon\">\n\t\t\t\t\t\t\t<svg aria-hidden=\"true\" class=\"e-font-icon-svg e-far-envelope\" viewBox=\"0 0 512 512\" xmlns=\"http:\/\/www.w3.org\/2000\/svg\"><path d=\"M464 64H48C21.49 64 0 85.49 0 112v288c0 26.51 21.49 48 48 48h416c26.51 0 48-21.49 48-48V112c0-26.51-21.49-48-48-48zm0 48v40.805c-22.422 18.259-58.168 46.651-134.587 106.49-16.841 13.247-50.201 45.072-73.413 44.701-23.208.375-56.579-31.459-73.413-44.701C106.18 199.465 70.425 171.067 48 152.805V112h416zM48 400V214.398c22.914 18.251 55.409 43.862 104.938 82.646 21.857 17.205 60.134 55.186 103.062 54.955 42.717.231 80.509-37.199 103.053-54.947 49.528-38.783 82.032-64.401 104.947-82.653V400H48z\"><\/path><\/svg>\t\t\t\t\t\t<\/span>\n\t\t\t\t\t\t\t\t\t\t<span class=\"elementor-icon-list-text\"><b>E-MAIL\uff1asales@funcmater.com<\/b><\/span>\n\t\t\t\t\t\t\t\t\t\t\t<\/a>\n\t\t\t\t\t\t\t\t\t<\/li>\n\t\t\t\t\t\t\t\t<li class=\"elementor-icon-list-item\">\n\t\t\t\t\t\t\t\t\t\t\t<span class=\"elementor-icon-list-icon\">\n\t\t\t\t\t\t\t<svg aria-hidden=\"true\" class=\"e-font-icon-svg e-fas-map-marker-alt\" viewBox=\"0 0 384 512\" xmlns=\"http:\/\/www.w3.org\/2000\/svg\"><path d=\"M172.268 501.67C26.97 291.031 0 269.413 0 192 0 85.961 85.961 0 192 0s192 85.961 192 192c0 77.413-26.97 99.031-172.268 309.67-9.535 13.774-29.93 13.773-39.464 0zM192 272c44.183 0 80-35.817 80-80s-35.817-80-80-80-80 35.817-80 80 35.817 80 80 80z\"><\/path><\/svg>\t\t\t\t\t\t<\/span>\n\t\t\t\t\t\t\t\t\t\t<span class=\"elementor-icon-list-text\"><b>ADRESSE\uff1aA11<\/b>, 5. Stock, Geb\u00e4ude 5, Digital China Xi'an Science Park, Nr. 20 Zhangba 4th Road, High-Tech Zone, Xi'an, Shaanxi, China.  <\/span>\n\t\t\t\t\t\t\t\t\t<\/li>\n\t\t\t\t\t\t<\/ul>\n\t\t\t\t\t\t<\/div>\n\t\t\t\t<\/div>\n\t\t\t\t<\/div>\n\t\t\t\t\t<\/div>\n\t\t\t\t<\/div>\n\t\t\t\t<\/div>\n\t\t","protected":false},"excerpt":{"rendered":"<p>3D-Druck Additive Pr\u00e4zisionsfertigung 3D-Druck Leistungsstarke sph\u00e4rische Pulver f\u00fcr die additive Fertigung sph\u00e4rische Pulver f\u00fcr den 3D-Druck, auch bekannt als sph\u00e4rische Pulver f\u00fcr die additive Fertigung (SPM), beziehen sich auf hochflie\u00dff\u00e4hige, hochreine Metall- oder Legierungspulver mit hervorragenden Verdichtungseigenschaften. Dank ihrer kugelf\u00f6rmigen Form verteilen sich diese Pulver gleichm\u00e4\u00dfig, schmelzen gleichm\u00e4\u00dfig und formen beim Druck hochwertige Teile. Sie [&hellip;]<\/p>\n","protected":false},"author":2,"featured_media":0,"parent":7105,"menu_order":0,"comment_status":"closed","ping_status":"closed","template":"","meta":{"_acf_changed":false,"footnotes":""},"class_list":["post-24860","page","type-page","status-publish","hentry"],"acf":[],"_links":{"self":[{"href":"https:\/\/ulpmat.com\/de\/wp-json\/wp\/v2\/pages\/24860","targetHints":{"allow":["GET"]}}],"collection":[{"href":"https:\/\/ulpmat.com\/de\/wp-json\/wp\/v2\/pages"}],"about":[{"href":"https:\/\/ulpmat.com\/de\/wp-json\/wp\/v2\/types\/page"}],"author":[{"embeddable":true,"href":"https:\/\/ulpmat.com\/de\/wp-json\/wp\/v2\/users\/2"}],"replies":[{"embeddable":true,"href":"https:\/\/ulpmat.com\/de\/wp-json\/wp\/v2\/comments?post=24860"}],"version-history":[{"count":2,"href":"https:\/\/ulpmat.com\/de\/wp-json\/wp\/v2\/pages\/24860\/revisions"}],"predecessor-version":[{"id":24862,"href":"https:\/\/ulpmat.com\/de\/wp-json\/wp\/v2\/pages\/24860\/revisions\/24862"}],"up":[{"embeddable":true,"href":"https:\/\/ulpmat.com\/de\/wp-json\/wp\/v2\/pages\/7105"}],"wp:attachment":[{"href":"https:\/\/ulpmat.com\/de\/wp-json\/wp\/v2\/media?parent=24860"}],"curies":[{"name":"wp","href":"https:\/\/api.w.org\/{rel}","templated":true}]}}